{"id":121,"date":"2017-02-01T20:14:12","date_gmt":"2017-02-01T20:14:12","guid":{"rendered":"http:\/\/chitosanlab.com\/chitosan-fongique\/?page_id=121"},"modified":"2017-09-14T09:49:55","modified_gmt":"2017-09-14T09:49:55","slug":"pectinase","status":"publish","type":"page","link":"https:\/\/chitosanlab.com\/chitosan-fongique\/pectinase\/","title":{"rendered":"Pectinase"},"content":{"rendered":"<p>Les pectinases sont des enzymes dites pectolytiques qui participent \u00e0 l&rsquo;hydrolyse des pectines. Elles sont produites par fermentation de souches s\u00e9lectionn\u00e9es d&rsquo;Aspergillus niger. La pectinase est un terme g\u00e9n\u00e9rique pour d\u00e9signer une combinaison d&rsquo;enzymes comprenant notamment la polygalacturonase.<\/p>\n<h5>R\u00f4le des enzymes en oenologie<\/h5>\n<ul>\n<li>Lors du pressurage : Facilite l&rsquo;extraction du jus et des\u00a0pr\u00e9curseurs aromatiques. L&rsquo;am\u00e9lioration du taux d&rsquo;extraction est de l&rsquo;ordre de 5 \u00e0 10%.<\/li>\n<\/ul>\n<ul>\n<li>Lors du d\u00e9bourbage : acc\u00e9l\u00e8re la clarification des mo\u00fbts.\u00a0Avec\u00a0l\u2019emploi d\u2019enzymes, la cin\u00e9tique de clarification est am\u00e9lior\u00e9e.<\/li>\n<\/ul>\n<ul>\n<li>Extraction des compos\u00e9s ph\u00e9noliques : L&rsquo;utilisation d&rsquo;enzyme donnerait des\u00a0vins plus fruit\u00e9s et des couleurs plus stables.<\/li>\n<\/ul>\n<p>&nbsp;<\/p>\n<h5>R\u00f4le des enzymes dans l&rsquo;extraction des jus de fruits ou de l\u00e9gumes<\/h5>\n<ul>\n<li>elles sont utilis\u00e9es pour clarifier les jus et diminuer le temps de filtration. Le traitement des pulpes de fruits avec des pectinases permet \u00e9galement d&rsquo;extraire plus de jus (bananes, raisins, pommes&#8230;).<\/li>\n<\/ul>\n<div class=\"shortcode1-3\"><div class=\"gdl-price-item\"><div class='clear'><\/div><\/div>\n<\/div>\n","protected":false},"excerpt":{"rendered":"<p>Les pectinases sont des enzymes dites pectolytiques qui participent \u00e0 l&rsquo;hydrolyse des pectines. Elles sont produites par fermentation de souches s\u00e9lectionn\u00e9es d&rsquo;Aspergillus niger. La pectinase est un terme g\u00e9n\u00e9rique pour d\u00e9signer une combinaison d&rsquo;enzymes comprenant notamment la polygalacturonase. R\u00f4le des enzymes en oenologie Lors du pressurage : Facilite l&rsquo;extraction du jus et des\u00a0pr\u00e9curseurs aromatiques. L&rsquo;am\u00e9lioration du taux d&rsquo;extraction est de l&rsquo;ordre de 5 \u00e0 10%. Lors du d\u00e9bourbage : acc\u00e9l\u00e8re la clarification des mo\u00fbts.\u00a0Avec\u00a0l\u2019emploi d\u2019enzymes, la cin\u00e9tique de clarification est am\u00e9lior\u00e9e. Extraction des compos\u00e9s ph\u00e9noliques : L&rsquo;utilisation d&rsquo;enzyme donnerait des\u00a0vins plus fruit\u00e9s et des couleurs plus stables. &nbsp; R\u00f4le des enzymes dans l&rsquo;extraction des jus de fruits ou de l\u00e9gumes elles sont utilis\u00e9es pour clarifier les jus et diminuer le temps de filtration. Le traitement des pulpes de fruits avec des pectinases permet \u00e9galement d&rsquo;extraire plus de jus (bananes, raisins, pommes&#8230;).<\/p>\n","protected":false},"author":2,"featured_media":0,"parent":0,"menu_order":0,"comment_status":"closed","ping_status":"closed","template":"","meta":{"footnotes":""},"class_list":["post-121","page","type-page","status-publish","hentry"],"yoast_head":"<!-- This site is optimized with the Yoast SEO plugin v25.6 - https:\/\/yoast.com\/wordpress\/plugins\/seo\/ -->\n<title>Pectinases<\/title>\n<meta name=\"description\" content=\"Enzymes pectolytiques pour faciliter l&#039;extraction et la clarification des jus. L\u2019ajout d\u2019enzymes est r\u00e9alis\u00e9 au moment du pressurage.\" \/>\n<meta name=\"robots\" content=\"index, follow, max-snippet:-1, max-image-preview:large, max-video-preview:-1\" \/>\n<link rel=\"canonical\" href=\"https:\/\/chitosanlab.com\/chitosan-fongique\/pectinase\/\" \/>\n<meta property=\"og:locale\" content=\"fr_FR\" \/>\n<meta property=\"og:type\" content=\"article\" \/>\n<meta property=\"og:title\" content=\"Pectinases\" \/>\n<meta property=\"og:description\" content=\"Enzymes pectolytiques pour faciliter l&#039;extraction et la clarification des jus. L\u2019ajout d\u2019enzymes est r\u00e9alis\u00e9 au moment du pressurage.\" \/>\n<meta property=\"og:url\" content=\"https:\/\/chitosanlab.com\/chitosan-fongique\/pectinase\/\" \/>\n<meta property=\"article:modified_time\" content=\"2017-09-14T09:49:55+00:00\" \/>\n<meta name=\"twitter:card\" content=\"summary_large_image\" \/>\n<meta name=\"twitter:label1\" content=\"Dur\u00e9e de lecture estim\u00e9e\" \/>\n\t<meta name=\"twitter:data1\" content=\"1 minute\" \/>\n<script type=\"application\/ld+json\" class=\"yoast-schema-graph\">{\"@context\":\"https:\/\/schema.org\",\"@graph\":[{\"@type\":\"WebPage\",\"@id\":\"https:\/\/chitosanlab.com\/chitosan-fongique\/pectinase\/\",\"url\":\"https:\/\/chitosanlab.com\/chitosan-fongique\/pectinase\/\",\"name\":\"Pectinases\",\"isPartOf\":{\"@id\":\"https:\/\/chitosanlab.com\/chitosan-fongique\/#website\"},\"datePublished\":\"2017-02-01T20:14:12+00:00\",\"dateModified\":\"2017-09-14T09:49:55+00:00\",\"description\":\"Enzymes pectolytiques pour faciliter l'extraction et la clarification des jus. L\u2019ajout d\u2019enzymes est r\u00e9alis\u00e9 au moment du pressurage.\",\"breadcrumb\":{\"@id\":\"https:\/\/chitosanlab.com\/chitosan-fongique\/pectinase\/#breadcrumb\"},\"inLanguage\":\"fr-FR\",\"potentialAction\":[{\"@type\":\"ReadAction\",\"target\":[\"https:\/\/chitosanlab.com\/chitosan-fongique\/pectinase\/\"]}]},{\"@type\":\"BreadcrumbList\",\"@id\":\"https:\/\/chitosanlab.com\/chitosan-fongique\/pectinase\/#breadcrumb\",\"itemListElement\":[{\"@type\":\"ListItem\",\"position\":1,\"name\":\"Home\",\"item\":\"https:\/\/chitosanlab.com\/chitosan-fongique\/\"},{\"@type\":\"ListItem\",\"position\":2,\"name\":\"Pectinase\"}]},{\"@type\":\"WebSite\",\"@id\":\"https:\/\/chitosanlab.com\/chitosan-fongique\/#website\",\"url\":\"https:\/\/chitosanlab.com\/chitosan-fongique\/\",\"name\":\"\",\"description\":\"chitosan fongique contre les Brettanomyces\",\"potentialAction\":[{\"@type\":\"SearchAction\",\"target\":{\"@type\":\"EntryPoint\",\"urlTemplate\":\"https:\/\/chitosanlab.com\/chitosan-fongique\/?s={search_term_string}\"},\"query-input\":{\"@type\":\"PropertyValueSpecification\",\"valueRequired\":true,\"valueName\":\"search_term_string\"}}],\"inLanguage\":\"fr-FR\"}]}<\/script>\n<!-- \/ Yoast SEO plugin. -->","yoast_head_json":{"title":"Pectinases","description":"Enzymes pectolytiques pour faciliter l'extraction et la clarification des jus. L\u2019ajout d\u2019enzymes est r\u00e9alis\u00e9 au moment du pressurage.","robots":{"index":"index","follow":"follow","max-snippet":"max-snippet:-1","max-image-preview":"max-image-preview:large","max-video-preview":"max-video-preview:-1"},"canonical":"https:\/\/chitosanlab.com\/chitosan-fongique\/pectinase\/","og_locale":"fr_FR","og_type":"article","og_title":"Pectinases","og_description":"Enzymes pectolytiques pour faciliter l'extraction et la clarification des jus. L\u2019ajout d\u2019enzymes est r\u00e9alis\u00e9 au moment du pressurage.","og_url":"https:\/\/chitosanlab.com\/chitosan-fongique\/pectinase\/","article_modified_time":"2017-09-14T09:49:55+00:00","twitter_card":"summary_large_image","twitter_misc":{"Dur\u00e9e de lecture estim\u00e9e":"1 minute"},"schema":{"@context":"https:\/\/schema.org","@graph":[{"@type":"WebPage","@id":"https:\/\/chitosanlab.com\/chitosan-fongique\/pectinase\/","url":"https:\/\/chitosanlab.com\/chitosan-fongique\/pectinase\/","name":"Pectinases","isPartOf":{"@id":"https:\/\/chitosanlab.com\/chitosan-fongique\/#website"},"datePublished":"2017-02-01T20:14:12+00:00","dateModified":"2017-09-14T09:49:55+00:00","description":"Enzymes pectolytiques pour faciliter l'extraction et la clarification des jus. L\u2019ajout d\u2019enzymes est r\u00e9alis\u00e9 au moment du pressurage.","breadcrumb":{"@id":"https:\/\/chitosanlab.com\/chitosan-fongique\/pectinase\/#breadcrumb"},"inLanguage":"fr-FR","potentialAction":[{"@type":"ReadAction","target":["https:\/\/chitosanlab.com\/chitosan-fongique\/pectinase\/"]}]},{"@type":"BreadcrumbList","@id":"https:\/\/chitosanlab.com\/chitosan-fongique\/pectinase\/#breadcrumb","itemListElement":[{"@type":"ListItem","position":1,"name":"Home","item":"https:\/\/chitosanlab.com\/chitosan-fongique\/"},{"@type":"ListItem","position":2,"name":"Pectinase"}]},{"@type":"WebSite","@id":"https:\/\/chitosanlab.com\/chitosan-fongique\/#website","url":"https:\/\/chitosanlab.com\/chitosan-fongique\/","name":"","description":"chitosan fongique contre les Brettanomyces","potentialAction":[{"@type":"SearchAction","target":{"@type":"EntryPoint","urlTemplate":"https:\/\/chitosanlab.com\/chitosan-fongique\/?s={search_term_string}"},"query-input":{"@type":"PropertyValueSpecification","valueRequired":true,"valueName":"search_term_string"}}],"inLanguage":"fr-FR"}]}},"_links":{"self":[{"href":"https:\/\/chitosanlab.com\/chitosan-fongique\/wp-json\/wp\/v2\/pages\/121"}],"collection":[{"href":"https:\/\/chitosanlab.com\/chitosan-fongique\/wp-json\/wp\/v2\/pages"}],"about":[{"href":"https:\/\/chitosanlab.com\/chitosan-fongique\/wp-json\/wp\/v2\/types\/page"}],"author":[{"embeddable":true,"href":"https:\/\/chitosanlab.com\/chitosan-fongique\/wp-json\/wp\/v2\/users\/2"}],"replies":[{"embeddable":true,"href":"https:\/\/chitosanlab.com\/chitosan-fongique\/wp-json\/wp\/v2\/comments?post=121"}],"version-history":[{"count":23,"href":"https:\/\/chitosanlab.com\/chitosan-fongique\/wp-json\/wp\/v2\/pages\/121\/revisions"}],"predecessor-version":[{"id":271,"href":"https:\/\/chitosanlab.com\/chitosan-fongique\/wp-json\/wp\/v2\/pages\/121\/revisions\/271"}],"wp:attachment":[{"href":"https:\/\/chitosanlab.com\/chitosan-fongique\/wp-json\/wp\/v2\/media?parent=121"}],"curies":[{"name":"wp","href":"https:\/\/api.w.org\/{rel}","templated":true}]}}