{"id":14,"date":"2017-01-19T16:03:39","date_gmt":"2017-01-19T16:03:39","guid":{"rendered":"http:\/\/chitosanlab.com\/chitosan-fongique\/?page_id=14"},"modified":"2017-09-14T09:50:51","modified_gmt":"2017-09-14T09:50:51","slug":"chitosan-aspergillus-niger-hydrosoluble","status":"publish","type":"page","link":"https:\/\/chitosanlab.com\/chitosan-fongique\/chitosan-aspergillus-niger-hydrosoluble\/","title":{"rendered":"Chlorhydrate de chitosane Aspergillus niger"},"content":{"rendered":"<p>Chlorhydrate de chitosane extrait du champignon Aspergillus niger. Soluble dans l&rsquo;eau<\/p>\n<div class=\"shortcode1-3\"><div class=\"gdl-price-item\"><div class='clear'><\/div><\/div>\n<\/div>\n","protected":false},"excerpt":{"rendered":"<p>Chlorhydrate de chitosane extrait du champignon Aspergillus niger. Soluble dans l&rsquo;eau<\/p>\n","protected":false},"author":2,"featured_media":0,"parent":0,"menu_order":0,"comment_status":"closed","ping_status":"closed","template":"","meta":{"footnotes":""},"class_list":["post-14","page","type-page","status-publish","hentry"],"yoast_head":"<!-- This site is optimized with the Yoast SEO plugin v27.4 - https:\/\/yoast.com\/product\/yoast-seo-wordpress\/ -->\n<title>chitosane oenologique<\/title>\n<meta name=\"description\" content=\"Chitosane de champignon. Source d&#039;origine totalement vegan, id\u00e9ale pour vos suppl\u00e9ments alimentaires. Grossiste europ\u00e9en.\" \/>\n<meta name=\"robots\" content=\"index, follow, max-snippet:-1, max-image-preview:large, max-video-preview:-1\" \/>\n<link rel=\"canonical\" href=\"https:\/\/chitosanlab.com\/chitosan-fongique\/chitosan-aspergillus-niger-hydrosoluble\/\" \/>\n<meta property=\"og:locale\" content=\"fr_FR\" \/>\n<meta property=\"og:type\" content=\"article\" \/>\n<meta property=\"og:title\" content=\"chitosane oenologique\" \/>\n<meta property=\"og:description\" content=\"Chitosane de champignon. Source d&#039;origine totalement vegan, id\u00e9ale pour vos suppl\u00e9ments alimentaires. Grossiste europ\u00e9en.\" \/>\n<meta property=\"og:url\" content=\"https:\/\/chitosanlab.com\/chitosan-fongique\/chitosan-aspergillus-niger-hydrosoluble\/\" \/>\n<meta property=\"article:modified_time\" content=\"2017-09-14T09:50:51+00:00\" \/>\n<meta name=\"twitter:card\" content=\"summary_large_image\" \/>\n<script type=\"application\/ld+json\" class=\"yoast-schema-graph\">{\"@context\":\"https:\\\/\\\/schema.org\",\"@graph\":[{\"@type\":\"WebPage\",\"@id\":\"https:\\\/\\\/chitosanlab.com\\\/chitosan-fongique\\\/chitosan-aspergillus-niger-hydrosoluble\\\/\",\"url\":\"https:\\\/\\\/chitosanlab.com\\\/chitosan-fongique\\\/chitosan-aspergillus-niger-hydrosoluble\\\/\",\"name\":\"chitosane oenologique\",\"isPartOf\":{\"@id\":\"https:\\\/\\\/chitosanlab.com\\\/chitosan-fongique\\\/#website\"},\"datePublished\":\"2017-01-19T16:03:39+00:00\",\"dateModified\":\"2017-09-14T09:50:51+00:00\",\"description\":\"Chitosane de champignon. Source d'origine totalement vegan, id\u00e9ale pour vos suppl\u00e9ments alimentaires. Grossiste europ\u00e9en.\",\"breadcrumb\":{\"@id\":\"https:\\\/\\\/chitosanlab.com\\\/chitosan-fongique\\\/chitosan-aspergillus-niger-hydrosoluble\\\/#breadcrumb\"},\"inLanguage\":\"fr-FR\",\"potentialAction\":[{\"@type\":\"ReadAction\",\"target\":[\"https:\\\/\\\/chitosanlab.com\\\/chitosan-fongique\\\/chitosan-aspergillus-niger-hydrosoluble\\\/\"]}]},{\"@type\":\"BreadcrumbList\",\"@id\":\"https:\\\/\\\/chitosanlab.com\\\/chitosan-fongique\\\/chitosan-aspergillus-niger-hydrosoluble\\\/#breadcrumb\",\"itemListElement\":[{\"@type\":\"ListItem\",\"position\":1,\"name\":\"Home\",\"item\":\"https:\\\/\\\/chitosanlab.com\\\/chitosan-fongique\\\/\"},{\"@type\":\"ListItem\",\"position\":2,\"name\":\"Chlorhydrate de chitosane Aspergillus niger\"}]},{\"@type\":\"WebSite\",\"@id\":\"https:\\\/\\\/chitosanlab.com\\\/chitosan-fongique\\\/#website\",\"url\":\"https:\\\/\\\/chitosanlab.com\\\/chitosan-fongique\\\/\",\"name\":\"\",\"description\":\"chitosan fongique contre les Brettanomyces\",\"potentialAction\":[{\"@type\":\"SearchAction\",\"target\":{\"@type\":\"EntryPoint\",\"urlTemplate\":\"https:\\\/\\\/chitosanlab.com\\\/chitosan-fongique\\\/?s={search_term_string}\"},\"query-input\":{\"@type\":\"PropertyValueSpecification\",\"valueRequired\":true,\"valueName\":\"search_term_string\"}}],\"inLanguage\":\"fr-FR\"}]}<\/script>\n<!-- \/ Yoast SEO plugin. -->","yoast_head_json":{"title":"chitosane oenologique","description":"Chitosane de champignon. Source d'origine totalement vegan, id\u00e9ale pour vos suppl\u00e9ments alimentaires. Grossiste europ\u00e9en.","robots":{"index":"index","follow":"follow","max-snippet":"max-snippet:-1","max-image-preview":"max-image-preview:large","max-video-preview":"max-video-preview:-1"},"canonical":"https:\/\/chitosanlab.com\/chitosan-fongique\/chitosan-aspergillus-niger-hydrosoluble\/","og_locale":"fr_FR","og_type":"article","og_title":"chitosane oenologique","og_description":"Chitosane de champignon. Source d'origine totalement vegan, id\u00e9ale pour vos suppl\u00e9ments alimentaires. Grossiste europ\u00e9en.","og_url":"https:\/\/chitosanlab.com\/chitosan-fongique\/chitosan-aspergillus-niger-hydrosoluble\/","article_modified_time":"2017-09-14T09:50:51+00:00","twitter_card":"summary_large_image","schema":{"@context":"https:\/\/schema.org","@graph":[{"@type":"WebPage","@id":"https:\/\/chitosanlab.com\/chitosan-fongique\/chitosan-aspergillus-niger-hydrosoluble\/","url":"https:\/\/chitosanlab.com\/chitosan-fongique\/chitosan-aspergillus-niger-hydrosoluble\/","name":"chitosane oenologique","isPartOf":{"@id":"https:\/\/chitosanlab.com\/chitosan-fongique\/#website"},"datePublished":"2017-01-19T16:03:39+00:00","dateModified":"2017-09-14T09:50:51+00:00","description":"Chitosane de champignon. Source d'origine totalement vegan, id\u00e9ale pour vos suppl\u00e9ments alimentaires. Grossiste europ\u00e9en.","breadcrumb":{"@id":"https:\/\/chitosanlab.com\/chitosan-fongique\/chitosan-aspergillus-niger-hydrosoluble\/#breadcrumb"},"inLanguage":"fr-FR","potentialAction":[{"@type":"ReadAction","target":["https:\/\/chitosanlab.com\/chitosan-fongique\/chitosan-aspergillus-niger-hydrosoluble\/"]}]},{"@type":"BreadcrumbList","@id":"https:\/\/chitosanlab.com\/chitosan-fongique\/chitosan-aspergillus-niger-hydrosoluble\/#breadcrumb","itemListElement":[{"@type":"ListItem","position":1,"name":"Home","item":"https:\/\/chitosanlab.com\/chitosan-fongique\/"},{"@type":"ListItem","position":2,"name":"Chlorhydrate de chitosane Aspergillus niger"}]},{"@type":"WebSite","@id":"https:\/\/chitosanlab.com\/chitosan-fongique\/#website","url":"https:\/\/chitosanlab.com\/chitosan-fongique\/","name":"","description":"chitosan fongique contre les Brettanomyces","potentialAction":[{"@type":"SearchAction","target":{"@type":"EntryPoint","urlTemplate":"https:\/\/chitosanlab.com\/chitosan-fongique\/?s={search_term_string}"},"query-input":{"@type":"PropertyValueSpecification","valueRequired":true,"valueName":"search_term_string"}}],"inLanguage":"fr-FR"}]}},"_links":{"self":[{"href":"https:\/\/chitosanlab.com\/chitosan-fongique\/wp-json\/wp\/v2\/pages\/14","targetHints":{"allow":["GET"]}}],"collection":[{"href":"https:\/\/chitosanlab.com\/chitosan-fongique\/wp-json\/wp\/v2\/pages"}],"about":[{"href":"https:\/\/chitosanlab.com\/chitosan-fongique\/wp-json\/wp\/v2\/types\/page"}],"author":[{"embeddable":true,"href":"https:\/\/chitosanlab.com\/chitosan-fongique\/wp-json\/wp\/v2\/users\/2"}],"replies":[{"embeddable":true,"href":"https:\/\/chitosanlab.com\/chitosan-fongique\/wp-json\/wp\/v2\/comments?post=14"}],"version-history":[{"count":4,"href":"https:\/\/chitosanlab.com\/chitosan-fongique\/wp-json\/wp\/v2\/pages\/14\/revisions"}],"predecessor-version":[{"id":209,"href":"https:\/\/chitosanlab.com\/chitosan-fongique\/wp-json\/wp\/v2\/pages\/14\/revisions\/209"}],"wp:attachment":[{"href":"https:\/\/chitosanlab.com\/chitosan-fongique\/wp-json\/wp\/v2\/media?parent=14"}],"curies":[{"name":"wp","href":"https:\/\/api.w.org\/{rel}","templated":true}]}}