{"id":154,"date":"2017-02-12T15:06:27","date_gmt":"2017-02-12T15:06:27","guid":{"rendered":"http:\/\/chitosanlab.com\/chitosan-fongique\/?page_id=154"},"modified":"2017-09-14T09:50:19","modified_gmt":"2017-09-14T09:50:19","slug":"genipine","status":"publish","type":"page","link":"https:\/\/chitosanlab.com\/chitosan-fongique\/genipine\/","title":{"rendered":"G\u00e9nipine"},"content":{"rendered":"<p>La g\u00e9nipine est un d\u00e9riv\u00e9 de g\u00e9niposide\u00a0pr\u00e9sent dans le fruit du Gardenia. C&rsquo;est un excellent agent de r\u00e9ticulation du chitosan.<\/p>\n<h5>La g\u00e9nipine : agent r\u00e9ticulant\u00a0\u00e9cologique<\/h5>\n<p>Le chitosan est le plus souvet r\u00e9ticul\u00e9 par liaisons covalentes en pr\u00e9sence d&rsquo;ald\u00e9hydes tels que le formol, glyoxal et le glutarald\u00e9hyde. Le probl\u00e8me de ces produits est qu&rsquo;ils sont toxiques et polluants.\u00a0La g\u00e9nipine s&rsquo;affiche comme une alternative naturelle et biod\u00e9gradable aux agents de r\u00e9ticulation synth\u00e9tiques. Sa non toxicit\u00e9 et sa bonne biocompatibilit\u00e9 permettent de nombreuses applications dans le domaine biom\u00e9dical et alimentaire.<\/p>\n<h5>Fonctionnement<\/h5>\n<p>Elle r\u00e9agit spontan\u00e9ment avec le chitosan pour former des amines h\u00e9t\u00e9rocycliques. La r\u00e9ticulation covalente qui survient entre la g\u00e9nipine et le chitosan augmente fortement les propri\u00e9t\u00e9s m\u00e9caniques des films de chitosan. La g\u00e9nipine agit comme un diald\u00e9hyde et ses produits de condensation sont beaucoup plus stables par rapport au glutarald\u00e9hyde. Il est \u00e0 noter que le d\u00e9gr\u00e9 de r\u00e9ticulation du chitosan par la g\u00e9nipine est d\u00e9pendant du pH.<\/p>\n<h5>Exemples d&rsquo;utilisations<\/h5>\n<div class=\"shortcode-list shortcode-list-bullet\">\r\n<ul>\r\n \t<li>Le <a href=\"http:\/\/pubs.rsc.org\/en\/content\/articlelanding\/2016\/gc\/c6gc01621a#!divAbstract\">Film chitosan-g\u00e9nipine<\/a> con\u00e7u pour la conservation des vins est un rempla\u00e7ant id\u00e9al du dioxyde de soufre. Il agit comme un antioxydant et un antiseptique limitant la prolif\u00e9ration des micro-organismes.<\/li>\r\n \t<li>Le film <a href=\"https:\/\/www.ncbi.nlm.nih.gov\/pubmed\/23044128\">chitosan acide caf\u00e9ique - g\u00e9nipine<\/a>\u00a0poss\u00e8de des capacit\u00e9s antioxydante sup\u00e9rieures et une meilleure stabilit\u00e9 en milieu acide.<\/li>\r\n<\/ul>\r\n<\/div>\n<p>&nbsp;<\/p>\n<div class=\"shortcode1-3\"><div class=\"gdl-price-item\"><div class='clear'><\/div><\/div>\n<\/div>\n","protected":false},"excerpt":{"rendered":"<p>La g\u00e9nipine est un d\u00e9riv\u00e9 de g\u00e9niposide\u00a0pr\u00e9sent dans le fruit du Gardenia. C&rsquo;est un excellent agent de r\u00e9ticulation du chitosan. La g\u00e9nipine : agent r\u00e9ticulant\u00a0\u00e9cologique Le chitosan est le plus souvet r\u00e9ticul\u00e9 par liaisons covalentes en pr\u00e9sence d&rsquo;ald\u00e9hydes tels que le formol, glyoxal et le glutarald\u00e9hyde. Le probl\u00e8me de ces produits est qu&rsquo;ils sont toxiques et polluants.\u00a0La g\u00e9nipine s&rsquo;affiche comme une alternative naturelle et biod\u00e9gradable aux agents de r\u00e9ticulation synth\u00e9tiques. Sa non toxicit\u00e9 et sa bonne biocompatibilit\u00e9 permettent de nombreuses applications dans le domaine biom\u00e9dical et alimentaire. Fonctionnement Elle r\u00e9agit spontan\u00e9ment avec le chitosan pour former des amines h\u00e9t\u00e9rocycliques. La r\u00e9ticulation covalente qui survient entre la g\u00e9nipine et le chitosan augmente fortement les propri\u00e9t\u00e9s m\u00e9caniques des films de chitosan. La g\u00e9nipine agit comme un diald\u00e9hyde et ses produits de condensation sont beaucoup plus stables par rapport au glutarald\u00e9hyde. Il est \u00e0 noter que le d\u00e9gr\u00e9 de r\u00e9ticulation du chitosan par la g\u00e9nipine est d\u00e9pendant du pH. Exemples d&rsquo;utilisations &nbsp;<\/p>\n","protected":false},"author":2,"featured_media":0,"parent":0,"menu_order":0,"comment_status":"closed","ping_status":"closed","template":"","meta":{"footnotes":""},"class_list":["post-154","page","type-page","status-publish","hentry"],"yoast_head":"<!-- This site is optimized with the Yoast SEO plugin v27.4 - https:\/\/yoast.com\/product\/yoast-seo-wordpress\/ -->\n<title>genipine agent de reticulation du chitosane<\/title>\n<meta name=\"robots\" content=\"index, follow, max-snippet:-1, max-image-preview:large, max-video-preview:-1\" \/>\n<link rel=\"canonical\" href=\"https:\/\/chitosanlab.com\/chitosan-fongique\/genipine\/\" \/>\n<meta property=\"og:locale\" content=\"fr_FR\" \/>\n<meta property=\"og:type\" content=\"article\" \/>\n<meta property=\"og:title\" content=\"genipine agent de reticulation du chitosane\" \/>\n<meta property=\"og:description\" content=\"La g\u00e9nipine est un d\u00e9riv\u00e9 de g\u00e9niposide\u00a0pr\u00e9sent dans le fruit du Gardenia. C&rsquo;est un excellent agent de r\u00e9ticulation du chitosan. La g\u00e9nipine : agent r\u00e9ticulant\u00a0\u00e9cologique Le chitosan est le plus souvet r\u00e9ticul\u00e9 par liaisons covalentes en pr\u00e9sence d&rsquo;ald\u00e9hydes tels que le formol, glyoxal et le glutarald\u00e9hyde. Le probl\u00e8me de ces produits est qu&rsquo;ils sont toxiques et polluants.\u00a0La g\u00e9nipine s&rsquo;affiche comme une alternative naturelle et biod\u00e9gradable aux agents de r\u00e9ticulation synth\u00e9tiques. Sa non toxicit\u00e9 et sa bonne biocompatibilit\u00e9 permettent de nombreuses applications dans le domaine biom\u00e9dical et alimentaire. Fonctionnement Elle r\u00e9agit spontan\u00e9ment avec le chitosan pour former des amines h\u00e9t\u00e9rocycliques. La r\u00e9ticulation covalente qui survient entre la g\u00e9nipine et le chitosan augmente fortement les propri\u00e9t\u00e9s m\u00e9caniques des films de chitosan. La g\u00e9nipine agit comme un diald\u00e9hyde et ses produits de condensation sont beaucoup plus stables par rapport au glutarald\u00e9hyde. Il est \u00e0 noter que le d\u00e9gr\u00e9 de r\u00e9ticulation du chitosan par la g\u00e9nipine est d\u00e9pendant du pH. Exemples d&rsquo;utilisations &nbsp;\" \/>\n<meta property=\"og:url\" content=\"https:\/\/chitosanlab.com\/chitosan-fongique\/genipine\/\" \/>\n<meta property=\"article:modified_time\" content=\"2017-09-14T09:50:19+00:00\" \/>\n<meta name=\"twitter:card\" content=\"summary_large_image\" \/>\n<meta name=\"twitter:label1\" content=\"Dur\u00e9e de lecture estim\u00e9e\" \/>\n\t<meta name=\"twitter:data1\" content=\"1 minute\" \/>\n<script type=\"application\/ld+json\" class=\"yoast-schema-graph\">{\"@context\":\"https:\\\/\\\/schema.org\",\"@graph\":[{\"@type\":\"WebPage\",\"@id\":\"https:\\\/\\\/chitosanlab.com\\\/chitosan-fongique\\\/genipine\\\/\",\"url\":\"https:\\\/\\\/chitosanlab.com\\\/chitosan-fongique\\\/genipine\\\/\",\"name\":\"genipine agent de reticulation du chitosane\",\"isPartOf\":{\"@id\":\"https:\\\/\\\/chitosanlab.com\\\/chitosan-fongique\\\/#website\"},\"datePublished\":\"2017-02-12T15:06:27+00:00\",\"dateModified\":\"2017-09-14T09:50:19+00:00\",\"breadcrumb\":{\"@id\":\"https:\\\/\\\/chitosanlab.com\\\/chitosan-fongique\\\/genipine\\\/#breadcrumb\"},\"inLanguage\":\"fr-FR\",\"potentialAction\":[{\"@type\":\"ReadAction\",\"target\":[\"https:\\\/\\\/chitosanlab.com\\\/chitosan-fongique\\\/genipine\\\/\"]}]},{\"@type\":\"BreadcrumbList\",\"@id\":\"https:\\\/\\\/chitosanlab.com\\\/chitosan-fongique\\\/genipine\\\/#breadcrumb\",\"itemListElement\":[{\"@type\":\"ListItem\",\"position\":1,\"name\":\"Home\",\"item\":\"https:\\\/\\\/chitosanlab.com\\\/chitosan-fongique\\\/\"},{\"@type\":\"ListItem\",\"position\":2,\"name\":\"G\u00e9nipine\"}]},{\"@type\":\"WebSite\",\"@id\":\"https:\\\/\\\/chitosanlab.com\\\/chitosan-fongique\\\/#website\",\"url\":\"https:\\\/\\\/chitosanlab.com\\\/chitosan-fongique\\\/\",\"name\":\"\",\"description\":\"chitosan fongique contre les Brettanomyces\",\"potentialAction\":[{\"@type\":\"SearchAction\",\"target\":{\"@type\":\"EntryPoint\",\"urlTemplate\":\"https:\\\/\\\/chitosanlab.com\\\/chitosan-fongique\\\/?s={search_term_string}\"},\"query-input\":{\"@type\":\"PropertyValueSpecification\",\"valueRequired\":true,\"valueName\":\"search_term_string\"}}],\"inLanguage\":\"fr-FR\"}]}<\/script>\n<!-- \/ Yoast SEO plugin. -->","yoast_head_json":{"title":"genipine agent de reticulation du chitosane","robots":{"index":"index","follow":"follow","max-snippet":"max-snippet:-1","max-image-preview":"max-image-preview:large","max-video-preview":"max-video-preview:-1"},"canonical":"https:\/\/chitosanlab.com\/chitosan-fongique\/genipine\/","og_locale":"fr_FR","og_type":"article","og_title":"genipine agent de reticulation du chitosane","og_description":"La g\u00e9nipine est un d\u00e9riv\u00e9 de g\u00e9niposide\u00a0pr\u00e9sent dans le fruit du Gardenia. C&rsquo;est un excellent agent de r\u00e9ticulation du chitosan. La g\u00e9nipine : agent r\u00e9ticulant\u00a0\u00e9cologique Le chitosan est le plus souvet r\u00e9ticul\u00e9 par liaisons covalentes en pr\u00e9sence d&rsquo;ald\u00e9hydes tels que le formol, glyoxal et le glutarald\u00e9hyde. Le probl\u00e8me de ces produits est qu&rsquo;ils sont toxiques et polluants.\u00a0La g\u00e9nipine s&rsquo;affiche comme une alternative naturelle et biod\u00e9gradable aux agents de r\u00e9ticulation synth\u00e9tiques. Sa non toxicit\u00e9 et sa bonne biocompatibilit\u00e9 permettent de nombreuses applications dans le domaine biom\u00e9dical et alimentaire. Fonctionnement Elle r\u00e9agit spontan\u00e9ment avec le chitosan pour former des amines h\u00e9t\u00e9rocycliques. La r\u00e9ticulation covalente qui survient entre la g\u00e9nipine et le chitosan augmente fortement les propri\u00e9t\u00e9s m\u00e9caniques des films de chitosan. La g\u00e9nipine agit comme un diald\u00e9hyde et ses produits de condensation sont beaucoup plus stables par rapport au glutarald\u00e9hyde. Il est \u00e0 noter que le d\u00e9gr\u00e9 de r\u00e9ticulation du chitosan par la g\u00e9nipine est d\u00e9pendant du pH. Exemples d&rsquo;utilisations &nbsp;","og_url":"https:\/\/chitosanlab.com\/chitosan-fongique\/genipine\/","article_modified_time":"2017-09-14T09:50:19+00:00","twitter_card":"summary_large_image","twitter_misc":{"Dur\u00e9e de lecture estim\u00e9e":"1 minute"},"schema":{"@context":"https:\/\/schema.org","@graph":[{"@type":"WebPage","@id":"https:\/\/chitosanlab.com\/chitosan-fongique\/genipine\/","url":"https:\/\/chitosanlab.com\/chitosan-fongique\/genipine\/","name":"genipine agent de reticulation du chitosane","isPartOf":{"@id":"https:\/\/chitosanlab.com\/chitosan-fongique\/#website"},"datePublished":"2017-02-12T15:06:27+00:00","dateModified":"2017-09-14T09:50:19+00:00","breadcrumb":{"@id":"https:\/\/chitosanlab.com\/chitosan-fongique\/genipine\/#breadcrumb"},"inLanguage":"fr-FR","potentialAction":[{"@type":"ReadAction","target":["https:\/\/chitosanlab.com\/chitosan-fongique\/genipine\/"]}]},{"@type":"BreadcrumbList","@id":"https:\/\/chitosanlab.com\/chitosan-fongique\/genipine\/#breadcrumb","itemListElement":[{"@type":"ListItem","position":1,"name":"Home","item":"https:\/\/chitosanlab.com\/chitosan-fongique\/"},{"@type":"ListItem","position":2,"name":"G\u00e9nipine"}]},{"@type":"WebSite","@id":"https:\/\/chitosanlab.com\/chitosan-fongique\/#website","url":"https:\/\/chitosanlab.com\/chitosan-fongique\/","name":"","description":"chitosan fongique contre les Brettanomyces","potentialAction":[{"@type":"SearchAction","target":{"@type":"EntryPoint","urlTemplate":"https:\/\/chitosanlab.com\/chitosan-fongique\/?s={search_term_string}"},"query-input":{"@type":"PropertyValueSpecification","valueRequired":true,"valueName":"search_term_string"}}],"inLanguage":"fr-FR"}]}},"_links":{"self":[{"href":"https:\/\/chitosanlab.com\/chitosan-fongique\/wp-json\/wp\/v2\/pages\/154","targetHints":{"allow":["GET"]}}],"collection":[{"href":"https:\/\/chitosanlab.com\/chitosan-fongique\/wp-json\/wp\/v2\/pages"}],"about":[{"href":"https:\/\/chitosanlab.com\/chitosan-fongique\/wp-json\/wp\/v2\/types\/page"}],"author":[{"embeddable":true,"href":"https:\/\/chitosanlab.com\/chitosan-fongique\/wp-json\/wp\/v2\/users\/2"}],"replies":[{"embeddable":true,"href":"https:\/\/chitosanlab.com\/chitosan-fongique\/wp-json\/wp\/v2\/comments?post=154"}],"version-history":[{"count":26,"href":"https:\/\/chitosanlab.com\/chitosan-fongique\/wp-json\/wp\/v2\/pages\/154\/revisions"}],"predecessor-version":[{"id":187,"href":"https:\/\/chitosanlab.com\/chitosan-fongique\/wp-json\/wp\/v2\/pages\/154\/revisions\/187"}],"wp:attachment":[{"href":"https:\/\/chitosanlab.com\/chitosan-fongique\/wp-json\/wp\/v2\/media?parent=154"}],"curies":[{"name":"wp","href":"https:\/\/api.w.org\/{rel}","templated":true}]}}