{"id":16,"date":"2017-01-19T16:04:41","date_gmt":"2017-01-19T16:04:41","guid":{"rendered":"http:\/\/chitosanlab.com\/chitosan-fongique\/?page_id=16"},"modified":"2019-03-15T10:42:44","modified_gmt":"2019-03-15T10:42:44","slug":"chitosan-agaricus-bisporus-hydrosoluble","status":"publish","type":"page","link":"https:\/\/chitosanlab.com\/chitosan-fongique\/chitosan-agaricus-bisporus-hydrosoluble\/","title":{"rendered":"Chlorhydrate de chitosane Pleurote"},"content":{"rendered":"<p>Chlorhydrate de chitosane extrait du champignon type Pleurote.<br \/>\nSoluble dans l&rsquo;eau<\/p>\n<div class=\"shortcode1-3\"><div class=\"gdl-price-item\"><div class='clear'><\/div><\/div>\n<\/div>\n","protected":false},"excerpt":{"rendered":"<p>Chlorhydrate de chitosane extrait du champignon type Pleurote. Soluble dans l&rsquo;eau<\/p>\n","protected":false},"author":2,"featured_media":0,"parent":0,"menu_order":0,"comment_status":"closed","ping_status":"closed","template":"","meta":{"footnotes":""},"class_list":["post-16","page","type-page","status-publish","hentry"],"yoast_head":"<!-- This site is optimized with the Yoast SEO plugin v27.4 - https:\/\/yoast.com\/product\/yoast-seo-wordpress\/ -->\n<title>chitosane v\u00e9g\u00e9tal<\/title>\n<meta name=\"description\" content=\"Grossiste en chitosan v\u00e9g\u00e9tal. Usine situ\u00e9 en Chine. Meilleur tarif.\" \/>\n<meta name=\"robots\" content=\"index, follow, max-snippet:-1, max-image-preview:large, max-video-preview:-1\" \/>\n<link rel=\"canonical\" href=\"https:\/\/chitosanlab.com\/chitosan-fongique\/chitosan-agaricus-bisporus-hydrosoluble\/\" \/>\n<meta property=\"og:locale\" content=\"fr_FR\" \/>\n<meta property=\"og:type\" content=\"article\" \/>\n<meta property=\"og:title\" content=\"chitosane v\u00e9g\u00e9tal\" \/>\n<meta property=\"og:description\" content=\"Grossiste en chitosan v\u00e9g\u00e9tal. Usine situ\u00e9 en Chine. Meilleur tarif.\" \/>\n<meta property=\"og:url\" content=\"https:\/\/chitosanlab.com\/chitosan-fongique\/chitosan-agaricus-bisporus-hydrosoluble\/\" \/>\n<meta property=\"article:modified_time\" content=\"2019-03-15T10:42:44+00:00\" \/>\n<meta name=\"twitter:card\" content=\"summary_large_image\" \/>\n<script type=\"application\/ld+json\" class=\"yoast-schema-graph\">{\"@context\":\"https:\\\/\\\/schema.org\",\"@graph\":[{\"@type\":\"WebPage\",\"@id\":\"https:\\\/\\\/chitosanlab.com\\\/chitosan-fongique\\\/chitosan-agaricus-bisporus-hydrosoluble\\\/\",\"url\":\"https:\\\/\\\/chitosanlab.com\\\/chitosan-fongique\\\/chitosan-agaricus-bisporus-hydrosoluble\\\/\",\"name\":\"chitosane v\u00e9g\u00e9tal\",\"isPartOf\":{\"@id\":\"https:\\\/\\\/chitosanlab.com\\\/chitosan-fongique\\\/#website\"},\"datePublished\":\"2017-01-19T16:04:41+00:00\",\"dateModified\":\"2019-03-15T10:42:44+00:00\",\"description\":\"Grossiste en chitosan v\u00e9g\u00e9tal. Usine situ\u00e9 en Chine. Meilleur tarif.\",\"breadcrumb\":{\"@id\":\"https:\\\/\\\/chitosanlab.com\\\/chitosan-fongique\\\/chitosan-agaricus-bisporus-hydrosoluble\\\/#breadcrumb\"},\"inLanguage\":\"fr-FR\",\"potentialAction\":[{\"@type\":\"ReadAction\",\"target\":[\"https:\\\/\\\/chitosanlab.com\\\/chitosan-fongique\\\/chitosan-agaricus-bisporus-hydrosoluble\\\/\"]}]},{\"@type\":\"BreadcrumbList\",\"@id\":\"https:\\\/\\\/chitosanlab.com\\\/chitosan-fongique\\\/chitosan-agaricus-bisporus-hydrosoluble\\\/#breadcrumb\",\"itemListElement\":[{\"@type\":\"ListItem\",\"position\":1,\"name\":\"Home\",\"item\":\"https:\\\/\\\/chitosanlab.com\\\/chitosan-fongique\\\/\"},{\"@type\":\"ListItem\",\"position\":2,\"name\":\"Chlorhydrate de chitosane Pleurote\"}]},{\"@type\":\"WebSite\",\"@id\":\"https:\\\/\\\/chitosanlab.com\\\/chitosan-fongique\\\/#website\",\"url\":\"https:\\\/\\\/chitosanlab.com\\\/chitosan-fongique\\\/\",\"name\":\"\",\"description\":\"chitosan fongique contre les Brettanomyces\",\"potentialAction\":[{\"@type\":\"SearchAction\",\"target\":{\"@type\":\"EntryPoint\",\"urlTemplate\":\"https:\\\/\\\/chitosanlab.com\\\/chitosan-fongique\\\/?s={search_term_string}\"},\"query-input\":{\"@type\":\"PropertyValueSpecification\",\"valueRequired\":true,\"valueName\":\"search_term_string\"}}],\"inLanguage\":\"fr-FR\"}]}<\/script>\n<!-- \/ Yoast SEO plugin. -->","yoast_head_json":{"title":"chitosane v\u00e9g\u00e9tal","description":"Grossiste en chitosan v\u00e9g\u00e9tal. Usine situ\u00e9 en Chine. Meilleur tarif.","robots":{"index":"index","follow":"follow","max-snippet":"max-snippet:-1","max-image-preview":"max-image-preview:large","max-video-preview":"max-video-preview:-1"},"canonical":"https:\/\/chitosanlab.com\/chitosan-fongique\/chitosan-agaricus-bisporus-hydrosoluble\/","og_locale":"fr_FR","og_type":"article","og_title":"chitosane v\u00e9g\u00e9tal","og_description":"Grossiste en chitosan v\u00e9g\u00e9tal. Usine situ\u00e9 en Chine. Meilleur tarif.","og_url":"https:\/\/chitosanlab.com\/chitosan-fongique\/chitosan-agaricus-bisporus-hydrosoluble\/","article_modified_time":"2019-03-15T10:42:44+00:00","twitter_card":"summary_large_image","schema":{"@context":"https:\/\/schema.org","@graph":[{"@type":"WebPage","@id":"https:\/\/chitosanlab.com\/chitosan-fongique\/chitosan-agaricus-bisporus-hydrosoluble\/","url":"https:\/\/chitosanlab.com\/chitosan-fongique\/chitosan-agaricus-bisporus-hydrosoluble\/","name":"chitosane v\u00e9g\u00e9tal","isPartOf":{"@id":"https:\/\/chitosanlab.com\/chitosan-fongique\/#website"},"datePublished":"2017-01-19T16:04:41+00:00","dateModified":"2019-03-15T10:42:44+00:00","description":"Grossiste en chitosan v\u00e9g\u00e9tal. Usine situ\u00e9 en Chine. Meilleur tarif.","breadcrumb":{"@id":"https:\/\/chitosanlab.com\/chitosan-fongique\/chitosan-agaricus-bisporus-hydrosoluble\/#breadcrumb"},"inLanguage":"fr-FR","potentialAction":[{"@type":"ReadAction","target":["https:\/\/chitosanlab.com\/chitosan-fongique\/chitosan-agaricus-bisporus-hydrosoluble\/"]}]},{"@type":"BreadcrumbList","@id":"https:\/\/chitosanlab.com\/chitosan-fongique\/chitosan-agaricus-bisporus-hydrosoluble\/#breadcrumb","itemListElement":[{"@type":"ListItem","position":1,"name":"Home","item":"https:\/\/chitosanlab.com\/chitosan-fongique\/"},{"@type":"ListItem","position":2,"name":"Chlorhydrate de chitosane Pleurote"}]},{"@type":"WebSite","@id":"https:\/\/chitosanlab.com\/chitosan-fongique\/#website","url":"https:\/\/chitosanlab.com\/chitosan-fongique\/","name":"","description":"chitosan fongique contre les Brettanomyces","potentialAction":[{"@type":"SearchAction","target":{"@type":"EntryPoint","urlTemplate":"https:\/\/chitosanlab.com\/chitosan-fongique\/?s={search_term_string}"},"query-input":{"@type":"PropertyValueSpecification","valueRequired":true,"valueName":"search_term_string"}}],"inLanguage":"fr-FR"}]}},"_links":{"self":[{"href":"https:\/\/chitosanlab.com\/chitosan-fongique\/wp-json\/wp\/v2\/pages\/16","targetHints":{"allow":["GET"]}}],"collection":[{"href":"https:\/\/chitosanlab.com\/chitosan-fongique\/wp-json\/wp\/v2\/pages"}],"about":[{"href":"https:\/\/chitosanlab.com\/chitosan-fongique\/wp-json\/wp\/v2\/types\/page"}],"author":[{"embeddable":true,"href":"https:\/\/chitosanlab.com\/chitosan-fongique\/wp-json\/wp\/v2\/users\/2"}],"replies":[{"embeddable":true,"href":"https:\/\/chitosanlab.com\/chitosan-fongique\/wp-json\/wp\/v2\/comments?post=16"}],"version-history":[{"count":6,"href":"https:\/\/chitosanlab.com\/chitosan-fongique\/wp-json\/wp\/v2\/pages\/16\/revisions"}],"predecessor-version":[{"id":276,"href":"https:\/\/chitosanlab.com\/chitosan-fongique\/wp-json\/wp\/v2\/pages\/16\/revisions\/276"}],"wp:attachment":[{"href":"https:\/\/chitosanlab.com\/chitosan-fongique\/wp-json\/wp\/v2\/media?parent=16"}],"curies":[{"name":"wp","href":"https:\/\/api.w.org\/{rel}","templated":true}]}}