{"id":196,"date":"2017-03-25T21:55:08","date_gmt":"2017-03-25T21:55:08","guid":{"rendered":"http:\/\/chitosanlab.com\/chitosan-fongique\/?page_id=196"},"modified":"2019-04-06T13:55:08","modified_gmt":"2019-04-06T13:55:08","slug":"carboxymethyle-chitosan","status":"publish","type":"page","link":"https:\/\/chitosanlab.com\/chitosan-fongique\/carboxymethyle-chitosan\/","title":{"rendered":"Carboxym\u00e9thyl chitosane v\u00e9g\u00e9tal"},"content":{"rendered":"<p>Sources disponibles : Aspergillus niger ou champignon type Pleurote. Soluble dans l&rsquo;eau.<\/p>\n<div class=\"shortcode1-3\"><div class=\"gdl-price-item\"><div class='clear'><\/div><\/div>\n<\/div>\n","protected":false},"excerpt":{"rendered":"<p>Sources disponibles : Aspergillus niger ou champignon type Pleurote. Soluble dans l&rsquo;eau.<\/p>\n","protected":false},"author":2,"featured_media":0,"parent":0,"menu_order":0,"comment_status":"closed","ping_status":"closed","template":"","meta":{"footnotes":""},"class_list":["post-196","page","type-page","status-publish","hentry"],"yoast_head":"<!-- This site is optimized with the Yoast SEO plugin v27.4 - https:\/\/yoast.com\/product\/yoast-seo-wordpress\/ -->\n<title>Carboxym\u00e9thyl chitosane v\u00e9g\u00e9tal<\/title>\n<meta name=\"description\" content=\"Chitosane v\u00e9g\u00e9tal sp\u00e9cial cosm\u00e9tique. Soluble dans l&#039;eau. Extrait de champignon. Sans allerg\u00e8nes et totalement v\u00e9gan, origine v\u00e9g\u00e9tale.\" \/>\n<meta name=\"robots\" content=\"index, follow, max-snippet:-1, max-image-preview:large, max-video-preview:-1\" \/>\n<link rel=\"canonical\" href=\"https:\/\/chitosanlab.com\/chitosan-fongique\/carboxymethyle-chitosan\/\" \/>\n<meta property=\"og:locale\" content=\"fr_FR\" \/>\n<meta property=\"og:type\" content=\"article\" \/>\n<meta property=\"og:title\" content=\"Carboxym\u00e9thyl chitosane v\u00e9g\u00e9tal\" \/>\n<meta property=\"og:description\" content=\"Chitosane v\u00e9g\u00e9tal sp\u00e9cial cosm\u00e9tique. Soluble dans l&#039;eau. Extrait de champignon. Sans allerg\u00e8nes et totalement v\u00e9gan, origine v\u00e9g\u00e9tale.\" \/>\n<meta property=\"og:url\" content=\"https:\/\/chitosanlab.com\/chitosan-fongique\/carboxymethyle-chitosan\/\" \/>\n<meta property=\"article:modified_time\" content=\"2019-04-06T13:55:08+00:00\" \/>\n<meta name=\"twitter:card\" content=\"summary_large_image\" \/>\n<script type=\"application\/ld+json\" class=\"yoast-schema-graph\">{\"@context\":\"https:\\\/\\\/schema.org\",\"@graph\":[{\"@type\":\"WebPage\",\"@id\":\"https:\\\/\\\/chitosanlab.com\\\/chitosan-fongique\\\/carboxymethyle-chitosan\\\/\",\"url\":\"https:\\\/\\\/chitosanlab.com\\\/chitosan-fongique\\\/carboxymethyle-chitosan\\\/\",\"name\":\"Carboxym\u00e9thyl chitosane v\u00e9g\u00e9tal\",\"isPartOf\":{\"@id\":\"https:\\\/\\\/chitosanlab.com\\\/chitosan-fongique\\\/#website\"},\"datePublished\":\"2017-03-25T21:55:08+00:00\",\"dateModified\":\"2019-04-06T13:55:08+00:00\",\"description\":\"Chitosane v\u00e9g\u00e9tal sp\u00e9cial cosm\u00e9tique. Soluble dans l'eau. Extrait de champignon. Sans allerg\u00e8nes et totalement v\u00e9gan, origine v\u00e9g\u00e9tale.\",\"breadcrumb\":{\"@id\":\"https:\\\/\\\/chitosanlab.com\\\/chitosan-fongique\\\/carboxymethyle-chitosan\\\/#breadcrumb\"},\"inLanguage\":\"fr-FR\",\"potentialAction\":[{\"@type\":\"ReadAction\",\"target\":[\"https:\\\/\\\/chitosanlab.com\\\/chitosan-fongique\\\/carboxymethyle-chitosan\\\/\"]}]},{\"@type\":\"BreadcrumbList\",\"@id\":\"https:\\\/\\\/chitosanlab.com\\\/chitosan-fongique\\\/carboxymethyle-chitosan\\\/#breadcrumb\",\"itemListElement\":[{\"@type\":\"ListItem\",\"position\":1,\"name\":\"Home\",\"item\":\"https:\\\/\\\/chitosanlab.com\\\/chitosan-fongique\\\/\"},{\"@type\":\"ListItem\",\"position\":2,\"name\":\"Carboxym\u00e9thyl chitosane v\u00e9g\u00e9tal\"}]},{\"@type\":\"WebSite\",\"@id\":\"https:\\\/\\\/chitosanlab.com\\\/chitosan-fongique\\\/#website\",\"url\":\"https:\\\/\\\/chitosanlab.com\\\/chitosan-fongique\\\/\",\"name\":\"\",\"description\":\"chitosan fongique contre les Brettanomyces\",\"potentialAction\":[{\"@type\":\"SearchAction\",\"target\":{\"@type\":\"EntryPoint\",\"urlTemplate\":\"https:\\\/\\\/chitosanlab.com\\\/chitosan-fongique\\\/?s={search_term_string}\"},\"query-input\":{\"@type\":\"PropertyValueSpecification\",\"valueRequired\":true,\"valueName\":\"search_term_string\"}}],\"inLanguage\":\"fr-FR\"}]}<\/script>\n<!-- \/ Yoast SEO plugin. -->","yoast_head_json":{"title":"Carboxym\u00e9thyl chitosane v\u00e9g\u00e9tal","description":"Chitosane v\u00e9g\u00e9tal sp\u00e9cial cosm\u00e9tique. Soluble dans l'eau. Extrait de champignon. Sans allerg\u00e8nes et totalement v\u00e9gan, origine v\u00e9g\u00e9tale.","robots":{"index":"index","follow":"follow","max-snippet":"max-snippet:-1","max-image-preview":"max-image-preview:large","max-video-preview":"max-video-preview:-1"},"canonical":"https:\/\/chitosanlab.com\/chitosan-fongique\/carboxymethyle-chitosan\/","og_locale":"fr_FR","og_type":"article","og_title":"Carboxym\u00e9thyl chitosane v\u00e9g\u00e9tal","og_description":"Chitosane v\u00e9g\u00e9tal sp\u00e9cial cosm\u00e9tique. Soluble dans l'eau. Extrait de champignon. Sans allerg\u00e8nes et totalement v\u00e9gan, origine v\u00e9g\u00e9tale.","og_url":"https:\/\/chitosanlab.com\/chitosan-fongique\/carboxymethyle-chitosan\/","article_modified_time":"2019-04-06T13:55:08+00:00","twitter_card":"summary_large_image","schema":{"@context":"https:\/\/schema.org","@graph":[{"@type":"WebPage","@id":"https:\/\/chitosanlab.com\/chitosan-fongique\/carboxymethyle-chitosan\/","url":"https:\/\/chitosanlab.com\/chitosan-fongique\/carboxymethyle-chitosan\/","name":"Carboxym\u00e9thyl chitosane v\u00e9g\u00e9tal","isPartOf":{"@id":"https:\/\/chitosanlab.com\/chitosan-fongique\/#website"},"datePublished":"2017-03-25T21:55:08+00:00","dateModified":"2019-04-06T13:55:08+00:00","description":"Chitosane v\u00e9g\u00e9tal sp\u00e9cial cosm\u00e9tique. Soluble dans l'eau. Extrait de champignon. Sans allerg\u00e8nes et totalement v\u00e9gan, origine v\u00e9g\u00e9tale.","breadcrumb":{"@id":"https:\/\/chitosanlab.com\/chitosan-fongique\/carboxymethyle-chitosan\/#breadcrumb"},"inLanguage":"fr-FR","potentialAction":[{"@type":"ReadAction","target":["https:\/\/chitosanlab.com\/chitosan-fongique\/carboxymethyle-chitosan\/"]}]},{"@type":"BreadcrumbList","@id":"https:\/\/chitosanlab.com\/chitosan-fongique\/carboxymethyle-chitosan\/#breadcrumb","itemListElement":[{"@type":"ListItem","position":1,"name":"Home","item":"https:\/\/chitosanlab.com\/chitosan-fongique\/"},{"@type":"ListItem","position":2,"name":"Carboxym\u00e9thyl chitosane v\u00e9g\u00e9tal"}]},{"@type":"WebSite","@id":"https:\/\/chitosanlab.com\/chitosan-fongique\/#website","url":"https:\/\/chitosanlab.com\/chitosan-fongique\/","name":"","description":"chitosan fongique contre les Brettanomyces","potentialAction":[{"@type":"SearchAction","target":{"@type":"EntryPoint","urlTemplate":"https:\/\/chitosanlab.com\/chitosan-fongique\/?s={search_term_string}"},"query-input":{"@type":"PropertyValueSpecification","valueRequired":true,"valueName":"search_term_string"}}],"inLanguage":"fr-FR"}]}},"_links":{"self":[{"href":"https:\/\/chitosanlab.com\/chitosan-fongique\/wp-json\/wp\/v2\/pages\/196","targetHints":{"allow":["GET"]}}],"collection":[{"href":"https:\/\/chitosanlab.com\/chitosan-fongique\/wp-json\/wp\/v2\/pages"}],"about":[{"href":"https:\/\/chitosanlab.com\/chitosan-fongique\/wp-json\/wp\/v2\/types\/page"}],"author":[{"embeddable":true,"href":"https:\/\/chitosanlab.com\/chitosan-fongique\/wp-json\/wp\/v2\/users\/2"}],"replies":[{"embeddable":true,"href":"https:\/\/chitosanlab.com\/chitosan-fongique\/wp-json\/wp\/v2\/comments?post=196"}],"version-history":[{"count":5,"href":"https:\/\/chitosanlab.com\/chitosan-fongique\/wp-json\/wp\/v2\/pages\/196\/revisions"}],"predecessor-version":[{"id":280,"href":"https:\/\/chitosanlab.com\/chitosan-fongique\/wp-json\/wp\/v2\/pages\/196\/revisions\/280"}],"wp:attachment":[{"href":"https:\/\/chitosanlab.com\/chitosan-fongique\/wp-json\/wp\/v2\/media?parent=196"}],"curies":[{"name":"wp","href":"https:\/\/api.w.org\/{rel}","templated":true}]}}