{"id":24,"date":"2017-01-19T16:14:40","date_gmt":"2017-01-19T16:14:40","guid":{"rendered":"http:\/\/chitosanlab.com\/chitosan-fongique\/?page_id=24"},"modified":"2024-11-16T10:04:46","modified_gmt":"2024-11-16T10:04:46","slug":"commander","status":"publish","type":"page","link":"https:\/\/chitosanlab.com\/chitosan-fongique\/commander\/","title":{"rendered":"Commander"},"content":{"rendered":"<p>Vous pouvez nous joindre par t\u00e9l\u00e9phone ou par email. Afin de faciliter la pr\u00e9paration des devis, merci d&rsquo;indiquer :<\/p>\n<ul>\n<li>le produit par lequel vous \u00eates int\u00e9ress\u00e9<\/li>\n<li>si vous avez une pr\u00e9f\u00e9rence pour l&rsquo;origine du chitosan : aspergillus niger ou agaricus bisporus<\/li>\n<li>la viscosit\u00e9 ou masse mol\u00e9culaire d\u00e9sir\u00e9e<\/li>\n<li>la granulom\u00e9trie<\/li>\n<li>le terme de livraison (incoterm)<\/li>\n<li>votre secteur d&rsquo;activit\u00e9 et l&rsquo;application en vue<\/li>\n<li>les coordonn\u00e9es\u00a0de votre soci\u00e9t\u00e9<\/li>\n<\/ul>\n<style id=\"wpforms-css-vars-293\">\n\t\t\t\t#wpforms-293 {\n\t\t\t\t\n\t\t\t}\n\t\t\t<\/style><div class=\"wpforms-container wpforms-container-full wpforms-render-modern\" id=\"wpforms-293\"><form id=\"wpforms-form-293\" class=\"wpforms-validate wpforms-form wpforms-ajax-form\" data-formid=\"293\" method=\"post\" enctype=\"multipart\/form-data\" action=\"\/chitosan-fongique\/wp-json\/wp\/v2\/pages\/24\" data-token=\"a3733a7ee65a610bea17484149f8f91a\" data-token-time=\"1777037466\"><noscript class=\"wpforms-error-noscript\">Veuillez activer JavaScript dans votre navigateur pour remplir ce formulaire.<\/noscript><div id=\"wpforms-error-noscript\" style=\"display: none;\">Veuillez activer JavaScript dans votre navigateur pour remplir ce formulaire.<\/div><div class=\"wpforms-field-container\">\t\t<div id=\"wpforms-293-field_4-container\"\n\t\t\tclass=\"wpforms-field wpforms-field-text\"\n\t\t\tdata-field-type=\"text\"\n\t\t\tdata-field-id=\"4\"\n\t\t\t>\n\t\t\t<label class=\"wpforms-field-label\" for=\"wpforms-293-field_4\" >E-mail Message Nom<\/label>\n\t\t\t<input type=\"text\" id=\"wpforms-293-field_4\" class=\"wpforms-field-medium\" name=\"wpforms[fields][4]\" >\n\t\t<\/div>\n\t\t<div id=\"wpforms-293-field_1-container\" class=\"wpforms-field wpforms-field-name\" data-field-id=\"1\"><label class=\"wpforms-field-label\" for=\"wpforms-293-field_1\">Nom <span class=\"wpforms-required-label\" aria-hidden=\"true\">*<\/span><\/label><input type=\"text\" id=\"wpforms-293-field_1\" class=\"wpforms-field-medium wpforms-field-required\" name=\"wpforms[fields][1]\" aria-errormessage=\"wpforms-293-field_1-error\" required><\/div><div id=\"wpforms-293-field_2-container\" class=\"wpforms-field wpforms-field-email\" data-field-id=\"2\"><label class=\"wpforms-field-label\" for=\"wpforms-293-field_2\">E-mail <span class=\"wpforms-required-label\" aria-hidden=\"true\">*<\/span><\/label><input type=\"email\" id=\"wpforms-293-field_2\" class=\"wpforms-field-medium wpforms-field-required\" name=\"wpforms[fields][2]\" spellcheck=\"false\" aria-errormessage=\"wpforms-293-field_2-error\" required><\/div><div id=\"wpforms-293-field_3-container\" class=\"wpforms-field wpforms-field-textarea\" data-field-id=\"3\"><label class=\"wpforms-field-label\" for=\"wpforms-293-field_3\">Message <span class=\"wpforms-required-label\" aria-hidden=\"true\">*<\/span><\/label><textarea id=\"wpforms-293-field_3\" class=\"wpforms-field-medium wpforms-field-required\" name=\"wpforms[fields][3]\" aria-errormessage=\"wpforms-293-field_3-error\" required><\/textarea><\/div><script>\n\t\t\t\t( function() {\n\t\t\t\t\tconst style = document.createElement( 'style' );\n\t\t\t\t\tstyle.appendChild( document.createTextNode( '#wpforms-293-field_4-container { position: absolute !important; overflow: hidden !important; display: inline !important; height: 1px !important; width: 1px !important; z-index: -1000 !important; padding: 0 !important; } #wpforms-293-field_4-container input { visibility: hidden; } #wpforms-conversational-form-page #wpforms-293-field_4-container label { counter-increment: none; }' ) );\n\t\t\t\t\tdocument.head.appendChild( style );\n\t\t\t\t\tdocument.currentScript?.remove();\n\t\t\t\t} )();\n\t\t\t<\/script><\/div><!-- .wpforms-field-container --><div class=\"wpforms-recaptcha-container wpforms-is-turnstile\" ><div class=\"wpforms-turnstile\" data-sitekey=\"0x4AAAAAACAdieCO4bqo0AYw\" data-action=\"FormID-293\"><\/div><input type=\"text\" name=\"g-recaptcha-hidden\" class=\"wpforms-recaptcha-hidden\" style=\"position:absolute!important;clip:rect(0,0,0,0)!important;height:1px!important;width:1px!important;border:0!important;overflow:hidden!important;padding:0!important;margin:0!important;\" data-rule-turnstile=\"1\"><\/div><div class=\"wpforms-submit-container\" ><input type=\"hidden\" name=\"wpforms[id]\" value=\"293\"><input type=\"hidden\" name=\"page_title\" value=\"\"><input type=\"hidden\" name=\"page_url\" value=\"https:\/\/chitosanlab.com\/chitosan-fongique\/wp-json\/wp\/v2\/pages\/24\"><input type=\"hidden\" name=\"url_referer\" value=\"\"><button type=\"submit\" name=\"wpforms[submit]\" id=\"wpforms-submit-293\" class=\"wpforms-submit\" data-alt-text=\"Envoi...\" data-submit-text=\"Envoyer\" aria-live=\"assertive\" value=\"wpforms-submit\">Envoyer<\/button><img loading=\"lazy\" decoding=\"async\" src=\"https:\/\/chitosanlab.com\/chitosan-fongique\/wp-content\/plugins\/wpforms-lite\/assets\/images\/submit-spin.svg\" class=\"wpforms-submit-spinner\" style=\"display: none;\" width=\"26\" height=\"26\" alt=\"Chargement en cours\"><\/div><\/form><\/div>  <!-- .wpforms-container -->\n","protected":false},"excerpt":{"rendered":"<p>Vous pouvez nous joindre par t\u00e9l\u00e9phone ou par email. Afin de faciliter la pr\u00e9paration des devis, merci d&rsquo;indiquer : le produit par lequel vous \u00eates int\u00e9ress\u00e9 si vous avez une pr\u00e9f\u00e9rence pour l&rsquo;origine du chitosan : aspergillus niger ou agaricus bisporus la viscosit\u00e9 ou masse mol\u00e9culaire d\u00e9sir\u00e9e la granulom\u00e9trie le terme de livraison (incoterm) votre secteur d&rsquo;activit\u00e9 et l&rsquo;application en vue les coordonn\u00e9es\u00a0de votre soci\u00e9t\u00e9<\/p>\n","protected":false},"author":2,"featured_media":0,"parent":0,"menu_order":0,"comment_status":"closed","ping_status":"closed","template":"","meta":{"footnotes":""},"class_list":["post-24","page","type-page","status-publish","hentry"],"yoast_head":"<!-- This site is optimized with the Yoast SEO plugin v27.4 - https:\/\/yoast.com\/product\/yoast-seo-wordpress\/ -->\n<title>chitosane v\u00e9g\u00e9tal<\/title>\n<meta name=\"description\" content=\"chitosane pour l&#039;oenologie. Produit utilis\u00e9 \u00e9galement dans l&#039;industrie du cidre. Clarification des boissons.\" \/>\n<meta name=\"robots\" content=\"index, follow, max-snippet:-1, max-image-preview:large, max-video-preview:-1\" \/>\n<link rel=\"canonical\" href=\"https:\/\/chitosanlab.com\/chitosan-fongique\/commander\/\" \/>\n<meta property=\"og:locale\" content=\"fr_FR\" \/>\n<meta property=\"og:type\" content=\"article\" \/>\n<meta property=\"og:title\" content=\"chitosane v\u00e9g\u00e9tal\" \/>\n<meta property=\"og:description\" content=\"chitosane pour l&#039;oenologie. Produit utilis\u00e9 \u00e9galement dans l&#039;industrie du cidre. Clarification des boissons.\" \/>\n<meta property=\"og:url\" content=\"https:\/\/chitosanlab.com\/chitosan-fongique\/commander\/\" \/>\n<meta property=\"article:modified_time\" content=\"2024-11-16T10:04:46+00:00\" \/>\n<meta name=\"twitter:card\" content=\"summary_large_image\" \/>\n<meta name=\"twitter:label1\" content=\"Dur\u00e9e de lecture estim\u00e9e\" \/>\n\t<meta name=\"twitter:data1\" content=\"1 minute\" \/>\n<script type=\"application\/ld+json\" class=\"yoast-schema-graph\">{\"@context\":\"https:\\\/\\\/schema.org\",\"@graph\":[{\"@type\":\"WebPage\",\"@id\":\"https:\\\/\\\/chitosanlab.com\\\/chitosan-fongique\\\/commander\\\/\",\"url\":\"https:\\\/\\\/chitosanlab.com\\\/chitosan-fongique\\\/commander\\\/\",\"name\":\"chitosane v\u00e9g\u00e9tal\",\"isPartOf\":{\"@id\":\"https:\\\/\\\/chitosanlab.com\\\/chitosan-fongique\\\/#website\"},\"datePublished\":\"2017-01-19T16:14:40+00:00\",\"dateModified\":\"2024-11-16T10:04:46+00:00\",\"description\":\"chitosane pour l'oenologie. Produit utilis\u00e9 \u00e9galement dans l'industrie du cidre. Clarification des boissons.\",\"breadcrumb\":{\"@id\":\"https:\\\/\\\/chitosanlab.com\\\/chitosan-fongique\\\/commander\\\/#breadcrumb\"},\"inLanguage\":\"fr-FR\",\"potentialAction\":[{\"@type\":\"ReadAction\",\"target\":[\"https:\\\/\\\/chitosanlab.com\\\/chitosan-fongique\\\/commander\\\/\"]}]},{\"@type\":\"BreadcrumbList\",\"@id\":\"https:\\\/\\\/chitosanlab.com\\\/chitosan-fongique\\\/commander\\\/#breadcrumb\",\"itemListElement\":[{\"@type\":\"ListItem\",\"position\":1,\"name\":\"Home\",\"item\":\"https:\\\/\\\/chitosanlab.com\\\/chitosan-fongique\\\/\"},{\"@type\":\"ListItem\",\"position\":2,\"name\":\"Commander\"}]},{\"@type\":\"WebSite\",\"@id\":\"https:\\\/\\\/chitosanlab.com\\\/chitosan-fongique\\\/#website\",\"url\":\"https:\\\/\\\/chitosanlab.com\\\/chitosan-fongique\\\/\",\"name\":\"\",\"description\":\"chitosan fongique contre les Brettanomyces\",\"potentialAction\":[{\"@type\":\"SearchAction\",\"target\":{\"@type\":\"EntryPoint\",\"urlTemplate\":\"https:\\\/\\\/chitosanlab.com\\\/chitosan-fongique\\\/?s={search_term_string}\"},\"query-input\":{\"@type\":\"PropertyValueSpecification\",\"valueRequired\":true,\"valueName\":\"search_term_string\"}}],\"inLanguage\":\"fr-FR\"}]}<\/script>\n<!-- \/ Yoast SEO plugin. -->","yoast_head_json":{"title":"chitosane v\u00e9g\u00e9tal","description":"chitosane pour l'oenologie. Produit utilis\u00e9 \u00e9galement dans l'industrie du cidre. Clarification des boissons.","robots":{"index":"index","follow":"follow","max-snippet":"max-snippet:-1","max-image-preview":"max-image-preview:large","max-video-preview":"max-video-preview:-1"},"canonical":"https:\/\/chitosanlab.com\/chitosan-fongique\/commander\/","og_locale":"fr_FR","og_type":"article","og_title":"chitosane v\u00e9g\u00e9tal","og_description":"chitosane pour l'oenologie. Produit utilis\u00e9 \u00e9galement dans l'industrie du cidre. Clarification des boissons.","og_url":"https:\/\/chitosanlab.com\/chitosan-fongique\/commander\/","article_modified_time":"2024-11-16T10:04:46+00:00","twitter_card":"summary_large_image","twitter_misc":{"Dur\u00e9e de lecture estim\u00e9e":"1 minute"},"schema":{"@context":"https:\/\/schema.org","@graph":[{"@type":"WebPage","@id":"https:\/\/chitosanlab.com\/chitosan-fongique\/commander\/","url":"https:\/\/chitosanlab.com\/chitosan-fongique\/commander\/","name":"chitosane v\u00e9g\u00e9tal","isPartOf":{"@id":"https:\/\/chitosanlab.com\/chitosan-fongique\/#website"},"datePublished":"2017-01-19T16:14:40+00:00","dateModified":"2024-11-16T10:04:46+00:00","description":"chitosane pour l'oenologie. Produit utilis\u00e9 \u00e9galement dans l'industrie du cidre. Clarification des boissons.","breadcrumb":{"@id":"https:\/\/chitosanlab.com\/chitosan-fongique\/commander\/#breadcrumb"},"inLanguage":"fr-FR","potentialAction":[{"@type":"ReadAction","target":["https:\/\/chitosanlab.com\/chitosan-fongique\/commander\/"]}]},{"@type":"BreadcrumbList","@id":"https:\/\/chitosanlab.com\/chitosan-fongique\/commander\/#breadcrumb","itemListElement":[{"@type":"ListItem","position":1,"name":"Home","item":"https:\/\/chitosanlab.com\/chitosan-fongique\/"},{"@type":"ListItem","position":2,"name":"Commander"}]},{"@type":"WebSite","@id":"https:\/\/chitosanlab.com\/chitosan-fongique\/#website","url":"https:\/\/chitosanlab.com\/chitosan-fongique\/","name":"","description":"chitosan fongique contre les Brettanomyces","potentialAction":[{"@type":"SearchAction","target":{"@type":"EntryPoint","urlTemplate":"https:\/\/chitosanlab.com\/chitosan-fongique\/?s={search_term_string}"},"query-input":{"@type":"PropertyValueSpecification","valueRequired":true,"valueName":"search_term_string"}}],"inLanguage":"fr-FR"}]}},"_links":{"self":[{"href":"https:\/\/chitosanlab.com\/chitosan-fongique\/wp-json\/wp\/v2\/pages\/24","targetHints":{"allow":["GET"]}}],"collection":[{"href":"https:\/\/chitosanlab.com\/chitosan-fongique\/wp-json\/wp\/v2\/pages"}],"about":[{"href":"https:\/\/chitosanlab.com\/chitosan-fongique\/wp-json\/wp\/v2\/types\/page"}],"author":[{"embeddable":true,"href":"https:\/\/chitosanlab.com\/chitosan-fongique\/wp-json\/wp\/v2\/users\/2"}],"replies":[{"embeddable":true,"href":"https:\/\/chitosanlab.com\/chitosan-fongique\/wp-json\/wp\/v2\/comments?post=24"}],"version-history":[{"count":8,"href":"https:\/\/chitosanlab.com\/chitosan-fongique\/wp-json\/wp\/v2\/pages\/24\/revisions"}],"predecessor-version":[{"id":298,"href":"https:\/\/chitosanlab.com\/chitosan-fongique\/wp-json\/wp\/v2\/pages\/24\/revisions\/298"}],"wp:attachment":[{"href":"https:\/\/chitosanlab.com\/chitosan-fongique\/wp-json\/wp\/v2\/media?parent=24"}],"curies":[{"name":"wp","href":"https:\/\/api.w.org\/{rel}","templated":true}]}}