{"id":261,"date":"2017-09-11T09:39:40","date_gmt":"2017-09-11T09:39:40","guid":{"rendered":"https:\/\/chitosanlab.com\/chitosan-fongique\/?page_id=261"},"modified":"2017-09-13T14:31:10","modified_gmt":"2017-09-13T14:31:10","slug":"e-polylysine","status":"publish","type":"page","link":"https:\/\/chitosanlab.com\/chitosan-fongique\/e-polylysine\/","title":{"rendered":"E-Polylysine"},"content":{"rendered":"<p>L&rsquo;\u00a0\u03b5-Polylysine est un homopolym\u00e8re de L-lysine, un acide amin\u00e9 essentiel. Sa formule brute est (C6H12N2O)n et son poids mol\u00e9culaire aux alentours de 3888-4300 Da. Degr\u00e9 de polym\u00e9risation : 25-30.<\/p>\n<h5>Production<\/h5>\n<p>\u03b5-Polylysine est produite par fermentation a\u00e9robie gr\u00e2ce \u00e0 des microorganismes non toxiques appel\u00e9s Streptomyces albulus. Les mati\u00e8res premi\u00e8res et auxiliaires technologiques entrant dans sa fabrication sont tous de qualit\u00e9 alimentaire.<\/p>\n<h5>Application dans l&rsquo;alimentaire<\/h5>\n<p>Les consommateurs \u00e9tant de plus en plus soucieux de leur sant\u00e9, on constate un int\u00e9r\u00eat grandissant pour les conservateurs naturels. Parmi ceux-ci on trouve en bonne place l&rsquo;\u03b5-polylysine notamment pour sa stabilit\u00e9 \u00e0 haute temp\u00e9rature et ses propri\u00e9t\u00e9s antibact\u00e9riennes. Utilis\u00e9 depuis longtemps au Japon pour la conservation des plats traditionnels, son usage se d\u00e9veloppe depuis peu aux Etats Unis gr\u00e2ce au feu vert donn\u00e9 par la FDA am\u00e9ricaine.<\/p>\n<div class=\"shortcode1-3\"><div class=\"gdl-price-item\"><div class=\"percent-column1-1 gdl-divider\"><div class=\"price-item \"><div class=\"price-tag\"> E-Polylysine<\/div><div class=\"price-title\">Conservateur naturel<\/div><div class=\"price-content\"><div class=\"shortcode-list shortcode-list-bullet\">\r\n<ul>\r\n \t<li>Aspect : poudre ambr\u00e9e-blanche<\/li>\r\n \t<li>Puret\u00e9e ( HPLC)\u00a0\u2265 95%<\/li>\r\n \t<li>Perte \u00e0 la dessiccation\u00a0\u2264 8%<\/li>\r\n \t<li>Taux de cendre\u00a0\u2264 2 %<\/li>\r\n \t<li>As (Arsenic)\u00a0\u2264 3.0 ppm<\/li>\r\n \t<li>Pb (Plomb)\u00a0\u2264 2.0 ppm<\/li>\r\n \t<li>Flore totale\/g \u2264 10 UFC\/g<\/li>\r\n \t<li>E.Coli.\u00a0\u2264 30 MPN\/100g<\/li>\r\n \t<li>Salmonella spp.\/g :\u00a0Aucune trace (25g)<\/li>\r\n<\/ul>\r\n<\/div><\/div><div class=\"price-button\"><a class=\"gdl-button\" href=\" \">En savoir plus<\/a><\/div><\/div><\/div><div class='clear'><\/div><\/div>\n<\/div>\n<p>&nbsp;<\/p>\n","protected":false},"excerpt":{"rendered":"<p>L&rsquo;\u00a0\u03b5-Polylysine est un homopolym\u00e8re de L-lysine, un acide amin\u00e9 essentiel. Sa formule brute est (C6H12N2O)n et son poids mol\u00e9culaire aux alentours de 3888-4300 Da. Degr\u00e9 de polym\u00e9risation : 25-30. Production \u03b5-Polylysine est produite par fermentation a\u00e9robie gr\u00e2ce \u00e0 des microorganismes non toxiques appel\u00e9s Streptomyces albulus. Les mati\u00e8res premi\u00e8res et auxiliaires technologiques entrant dans sa fabrication sont tous de qualit\u00e9 alimentaire. Application dans l&rsquo;alimentaire Les consommateurs \u00e9tant de plus en plus soucieux de leur sant\u00e9, on constate un int\u00e9r\u00eat grandissant pour les conservateurs naturels. Parmi ceux-ci on trouve en bonne place l&rsquo;\u03b5-polylysine notamment pour sa stabilit\u00e9 \u00e0 haute temp\u00e9rature et ses propri\u00e9t\u00e9s antibact\u00e9riennes. Utilis\u00e9 depuis longtemps au Japon pour la conservation des plats traditionnels, son usage se d\u00e9veloppe depuis peu aux Etats Unis gr\u00e2ce au feu vert donn\u00e9 par la FDA am\u00e9ricaine. &nbsp;<\/p>\n","protected":false},"author":2,"featured_media":0,"parent":0,"menu_order":0,"comment_status":"closed","ping_status":"closed","template":"","meta":{"footnotes":""},"class_list":["post-261","page","type-page","status-publish","hentry"],"yoast_head":"<!-- This site is optimized with the Yoast SEO plugin v27.4 - https:\/\/yoast.com\/product\/yoast-seo-wordpress\/ -->\n<title>E-Polylysine -<\/title>\n<meta name=\"robots\" content=\"index, follow, max-snippet:-1, max-image-preview:large, max-video-preview:-1\" \/>\n<link rel=\"canonical\" href=\"https:\/\/chitosanlab.com\/chitosan-fongique\/e-polylysine\/\" \/>\n<meta property=\"og:locale\" content=\"fr_FR\" \/>\n<meta property=\"og:type\" content=\"article\" \/>\n<meta property=\"og:title\" content=\"E-Polylysine -\" \/>\n<meta property=\"og:description\" content=\"L&rsquo;\u00a0\u03b5-Polylysine est un homopolym\u00e8re de L-lysine, un acide amin\u00e9 essentiel. Sa formule brute est (C6H12N2O)n et son poids mol\u00e9culaire aux alentours de 3888-4300 Da. Degr\u00e9 de polym\u00e9risation : 25-30. Production \u03b5-Polylysine est produite par fermentation a\u00e9robie gr\u00e2ce \u00e0 des microorganismes non toxiques appel\u00e9s Streptomyces albulus. Les mati\u00e8res premi\u00e8res et auxiliaires technologiques entrant dans sa fabrication sont tous de qualit\u00e9 alimentaire. Application dans l&rsquo;alimentaire Les consommateurs \u00e9tant de plus en plus soucieux de leur sant\u00e9, on constate un int\u00e9r\u00eat grandissant pour les conservateurs naturels. Parmi ceux-ci on trouve en bonne place l&rsquo;\u03b5-polylysine notamment pour sa stabilit\u00e9 \u00e0 haute temp\u00e9rature et ses propri\u00e9t\u00e9s antibact\u00e9riennes. Utilis\u00e9 depuis longtemps au Japon pour la conservation des plats traditionnels, son usage se d\u00e9veloppe depuis peu aux Etats Unis gr\u00e2ce au feu vert donn\u00e9 par la FDA am\u00e9ricaine. &nbsp;\" \/>\n<meta property=\"og:url\" content=\"https:\/\/chitosanlab.com\/chitosan-fongique\/e-polylysine\/\" \/>\n<meta property=\"article:modified_time\" content=\"2017-09-13T14:31:10+00:00\" \/>\n<meta name=\"twitter:card\" content=\"summary_large_image\" \/>\n<meta name=\"twitter:label1\" content=\"Dur\u00e9e de lecture estim\u00e9e\" \/>\n\t<meta name=\"twitter:data1\" content=\"1 minute\" \/>\n<script type=\"application\/ld+json\" class=\"yoast-schema-graph\">{\"@context\":\"https:\\\/\\\/schema.org\",\"@graph\":[{\"@type\":\"WebPage\",\"@id\":\"https:\\\/\\\/chitosanlab.com\\\/chitosan-fongique\\\/e-polylysine\\\/\",\"url\":\"https:\\\/\\\/chitosanlab.com\\\/chitosan-fongique\\\/e-polylysine\\\/\",\"name\":\"E-Polylysine -\",\"isPartOf\":{\"@id\":\"https:\\\/\\\/chitosanlab.com\\\/chitosan-fongique\\\/#website\"},\"datePublished\":\"2017-09-11T09:39:40+00:00\",\"dateModified\":\"2017-09-13T14:31:10+00:00\",\"breadcrumb\":{\"@id\":\"https:\\\/\\\/chitosanlab.com\\\/chitosan-fongique\\\/e-polylysine\\\/#breadcrumb\"},\"inLanguage\":\"fr-FR\",\"potentialAction\":[{\"@type\":\"ReadAction\",\"target\":[\"https:\\\/\\\/chitosanlab.com\\\/chitosan-fongique\\\/e-polylysine\\\/\"]}]},{\"@type\":\"BreadcrumbList\",\"@id\":\"https:\\\/\\\/chitosanlab.com\\\/chitosan-fongique\\\/e-polylysine\\\/#breadcrumb\",\"itemListElement\":[{\"@type\":\"ListItem\",\"position\":1,\"name\":\"Home\",\"item\":\"https:\\\/\\\/chitosanlab.com\\\/chitosan-fongique\\\/\"},{\"@type\":\"ListItem\",\"position\":2,\"name\":\"E-Polylysine\"}]},{\"@type\":\"WebSite\",\"@id\":\"https:\\\/\\\/chitosanlab.com\\\/chitosan-fongique\\\/#website\",\"url\":\"https:\\\/\\\/chitosanlab.com\\\/chitosan-fongique\\\/\",\"name\":\"\",\"description\":\"chitosan fongique contre les Brettanomyces\",\"potentialAction\":[{\"@type\":\"SearchAction\",\"target\":{\"@type\":\"EntryPoint\",\"urlTemplate\":\"https:\\\/\\\/chitosanlab.com\\\/chitosan-fongique\\\/?s={search_term_string}\"},\"query-input\":{\"@type\":\"PropertyValueSpecification\",\"valueRequired\":true,\"valueName\":\"search_term_string\"}}],\"inLanguage\":\"fr-FR\"}]}<\/script>\n<!-- \/ Yoast SEO plugin. -->","yoast_head_json":{"title":"E-Polylysine -","robots":{"index":"index","follow":"follow","max-snippet":"max-snippet:-1","max-image-preview":"max-image-preview:large","max-video-preview":"max-video-preview:-1"},"canonical":"https:\/\/chitosanlab.com\/chitosan-fongique\/e-polylysine\/","og_locale":"fr_FR","og_type":"article","og_title":"E-Polylysine -","og_description":"L&rsquo;\u00a0\u03b5-Polylysine est un homopolym\u00e8re de L-lysine, un acide amin\u00e9 essentiel. Sa formule brute est (C6H12N2O)n et son poids mol\u00e9culaire aux alentours de 3888-4300 Da. Degr\u00e9 de polym\u00e9risation : 25-30. Production \u03b5-Polylysine est produite par fermentation a\u00e9robie gr\u00e2ce \u00e0 des microorganismes non toxiques appel\u00e9s Streptomyces albulus. Les mati\u00e8res premi\u00e8res et auxiliaires technologiques entrant dans sa fabrication sont tous de qualit\u00e9 alimentaire. Application dans l&rsquo;alimentaire Les consommateurs \u00e9tant de plus en plus soucieux de leur sant\u00e9, on constate un int\u00e9r\u00eat grandissant pour les conservateurs naturels. Parmi ceux-ci on trouve en bonne place l&rsquo;\u03b5-polylysine notamment pour sa stabilit\u00e9 \u00e0 haute temp\u00e9rature et ses propri\u00e9t\u00e9s antibact\u00e9riennes. Utilis\u00e9 depuis longtemps au Japon pour la conservation des plats traditionnels, son usage se d\u00e9veloppe depuis peu aux Etats Unis gr\u00e2ce au feu vert donn\u00e9 par la FDA am\u00e9ricaine. &nbsp;","og_url":"https:\/\/chitosanlab.com\/chitosan-fongique\/e-polylysine\/","article_modified_time":"2017-09-13T14:31:10+00:00","twitter_card":"summary_large_image","twitter_misc":{"Dur\u00e9e de lecture estim\u00e9e":"1 minute"},"schema":{"@context":"https:\/\/schema.org","@graph":[{"@type":"WebPage","@id":"https:\/\/chitosanlab.com\/chitosan-fongique\/e-polylysine\/","url":"https:\/\/chitosanlab.com\/chitosan-fongique\/e-polylysine\/","name":"E-Polylysine -","isPartOf":{"@id":"https:\/\/chitosanlab.com\/chitosan-fongique\/#website"},"datePublished":"2017-09-11T09:39:40+00:00","dateModified":"2017-09-13T14:31:10+00:00","breadcrumb":{"@id":"https:\/\/chitosanlab.com\/chitosan-fongique\/e-polylysine\/#breadcrumb"},"inLanguage":"fr-FR","potentialAction":[{"@type":"ReadAction","target":["https:\/\/chitosanlab.com\/chitosan-fongique\/e-polylysine\/"]}]},{"@type":"BreadcrumbList","@id":"https:\/\/chitosanlab.com\/chitosan-fongique\/e-polylysine\/#breadcrumb","itemListElement":[{"@type":"ListItem","position":1,"name":"Home","item":"https:\/\/chitosanlab.com\/chitosan-fongique\/"},{"@type":"ListItem","position":2,"name":"E-Polylysine"}]},{"@type":"WebSite","@id":"https:\/\/chitosanlab.com\/chitosan-fongique\/#website","url":"https:\/\/chitosanlab.com\/chitosan-fongique\/","name":"","description":"chitosan fongique contre les Brettanomyces","potentialAction":[{"@type":"SearchAction","target":{"@type":"EntryPoint","urlTemplate":"https:\/\/chitosanlab.com\/chitosan-fongique\/?s={search_term_string}"},"query-input":{"@type":"PropertyValueSpecification","valueRequired":true,"valueName":"search_term_string"}}],"inLanguage":"fr-FR"}]}},"_links":{"self":[{"href":"https:\/\/chitosanlab.com\/chitosan-fongique\/wp-json\/wp\/v2\/pages\/261","targetHints":{"allow":["GET"]}}],"collection":[{"href":"https:\/\/chitosanlab.com\/chitosan-fongique\/wp-json\/wp\/v2\/pages"}],"about":[{"href":"https:\/\/chitosanlab.com\/chitosan-fongique\/wp-json\/wp\/v2\/types\/page"}],"author":[{"embeddable":true,"href":"https:\/\/chitosanlab.com\/chitosan-fongique\/wp-json\/wp\/v2\/users\/2"}],"replies":[{"embeddable":true,"href":"https:\/\/chitosanlab.com\/chitosan-fongique\/wp-json\/wp\/v2\/comments?post=261"}],"version-history":[{"count":3,"href":"https:\/\/chitosanlab.com\/chitosan-fongique\/wp-json\/wp\/v2\/pages\/261\/revisions"}],"predecessor-version":[{"id":269,"href":"https:\/\/chitosanlab.com\/chitosan-fongique\/wp-json\/wp\/v2\/pages\/261\/revisions\/269"}],"wp:attachment":[{"href":"https:\/\/chitosanlab.com\/chitosan-fongique\/wp-json\/wp\/v2\/media?parent=261"}],"curies":[{"name":"wp","href":"https:\/\/api.w.org\/{rel}","templated":true}]}}