{"id":5,"date":"2017-01-19T14:39:44","date_gmt":"2017-01-19T14:39:44","guid":{"rendered":"http:\/\/chitosanlab.com\/chitosan-fongique\/?page_id=5"},"modified":"2017-09-12T16:36:30","modified_gmt":"2017-09-12T16:36:30","slug":"accueil","status":"publish","type":"page","link":"https:\/\/chitosanlab.com\/chitosan-fongique\/","title":{"rendered":"Accueil"},"content":{"rendered":"<p>Chitosanlab vegan est d\u00e9di\u00e9 au chitosan\u00a0sans mati\u00e8re animale et sans ingr\u00e9dient allerg\u00e8ne. Le chitosan fongique est extrait de champignons ou de moisissures. A la fois non toxique, biod\u00e9gradable, biocompatible et antimicrobien , ce biomat\u00e9riau est utilis\u00e9 dans un panel d&rsquo;applications chaque jour plus important. Tandis que l&rsquo;usine de fabrication est situ\u00e9e en Chine, notre bureau commercial est en France. Nous avons des clients partout dans le monde.\u00a0 N\u2019h\u00e9sitez pas \u00e0 nous contacter pour nous expliquer votre besoin, nous vous r\u00e9pondrons rapidement. Nous acceptons les commandes d\u00e8s 20kg ! Appelez nous au<strong>\u00a0+33 (0)2 90 38 01 00<\/strong>.<\/p>\n","protected":false},"excerpt":{"rendered":"<p>Chitosanlab vegan est d\u00e9di\u00e9 au chitosan\u00a0sans mati\u00e8re animale et sans ingr\u00e9dient allerg\u00e8ne. Le chitosan fongique est extrait de champignons ou de moisissures. A la fois non toxique, biod\u00e9gradable, biocompatible et antimicrobien , ce biomat\u00e9riau est utilis\u00e9 dans un panel d&rsquo;applications chaque jour plus important. Tandis que l&rsquo;usine de fabrication est situ\u00e9e en Chine, notre bureau commercial est en France. Nous avons des clients partout dans le monde.\u00a0 N\u2019h\u00e9sitez pas \u00e0 nous contacter pour nous expliquer votre besoin, nous vous r\u00e9pondrons rapidement. Nous acceptons les commandes d\u00e8s 20kg ! Appelez nous au\u00a0+33 (0)2 90 38 01 00.<\/p>\n","protected":false},"author":2,"featured_media":0,"parent":0,"menu_order":0,"comment_status":"closed","ping_status":"closed","template":"","meta":{"footnotes":""},"class_list":["post-5","page","type-page","status-publish","hentry"],"yoast_head":"<!-- This site is optimized with the Yoast SEO plugin v25.6 - https:\/\/yoast.com\/wordpress\/plugins\/seo\/ -->\n<title>Chitosan fongique contre les levures Brettanomyces<\/title>\n<meta name=\"description\" content=\"Le chitosane est un polysaccharide\u00a0naturel extrait du champignon\u00a0Aspergillus niger. Non-allerg\u00e8ne, il est utilis\u00e9 en viticulture contre les levures.\" \/>\n<meta name=\"robots\" content=\"index, follow, max-snippet:-1, max-image-preview:large, max-video-preview:-1\" \/>\n<link rel=\"canonical\" href=\"https:\/\/chitosanlab.com\/chitosan-fongique\/\" \/>\n<meta property=\"og:locale\" content=\"fr_FR\" \/>\n<meta property=\"og:type\" content=\"article\" \/>\n<meta property=\"og:title\" content=\"Chitosan fongique contre les levures Brettanomyces\" \/>\n<meta property=\"og:description\" content=\"Le chitosane est un polysaccharide\u00a0naturel extrait du champignon\u00a0Aspergillus niger. Non-allerg\u00e8ne, il est utilis\u00e9 en viticulture contre les levures.\" \/>\n<meta property=\"og:url\" content=\"https:\/\/chitosanlab.com\/chitosan-fongique\/\" \/>\n<meta property=\"article:modified_time\" content=\"2017-09-12T16:36:30+00:00\" \/>\n<meta name=\"twitter:card\" content=\"summary_large_image\" \/>\n<meta name=\"twitter:label1\" content=\"Dur\u00e9e de lecture estim\u00e9e\" \/>\n\t<meta name=\"twitter:data1\" content=\"1 minute\" \/>\n<script type=\"application\/ld+json\" class=\"yoast-schema-graph\">{\"@context\":\"https:\/\/schema.org\",\"@graph\":[{\"@type\":\"WebPage\",\"@id\":\"https:\/\/chitosanlab.com\/chitosan-fongique\/\",\"url\":\"https:\/\/chitosanlab.com\/chitosan-fongique\/\",\"name\":\"Chitosan fongique contre les levures Brettanomyces\",\"isPartOf\":{\"@id\":\"https:\/\/chitosanlab.com\/chitosan-fongique\/#website\"},\"datePublished\":\"2017-01-19T14:39:44+00:00\",\"dateModified\":\"2017-09-12T16:36:30+00:00\",\"description\":\"Le chitosane est un polysaccharide\u00a0naturel extrait du champignon\u00a0Aspergillus niger. Non-allerg\u00e8ne, il est utilis\u00e9 en viticulture contre les levures.\",\"breadcrumb\":{\"@id\":\"https:\/\/chitosanlab.com\/chitosan-fongique\/#breadcrumb\"},\"inLanguage\":\"fr-FR\",\"potentialAction\":[{\"@type\":\"ReadAction\",\"target\":[\"https:\/\/chitosanlab.com\/chitosan-fongique\/\"]}]},{\"@type\":\"BreadcrumbList\",\"@id\":\"https:\/\/chitosanlab.com\/chitosan-fongique\/#breadcrumb\",\"itemListElement\":[{\"@type\":\"ListItem\",\"position\":1,\"name\":\"Home\",\"item\":\"https:\/\/chitosanlab.com\/chitosan-fongique\/\"},{\"@type\":\"ListItem\",\"position\":2,\"name\":\"Accueil\"}]},{\"@type\":\"WebSite\",\"@id\":\"https:\/\/chitosanlab.com\/chitosan-fongique\/#website\",\"url\":\"https:\/\/chitosanlab.com\/chitosan-fongique\/\",\"name\":\"\",\"description\":\"chitosan fongique contre les Brettanomyces\",\"potentialAction\":[{\"@type\":\"SearchAction\",\"target\":{\"@type\":\"EntryPoint\",\"urlTemplate\":\"https:\/\/chitosanlab.com\/chitosan-fongique\/?s={search_term_string}\"},\"query-input\":{\"@type\":\"PropertyValueSpecification\",\"valueRequired\":true,\"valueName\":\"search_term_string\"}}],\"inLanguage\":\"fr-FR\"}]}<\/script>\n<!-- \/ Yoast SEO plugin. -->","yoast_head_json":{"title":"Chitosan fongique contre les levures Brettanomyces","description":"Le chitosane est un polysaccharide\u00a0naturel extrait du champignon\u00a0Aspergillus niger. Non-allerg\u00e8ne, il est utilis\u00e9 en viticulture contre les levures.","robots":{"index":"index","follow":"follow","max-snippet":"max-snippet:-1","max-image-preview":"max-image-preview:large","max-video-preview":"max-video-preview:-1"},"canonical":"https:\/\/chitosanlab.com\/chitosan-fongique\/","og_locale":"fr_FR","og_type":"article","og_title":"Chitosan fongique contre les levures Brettanomyces","og_description":"Le chitosane est un polysaccharide\u00a0naturel extrait du champignon\u00a0Aspergillus niger. Non-allerg\u00e8ne, il est utilis\u00e9 en viticulture contre les levures.","og_url":"https:\/\/chitosanlab.com\/chitosan-fongique\/","article_modified_time":"2017-09-12T16:36:30+00:00","twitter_card":"summary_large_image","twitter_misc":{"Dur\u00e9e de lecture estim\u00e9e":"1 minute"},"schema":{"@context":"https:\/\/schema.org","@graph":[{"@type":"WebPage","@id":"https:\/\/chitosanlab.com\/chitosan-fongique\/","url":"https:\/\/chitosanlab.com\/chitosan-fongique\/","name":"Chitosan fongique contre les levures Brettanomyces","isPartOf":{"@id":"https:\/\/chitosanlab.com\/chitosan-fongique\/#website"},"datePublished":"2017-01-19T14:39:44+00:00","dateModified":"2017-09-12T16:36:30+00:00","description":"Le chitosane est un polysaccharide\u00a0naturel extrait du champignon\u00a0Aspergillus niger. Non-allerg\u00e8ne, il est utilis\u00e9 en viticulture contre les levures.","breadcrumb":{"@id":"https:\/\/chitosanlab.com\/chitosan-fongique\/#breadcrumb"},"inLanguage":"fr-FR","potentialAction":[{"@type":"ReadAction","target":["https:\/\/chitosanlab.com\/chitosan-fongique\/"]}]},{"@type":"BreadcrumbList","@id":"https:\/\/chitosanlab.com\/chitosan-fongique\/#breadcrumb","itemListElement":[{"@type":"ListItem","position":1,"name":"Home","item":"https:\/\/chitosanlab.com\/chitosan-fongique\/"},{"@type":"ListItem","position":2,"name":"Accueil"}]},{"@type":"WebSite","@id":"https:\/\/chitosanlab.com\/chitosan-fongique\/#website","url":"https:\/\/chitosanlab.com\/chitosan-fongique\/","name":"","description":"chitosan fongique contre les Brettanomyces","potentialAction":[{"@type":"SearchAction","target":{"@type":"EntryPoint","urlTemplate":"https:\/\/chitosanlab.com\/chitosan-fongique\/?s={search_term_string}"},"query-input":{"@type":"PropertyValueSpecification","valueRequired":true,"valueName":"search_term_string"}}],"inLanguage":"fr-FR"}]}},"_links":{"self":[{"href":"https:\/\/chitosanlab.com\/chitosan-fongique\/wp-json\/wp\/v2\/pages\/5"}],"collection":[{"href":"https:\/\/chitosanlab.com\/chitosan-fongique\/wp-json\/wp\/v2\/pages"}],"about":[{"href":"https:\/\/chitosanlab.com\/chitosan-fongique\/wp-json\/wp\/v2\/types\/page"}],"author":[{"embeddable":true,"href":"https:\/\/chitosanlab.com\/chitosan-fongique\/wp-json\/wp\/v2\/users\/2"}],"replies":[{"embeddable":true,"href":"https:\/\/chitosanlab.com\/chitosan-fongique\/wp-json\/wp\/v2\/comments?post=5"}],"version-history":[{"count":12,"href":"https:\/\/chitosanlab.com\/chitosan-fongique\/wp-json\/wp\/v2\/pages\/5\/revisions"}],"predecessor-version":[{"id":126,"href":"https:\/\/chitosanlab.com\/chitosan-fongique\/wp-json\/wp\/v2\/pages\/5\/revisions\/126"}],"wp:attachment":[{"href":"https:\/\/chitosanlab.com\/chitosan-fongique\/wp-json\/wp\/v2\/media?parent=5"}],"curies":[{"name":"wp","href":"https:\/\/api.w.org\/{rel}","templated":true}]}}