{"id":13,"date":"2015-03-05T00:53:59","date_gmt":"2015-03-04T23:53:59","guid":{"rendered":"http:\/\/chitosanlab.com\/es\/?page_id=13"},"modified":"2015-05-02T21:57:31","modified_gmt":"2015-05-02T20:57:31","slug":"bioestimulante","status":"publish","type":"page","link":"https:\/\/chitosanlab.com\/es\/bioestimulante\/","title":{"rendered":"Aplicaci\u00f3nes en el campo de la agricultura"},"content":{"rendered":"<h5>Estimulaci\u00f3n del crecimiento<\/h5>\n<p>Aplicar el quitosano tiene efectos positivos en el\u00a0crecimiento de las plantas, estimular tanto\u00a0la germinaci\u00f3n de semillas y el crecimiento\u00a0partes de la planta tales como ra\u00edces, brotes y hojas.\u00a0Los efectos beneficiosos del quitosano se han utilizado\u00a0en plantas florales y en plantas de cosecha.<\/p>\n<h5>Actividad antiviral<img loading=\"lazy\" decoding=\"async\" class=\"alignright size-medium wp-image-162\" src=\"http:\/\/chitosanlab.com\/es\/wp-content\/uploads\/sites\/4\/2015\/03\/panierlegumes-300x200.jpg\" alt=\"bioestimulante\" width=\"300\" height=\"200\" srcset=\"https:\/\/chitosanlab.com\/es\/wp-content\/uploads\/sites\/4\/2015\/03\/panierlegumes-300x200.jpg 300w, https:\/\/chitosanlab.com\/es\/wp-content\/uploads\/sites\/4\/2015\/03\/panierlegumes.jpg 848w\" sizes=\"(max-width: 300px) 100vw, 300px\" \/><\/h5>\n<p>El tratamiento previo con quitosano reduce significativamente la infecci\u00f3n viral en varias especies vegetales.<\/p>\n<h5>Actividad bactericida<\/h5>\n<p>La actividad bactericida\u00a0del quitosano se asocia con su car\u00e1cter cati\u00f3nico. Los grupos amino libres, de carga positiva en medio \u00e1cido,\u00a0interact\u00faan con cargas negativas de la membrana celular\u00a0de los hongos, cambian la\u00a0permeabilidad de la membrana plasm\u00e1tica, con la consecuente alteraci\u00f3n\u00a0de sus principales funciones.<\/p>\n<h5>Actividad fungicida<\/h5>\n<p>El quitosano es un polisac\u00e1rido que act\u00faa como una mol\u00e9cula bioremediator y\u00a0estimula la actividad de microorganismos beneficiosos en el suelo, tales como Bacillus, fluorescente, Pseudomonas, Actinomicetos, micorrizas y rizobacterias, lo que altera el microbiana equilibrio en la rizosfera en desventaja los pat\u00f3genos de plantas, haci\u00e9ndolos capaces de competir a trav\u00e9s de mecanismos como el parasitismo, antibiosis, y la resistencia inducida.<\/p>\n<h5>Inducci\u00f3n de resistencia<\/h5>\n<p>El\u00a0quitosano induce reacciones de defensa en algunas\u00a0plantas,\u00a0resultando en una respuesta m\u00e1s r\u00e1pida al ataque de pat\u00f3genos.\u00a0La quitina y quitosano se utilizan como elicitores para inducir la acumulaci\u00f3n de fitoalexinas en cultivo de tejidos vegetales, fitoalexinas producidas act\u00faan como toxinas para los\u00a0pat\u00f3genos.<\/p>\n<h5>Matriz para la liberaci\u00f3n controlada\u00a0de agroqu\u00edmicos<\/h5>\n<p>Los objetivos del uso de formulaciones para la liberaci\u00f3n\u00a0controlada son la protecci\u00f3n de los agentes suministrados y\u00a0permitir la liberaci\u00f3n autom\u00e1tica del agroqu\u00edmico\u00a0a una\u00a0velocidad adecuada.<\/p>\n<h5>Actividad nematicida<\/h5>\n<p>El mecanismo de acci\u00f3n de la quitina est\u00e1\u00a0basado en el hecho de que su presencia en el suelo\u00a0estimula la proliferaci\u00f3n de bacterias y actinomicetos\u00a0que se alimentan de ella, como por ejemplo los\u00a0hongos nemat\u00f3fagos; estos microorganismos, una vez\u00a0consumida la quitina agregada pasan a consumir\u00a0quitina de otras fuentes, como nematodos y sus\u00a0huevos.<\/p>\n","protected":false},"excerpt":{"rendered":"<p>Estimulaci\u00f3n del crecimiento Aplicar el quitosano tiene efectos positivos en el\u00a0crecimiento de las plantas, estimular tanto\u00a0la germinaci\u00f3n de semillas y el crecimiento\u00a0partes de la planta tales como ra\u00edces, brotes y hojas.\u00a0Los efectos beneficiosos del quitosano se han utilizado\u00a0en plantas florales y en plantas de cosecha. Actividad antiviral El tratamiento previo con quitosano reduce significativamente la infecci\u00f3n viral en varias especies vegetales. Actividad bactericida La actividad bactericida\u00a0del quitosano se asocia con su car\u00e1cter cati\u00f3nico. Los grupos amino libres, de carga positiva en medio \u00e1cido,\u00a0interact\u00faan con cargas negativas de la membrana celular\u00a0de los hongos, cambian la\u00a0permeabilidad de la membrana plasm\u00e1tica, con la consecuente alteraci\u00f3n\u00a0de sus principales funciones. Actividad fungicida El quitosano es un polisac\u00e1rido que act\u00faa como una mol\u00e9cula bioremediator y\u00a0estimula la actividad de microorganismos beneficiosos en el suelo, tales como Bacillus, fluorescente, Pseudomonas, Actinomicetos, micorrizas y rizobacterias, lo que altera el microbiana equilibrio en la rizosfera en desventaja los pat\u00f3genos de plantas, haci\u00e9ndolos capaces de competir a trav\u00e9s de mecanismos como el parasitismo, antibiosis, y la resistencia inducida. Inducci\u00f3n de resistencia El\u00a0quitosano induce reacciones de defensa en algunas\u00a0plantas,\u00a0resultando en una respuesta m\u00e1s r\u00e1pida al ataque de pat\u00f3genos.\u00a0La quitina y quitosano se utilizan como elicitores para inducir la acumulaci\u00f3n de fitoalexinas en cultivo de tejidos vegetales, fitoalexinas producidas act\u00faan como toxinas para los\u00a0pat\u00f3genos. Matriz para la liberaci\u00f3n controlada\u00a0de agroqu\u00edmicos Los objetivos del uso de formulaciones para la liberaci\u00f3n\u00a0controlada son la protecci\u00f3n de los agentes suministrados y\u00a0permitir la liberaci\u00f3n autom\u00e1tica del agroqu\u00edmico\u00a0a una\u00a0velocidad adecuada. Actividad nematicida El mecanismo de acci\u00f3n de la quitina est\u00e1\u00a0basado en el hecho de que su presencia en el suelo\u00a0estimula la proliferaci\u00f3n de bacterias y actinomicetos\u00a0que se alimentan de ella, como por ejemplo los\u00a0hongos nemat\u00f3fagos; estos microorganismos, una vez\u00a0consumida la quitina agregada pasan a consumir\u00a0quitina de otras fuentes, como nematodos y sus\u00a0huevos.<\/p>\n","protected":false},"author":2,"featured_media":0,"parent":0,"menu_order":0,"comment_status":"open","ping_status":"open","template":"","meta":{"footnotes":""},"class_list":["post-13","page","type-page","status-publish","hentry"],"yoast_head":"<!-- This site is optimized with the Yoast SEO plugin v25.6 - https:\/\/yoast.com\/wordpress\/plugins\/seo\/ -->\n<title>quitosano uso agricola<\/title>\n<meta name=\"description\" content=\"Productor y exportator de quitosano y quitina. Aplicaciones de los biopol\u00edmeros quitina y quitosano en la agricultura.\" \/>\n<meta name=\"robots\" content=\"index, follow, max-snippet:-1, max-image-preview:large, max-video-preview:-1\" \/>\n<link rel=\"canonical\" href=\"https:\/\/chitosanlab.com\/es\/bioestimulante\/\" \/>\n<meta property=\"og:locale\" content=\"es_ES\" \/>\n<meta property=\"og:type\" content=\"article\" \/>\n<meta property=\"og:title\" content=\"quitosano uso agricola\" \/>\n<meta property=\"og:description\" content=\"Productor y exportator de quitosano y quitina. Aplicaciones de los biopol\u00edmeros quitina y quitosano en la agricultura.\" \/>\n<meta property=\"og:url\" content=\"https:\/\/chitosanlab.com\/es\/bioestimulante\/\" \/>\n<meta property=\"article:modified_time\" content=\"2015-05-02T20:57:31+00:00\" \/>\n<meta property=\"og:image\" content=\"http:\/\/chitosanlab.com\/es\/wp-content\/uploads\/sites\/4\/2015\/03\/panierlegumes-300x200.jpg\" \/>\n<meta name=\"twitter:label1\" content=\"Tiempo de lectura\" \/>\n\t<meta name=\"twitter:data1\" content=\"2 minutes\" \/>\n<script type=\"application\/ld+json\" class=\"yoast-schema-graph\">{\"@context\":\"https:\/\/schema.org\",\"@graph\":[{\"@type\":\"WebPage\",\"@id\":\"https:\/\/chitosanlab.com\/es\/bioestimulante\/\",\"url\":\"https:\/\/chitosanlab.com\/es\/bioestimulante\/\",\"name\":\"quitosano uso agricola\",\"isPartOf\":{\"@id\":\"https:\/\/chitosanlab.com\/es\/#website\"},\"primaryImageOfPage\":{\"@id\":\"https:\/\/chitosanlab.com\/es\/bioestimulante\/#primaryimage\"},\"image\":{\"@id\":\"https:\/\/chitosanlab.com\/es\/bioestimulante\/#primaryimage\"},\"thumbnailUrl\":\"http:\/\/chitosanlab.com\/es\/wp-content\/uploads\/sites\/4\/2015\/03\/panierlegumes-300x200.jpg\",\"datePublished\":\"2015-03-04T23:53:59+00:00\",\"dateModified\":\"2015-05-02T20:57:31+00:00\",\"description\":\"Productor y exportator de quitosano y quitina. Aplicaciones de los biopol\u00edmeros quitina y quitosano en la agricultura.\",\"breadcrumb\":{\"@id\":\"https:\/\/chitosanlab.com\/es\/bioestimulante\/#breadcrumb\"},\"inLanguage\":\"es-ES\",\"potentialAction\":[{\"@type\":\"ReadAction\",\"target\":[\"https:\/\/chitosanlab.com\/es\/bioestimulante\/\"]}]},{\"@type\":\"ImageObject\",\"inLanguage\":\"es-ES\",\"@id\":\"https:\/\/chitosanlab.com\/es\/bioestimulante\/#primaryimage\",\"url\":\"http:\/\/chitosanlab.com\/es\/wp-content\/uploads\/sites\/4\/2015\/03\/panierlegumes-300x200.jpg\",\"contentUrl\":\"http:\/\/chitosanlab.com\/es\/wp-content\/uploads\/sites\/4\/2015\/03\/panierlegumes-300x200.jpg\"},{\"@type\":\"BreadcrumbList\",\"@id\":\"https:\/\/chitosanlab.com\/es\/bioestimulante\/#breadcrumb\",\"itemListElement\":[{\"@type\":\"ListItem\",\"position\":1,\"name\":\"Accueil\",\"item\":\"https:\/\/chitosanlab.com\/es\/\"},{\"@type\":\"ListItem\",\"position\":2,\"name\":\"Aplicaci\u00f3nes en el campo de la agricultura\"}]},{\"@type\":\"WebSite\",\"@id\":\"https:\/\/chitosanlab.com\/es\/#website\",\"url\":\"https:\/\/chitosanlab.com\/es\/\",\"name\":\"\",\"description\":\"Quitosano a granel\",\"potentialAction\":[{\"@type\":\"SearchAction\",\"target\":{\"@type\":\"EntryPoint\",\"urlTemplate\":\"https:\/\/chitosanlab.com\/es\/?s={search_term_string}\"},\"query-input\":{\"@type\":\"PropertyValueSpecification\",\"valueRequired\":true,\"valueName\":\"search_term_string\"}}],\"inLanguage\":\"es-ES\"}]}<\/script>\n<!-- \/ Yoast SEO plugin. -->","yoast_head_json":{"title":"quitosano uso agricola","description":"Productor y exportator de quitosano y quitina. Aplicaciones de los biopol\u00edmeros quitina y quitosano en la agricultura.","robots":{"index":"index","follow":"follow","max-snippet":"max-snippet:-1","max-image-preview":"max-image-preview:large","max-video-preview":"max-video-preview:-1"},"canonical":"https:\/\/chitosanlab.com\/es\/bioestimulante\/","og_locale":"es_ES","og_type":"article","og_title":"quitosano uso agricola","og_description":"Productor y exportator de quitosano y quitina. Aplicaciones de los biopol\u00edmeros quitina y quitosano en la agricultura.","og_url":"https:\/\/chitosanlab.com\/es\/bioestimulante\/","article_modified_time":"2015-05-02T20:57:31+00:00","og_image":[{"url":"http:\/\/chitosanlab.com\/es\/wp-content\/uploads\/sites\/4\/2015\/03\/panierlegumes-300x200.jpg","type":"","width":"","height":""}],"twitter_misc":{"Tiempo de lectura":"2 minutes"},"schema":{"@context":"https:\/\/schema.org","@graph":[{"@type":"WebPage","@id":"https:\/\/chitosanlab.com\/es\/bioestimulante\/","url":"https:\/\/chitosanlab.com\/es\/bioestimulante\/","name":"quitosano uso agricola","isPartOf":{"@id":"https:\/\/chitosanlab.com\/es\/#website"},"primaryImageOfPage":{"@id":"https:\/\/chitosanlab.com\/es\/bioestimulante\/#primaryimage"},"image":{"@id":"https:\/\/chitosanlab.com\/es\/bioestimulante\/#primaryimage"},"thumbnailUrl":"http:\/\/chitosanlab.com\/es\/wp-content\/uploads\/sites\/4\/2015\/03\/panierlegumes-300x200.jpg","datePublished":"2015-03-04T23:53:59+00:00","dateModified":"2015-05-02T20:57:31+00:00","description":"Productor y exportator de quitosano y quitina. Aplicaciones de los biopol\u00edmeros quitina y quitosano en la agricultura.","breadcrumb":{"@id":"https:\/\/chitosanlab.com\/es\/bioestimulante\/#breadcrumb"},"inLanguage":"es-ES","potentialAction":[{"@type":"ReadAction","target":["https:\/\/chitosanlab.com\/es\/bioestimulante\/"]}]},{"@type":"ImageObject","inLanguage":"es-ES","@id":"https:\/\/chitosanlab.com\/es\/bioestimulante\/#primaryimage","url":"http:\/\/chitosanlab.com\/es\/wp-content\/uploads\/sites\/4\/2015\/03\/panierlegumes-300x200.jpg","contentUrl":"http:\/\/chitosanlab.com\/es\/wp-content\/uploads\/sites\/4\/2015\/03\/panierlegumes-300x200.jpg"},{"@type":"BreadcrumbList","@id":"https:\/\/chitosanlab.com\/es\/bioestimulante\/#breadcrumb","itemListElement":[{"@type":"ListItem","position":1,"name":"Accueil","item":"https:\/\/chitosanlab.com\/es\/"},{"@type":"ListItem","position":2,"name":"Aplicaci\u00f3nes en el campo de la agricultura"}]},{"@type":"WebSite","@id":"https:\/\/chitosanlab.com\/es\/#website","url":"https:\/\/chitosanlab.com\/es\/","name":"","description":"Quitosano a granel","potentialAction":[{"@type":"SearchAction","target":{"@type":"EntryPoint","urlTemplate":"https:\/\/chitosanlab.com\/es\/?s={search_term_string}"},"query-input":{"@type":"PropertyValueSpecification","valueRequired":true,"valueName":"search_term_string"}}],"inLanguage":"es-ES"}]}},"_links":{"self":[{"href":"https:\/\/chitosanlab.com\/es\/wp-json\/wp\/v2\/pages\/13"}],"collection":[{"href":"https:\/\/chitosanlab.com\/es\/wp-json\/wp\/v2\/pages"}],"about":[{"href":"https:\/\/chitosanlab.com\/es\/wp-json\/wp\/v2\/types\/page"}],"author":[{"embeddable":true,"href":"https:\/\/chitosanlab.com\/es\/wp-json\/wp\/v2\/users\/2"}],"replies":[{"embeddable":true,"href":"https:\/\/chitosanlab.com\/es\/wp-json\/wp\/v2\/comments?post=13"}],"version-history":[{"count":28,"href":"https:\/\/chitosanlab.com\/es\/wp-json\/wp\/v2\/pages\/13\/revisions"}],"predecessor-version":[{"id":163,"href":"https:\/\/chitosanlab.com\/es\/wp-json\/wp\/v2\/pages\/13\/revisions\/163"}],"wp:attachment":[{"href":"https:\/\/chitosanlab.com\/es\/wp-json\/wp\/v2\/media?parent=13"}],"curies":[{"name":"wp","href":"https:\/\/api.w.org\/{rel}","templated":true}]}}