{"id":17,"date":"2015-03-05T01:03:05","date_gmt":"2015-03-05T00:03:05","guid":{"rendered":"http:\/\/chitosanlab.com\/es\/?page_id=17"},"modified":"2018-02-19T06:32:43","modified_gmt":"2018-02-19T05:32:43","slug":"aplicaciones","status":"publish","type":"page","link":"https:\/\/chitosanlab.com\/es\/aplicaciones\/","title":{"rendered":"Usos Comunes"},"content":{"rendered":"<div class=\"message-box-wrapper red\"><div class=\"message-box-title\">Cosm\u00e9ticos<\/div><div class=\"message-box-content\"> hidratante, emulsificante, emoliente, espesante, formaci\u00f3n de\u00a0pel\u00edculas. Salud: control del colesterol, liberaci\u00f3n de drogas, pr\u00f3tesis dentales,\u00a0suturas, biomateriales, vendas para los ojos, antibacterial, anticongelante.<\/div><\/div>\n<div class=\"message-box-wrapper green\"><div class=\"message-box-title\">Agricultura<\/div><div class=\"message-box-content\"> fungicida, i<span class=\"a\">nductor de\u00a0<\/span><span class=\"a\">resistencia,\u00a0antimicrobiana, bioestimulante,\u00a0<\/span>nematicida, biocida, alimentaci\u00f3n animal, liberaci\u00f3n continua, tratamiento de\u00a0semillas.<\/div><\/div>\n<div class=\"message-box-wrapper yellow\"><div class=\"message-box-title\">Alimentos<\/div><div class=\"message-box-content\">clarificaci\u00f3n, nutrac\u00e9utico, fibra diet\u00e9tica, remoci\u00f3n de taninos, cromatograf\u00eda,\u00a0agentes gelatinizados y espesante, reutilizaci\u00f3n de prote\u00ednas.<\/div><\/div>\n<div class=\"message-box-wrapper blue\"><div class=\"message-box-title\">Tratamiento de aguas<\/div><div class=\"message-box-content\">aplicaciones en el tratamiento de aguas se deben a la naturaleza cati\u00f3nica del quitosano,\u00a0siendo utilizado como agente floculante y quelante y adsorbiendo prote\u00ednas, compuestos\u00a0org\u00e1nicos y metales pesados, remoci\u00f3n de\u00a0colorantes.<\/div><\/div>\n<div class=\"message-box-wrapper red\"><div class=\"message-box-title\">industria textil<\/div><div class=\"message-box-content\">textiles higi\u00e9nicos, para impartir estaticidad y como repelente\u00a0de suciedad, para decoloraci\u00f3n de efluentes textiles, hilados y fibras.<\/div><\/div>\n<div class=\"message-box-wrapper yellow\"><div class=\"message-box-title\">Biotecnolog\u00eda<\/div><div class=\"message-box-content\">inmovilizaci\u00f3n de enzimas, encapsulamiento, filtro ayuda,\u00a0inmovilizaci\u00f3n de c\u00e9lulas, reutilizaci\u00f3n de prote\u00ednas,\u00a0excipiente y carrier de\u00a0drogas en film, gel o en polvo.<\/div><\/div>\n<div class=\"message-box-wrapper blue\"><div class=\"message-box-title\">Fabricaci\u00f3n de papel<\/div><div class=\"message-box-content\">tratamiento de superficies, papel\u00a0fotogr\u00e1fico.<\/div><\/div>\n<div class=\"message-box-wrapper yellow\"><div class=\"message-box-title\">Medicina<\/div><div class=\"message-box-content\">gasas, algod\u00f3n, contenedor artificial de\u00a0sangre, control de colesterol, inhibidor\u00a0tumoral, membranas, inhibici\u00f3n de\u00a0placas dentarias, cicatrizaci\u00f3n de\u00a0heridas, piel artificial, tratamientos de\u00a0enfermedades \u00f3seas, lentes de contacto,\u00a0membranas de di\u00e1lisis, bolsas de sangre,\u00a0anticoagulante.<\/div><\/div>\n<div class=\"clear\"><\/div><div class=\"divider\"><div class=\"scroll-top\">Go To Top<\/div><\/div>\n","protected":false},"excerpt":{"rendered":"","protected":false},"author":2,"featured_media":0,"parent":0,"menu_order":0,"comment_status":"open","ping_status":"open","template":"","meta":{"footnotes":""},"class_list":["post-17","page","type-page","status-publish","hentry"],"yoast_head":"<!-- This site is optimized with the Yoast SEO plugin v27.4 - https:\/\/yoast.com\/product\/yoast-seo-wordpress\/ -->\n<title>Aplicaciones del quitosano<\/title>\n<meta name=\"description\" content=\"quitosano biomaterial\" \/>\n<meta name=\"robots\" content=\"index, follow, max-snippet:-1, max-image-preview:large, max-video-preview:-1\" \/>\n<link rel=\"canonical\" href=\"https:\/\/chitosanlab.com\/es\/aplicaciones\/\" \/>\n<meta property=\"og:locale\" content=\"es_ES\" \/>\n<meta property=\"og:type\" content=\"article\" \/>\n<meta property=\"og:title\" content=\"Aplicaciones del quitosano\" \/>\n<meta property=\"og:description\" content=\"quitosano biomaterial\" \/>\n<meta property=\"og:url\" content=\"https:\/\/chitosanlab.com\/es\/aplicaciones\/\" \/>\n<meta property=\"article:modified_time\" content=\"2018-02-19T05:32:43+00:00\" \/>\n<meta name=\"twitter:label1\" content=\"Tiempo de lectura\" \/>\n\t<meta name=\"twitter:data1\" content=\"1 minute\" \/>\n<script type=\"application\/ld+json\" class=\"yoast-schema-graph\">{\"@context\":\"https:\\\/\\\/schema.org\",\"@graph\":[{\"@type\":\"WebPage\",\"@id\":\"https:\\\/\\\/chitosanlab.com\\\/es\\\/aplicaciones\\\/\",\"url\":\"https:\\\/\\\/chitosanlab.com\\\/es\\\/aplicaciones\\\/\",\"name\":\"Aplicaciones del quitosano\",\"isPartOf\":{\"@id\":\"https:\\\/\\\/chitosanlab.com\\\/es\\\/#website\"},\"datePublished\":\"2015-03-05T00:03:05+00:00\",\"dateModified\":\"2018-02-19T05:32:43+00:00\",\"description\":\"quitosano biomaterial\",\"breadcrumb\":{\"@id\":\"https:\\\/\\\/chitosanlab.com\\\/es\\\/aplicaciones\\\/#breadcrumb\"},\"inLanguage\":\"es-ES\",\"potentialAction\":[{\"@type\":\"ReadAction\",\"target\":[\"https:\\\/\\\/chitosanlab.com\\\/es\\\/aplicaciones\\\/\"]}]},{\"@type\":\"BreadcrumbList\",\"@id\":\"https:\\\/\\\/chitosanlab.com\\\/es\\\/aplicaciones\\\/#breadcrumb\",\"itemListElement\":[{\"@type\":\"ListItem\",\"position\":1,\"name\":\"Accueil\",\"item\":\"https:\\\/\\\/chitosanlab.com\\\/es\\\/\"},{\"@type\":\"ListItem\",\"position\":2,\"name\":\"Usos Comunes\"}]},{\"@type\":\"WebSite\",\"@id\":\"https:\\\/\\\/chitosanlab.com\\\/es\\\/#website\",\"url\":\"https:\\\/\\\/chitosanlab.com\\\/es\\\/\",\"name\":\"\",\"description\":\"Quitosano a granel\",\"potentialAction\":[{\"@type\":\"SearchAction\",\"target\":{\"@type\":\"EntryPoint\",\"urlTemplate\":\"https:\\\/\\\/chitosanlab.com\\\/es\\\/?s={search_term_string}\"},\"query-input\":{\"@type\":\"PropertyValueSpecification\",\"valueRequired\":true,\"valueName\":\"search_term_string\"}}],\"inLanguage\":\"es-ES\"}]}<\/script>\n<!-- \/ Yoast SEO plugin. -->","yoast_head_json":{"title":"Aplicaciones del quitosano","description":"quitosano biomaterial","robots":{"index":"index","follow":"follow","max-snippet":"max-snippet:-1","max-image-preview":"max-image-preview:large","max-video-preview":"max-video-preview:-1"},"canonical":"https:\/\/chitosanlab.com\/es\/aplicaciones\/","og_locale":"es_ES","og_type":"article","og_title":"Aplicaciones del quitosano","og_description":"quitosano biomaterial","og_url":"https:\/\/chitosanlab.com\/es\/aplicaciones\/","article_modified_time":"2018-02-19T05:32:43+00:00","twitter_misc":{"Tiempo de lectura":"1 minute"},"schema":{"@context":"https:\/\/schema.org","@graph":[{"@type":"WebPage","@id":"https:\/\/chitosanlab.com\/es\/aplicaciones\/","url":"https:\/\/chitosanlab.com\/es\/aplicaciones\/","name":"Aplicaciones del quitosano","isPartOf":{"@id":"https:\/\/chitosanlab.com\/es\/#website"},"datePublished":"2015-03-05T00:03:05+00:00","dateModified":"2018-02-19T05:32:43+00:00","description":"quitosano biomaterial","breadcrumb":{"@id":"https:\/\/chitosanlab.com\/es\/aplicaciones\/#breadcrumb"},"inLanguage":"es-ES","potentialAction":[{"@type":"ReadAction","target":["https:\/\/chitosanlab.com\/es\/aplicaciones\/"]}]},{"@type":"BreadcrumbList","@id":"https:\/\/chitosanlab.com\/es\/aplicaciones\/#breadcrumb","itemListElement":[{"@type":"ListItem","position":1,"name":"Accueil","item":"https:\/\/chitosanlab.com\/es\/"},{"@type":"ListItem","position":2,"name":"Usos Comunes"}]},{"@type":"WebSite","@id":"https:\/\/chitosanlab.com\/es\/#website","url":"https:\/\/chitosanlab.com\/es\/","name":"","description":"Quitosano a granel","potentialAction":[{"@type":"SearchAction","target":{"@type":"EntryPoint","urlTemplate":"https:\/\/chitosanlab.com\/es\/?s={search_term_string}"},"query-input":{"@type":"PropertyValueSpecification","valueRequired":true,"valueName":"search_term_string"}}],"inLanguage":"es-ES"}]}},"_links":{"self":[{"href":"https:\/\/chitosanlab.com\/es\/wp-json\/wp\/v2\/pages\/17","targetHints":{"allow":["GET"]}}],"collection":[{"href":"https:\/\/chitosanlab.com\/es\/wp-json\/wp\/v2\/pages"}],"about":[{"href":"https:\/\/chitosanlab.com\/es\/wp-json\/wp\/v2\/types\/page"}],"author":[{"embeddable":true,"href":"https:\/\/chitosanlab.com\/es\/wp-json\/wp\/v2\/users\/2"}],"replies":[{"embeddable":true,"href":"https:\/\/chitosanlab.com\/es\/wp-json\/wp\/v2\/comments?post=17"}],"version-history":[{"count":27,"href":"https:\/\/chitosanlab.com\/es\/wp-json\/wp\/v2\/pages\/17\/revisions"}],"predecessor-version":[{"id":442,"href":"https:\/\/chitosanlab.com\/es\/wp-json\/wp\/v2\/pages\/17\/revisions\/442"}],"wp:attachment":[{"href":"https:\/\/chitosanlab.com\/es\/wp-json\/wp\/v2\/media?parent=17"}],"curies":[{"name":"wp","href":"https:\/\/api.w.org\/{rel}","templated":true}]}}