{"id":25,"date":"2015-03-05T01:13:37","date_gmt":"2015-03-05T00:13:37","guid":{"rendered":"http:\/\/chitosanlab.com\/es\/?page_id=25"},"modified":"2024-05-12T19:37:56","modified_gmt":"2024-05-12T18:37:56","slug":"quienes-somos","status":"publish","type":"page","link":"https:\/\/chitosanlab.com\/es\/quienes-somos\/","title":{"rendered":"Qui\u00e9nes somos"},"content":{"rendered":"<div class='gdl-image-frame shortcode-image-left' style='max-width: 100%; float: left; width: 333px; height: 250px; '><a href='http:\/\/chitosanlab.com\/wp-content\/uploads\/2012\/03\/impact.jpg' data-rel='prettyPhoto'  title='Bangkok' ><img src='http:\/\/chitosanlab.com\/wp-content\/uploads\/2012\/03\/impact.jpg' style='width:333px; height:250px;' alt='' title='Bangkok' \/><\/a><\/div>\n<div class=\"shortcode-dropcap circle\" style=\"color:#ffffff; background-color:#555555;\">C<\/div>\n<p>hitosanlab es un nuevo negocio situado en Breta\u00f1a, al noroeste de Francia. Suministramos la quitina, el quitosano y sus derivados en el mercado global. Estos biopol\u00edmeros renovables se extraen de la biomasa sostenible: las conchas de camarones y plumas de calamar. En Tailandia, la mayor\u00eda de las plantas de procesamiento de mariscos est\u00e1n en la provincia de Samut Sakhon. Nuestra pareja comenz\u00f3 una actividad de mariscos all\u00ed hace m\u00e1s de 30 a\u00f1os, ahora es uno de la planta de procesamiento de camarones 3 m\u00e1s grande de Tailandia. En 2011, el grupo cre\u00f3 una filial biopol\u00edmero para aprovechar la materia prima de alta calidad disponible. 2013 marc\u00f3 una nueva era con la finalizaci\u00f3n de instalaciones de primera clase y la certificaci\u00f3n GMP.<\/p>\n<p>Olivier, empresario franc\u00e9s, es su \u00fanico punto de contacto para cualquier consulta o pedido. En primer lugar, nos aseguramos de entender sus necesidades y, a continuaci\u00f3n te damos un tiempo estimado y el parto. Y porque sabemos que es importante probar de antemano, estamos m\u00e1s que encantados de enviarle muestras para que pueda ver nuestra calidad de cerca y personal.<\/p>\n<p>Gracias a nuestro contacto constante con el equipo de la planta, podemos controlar la calidad y asegurarse de que las propiedades de quitosano se adaptan a los requisitos del cliente. A veces es posible que tenga un enfoque de ensayo y error para conseguir la f\u00f3rmula adecuada, en este caso, no dude en pedir m\u00e1s muestras y mantenerse en contacto con nosotros &#8230; hasta que todo es perfecto!<\/p>\n<p>Olivier vivi\u00f3 en 3 continentes, reuniendo experiencia en el comercio internacional. Como empresario global, \u00e9l cree que su mayor reto es superar la distancia ps\u00edquica entre los pa\u00edses.<\/p>\n","protected":false},"excerpt":{"rendered":"<p>hitosanlab es un nuevo negocio situado en Breta\u00f1a, al noroeste de Francia. Suministramos la quitina, el quitosano y sus derivados en el mercado global. Estos biopol\u00edmeros renovables se extraen de la biomasa sostenible: las conchas de camarones y plumas de calamar. En Tailandia, la mayor\u00eda de las plantas de procesamiento de mariscos est\u00e1n en la provincia de Samut Sakhon. Nuestra pareja comenz\u00f3 una actividad de mariscos all\u00ed hace m\u00e1s de 30 a\u00f1os, ahora es uno de la planta de procesamiento de camarones 3 m\u00e1s grande de Tailandia. En 2011, el grupo cre\u00f3 una filial biopol\u00edmero para aprovechar la materia prima de alta calidad disponible. 2013 marc\u00f3 una nueva era con la finalizaci\u00f3n de instalaciones de primera clase y la certificaci\u00f3n GMP. Olivier, empresario franc\u00e9s, es su \u00fanico punto de contacto para cualquier consulta o pedido. En primer lugar, nos aseguramos de entender sus necesidades y, a continuaci\u00f3n te damos un tiempo estimado y el parto. Y porque sabemos que es importante probar de antemano, estamos m\u00e1s que encantados de enviarle muestras para que pueda ver nuestra calidad de cerca y personal. Gracias a nuestro contacto constante con el equipo de la planta, podemos controlar la calidad y asegurarse de que las propiedades de quitosano se adaptan a los requisitos del cliente. A veces es posible que tenga un enfoque de ensayo y error para conseguir la f\u00f3rmula adecuada, en este caso, no dude en pedir m\u00e1s muestras y mantenerse en contacto con nosotros &#8230; hasta que todo es perfecto! Olivier vivi\u00f3 en 3 continentes, reuniendo experiencia en el comercio internacional. Como empresario global, \u00e9l cree que su mayor reto es superar la distancia ps\u00edquica entre los pa\u00edses.<\/p>\n","protected":false},"author":2,"featured_media":0,"parent":0,"menu_order":0,"comment_status":"open","ping_status":"open","template":"","meta":{"footnotes":""},"class_list":["post-25","page","type-page","status-publish","hentry"],"yoast_head":"<!-- This site is optimized with the Yoast SEO plugin v27.4 - https:\/\/yoast.com\/product\/yoast-seo-wordpress\/ -->\n<title>quitosano europa<\/title>\n<meta name=\"robots\" content=\"index, follow, max-snippet:-1, max-image-preview:large, max-video-preview:-1\" \/>\n<link rel=\"canonical\" href=\"https:\/\/chitosanlab.com\/es\/quienes-somos\/\" \/>\n<meta property=\"og:locale\" content=\"es_ES\" \/>\n<meta property=\"og:type\" content=\"article\" \/>\n<meta property=\"og:title\" content=\"quitosano europa\" \/>\n<meta property=\"og:description\" content=\"hitosanlab es un nuevo negocio situado en Breta\u00f1a, al noroeste de Francia. Suministramos la quitina, el quitosano y sus derivados en el mercado global. Estos biopol\u00edmeros renovables se extraen de la biomasa sostenible: las conchas de camarones y plumas de calamar. En Tailandia, la mayor\u00eda de las plantas de procesamiento de mariscos est\u00e1n en la provincia de Samut Sakhon. Nuestra pareja comenz\u00f3 una actividad de mariscos all\u00ed hace m\u00e1s de 30 a\u00f1os, ahora es uno de la planta de procesamiento de camarones 3 m\u00e1s grande de Tailandia. En 2011, el grupo cre\u00f3 una filial biopol\u00edmero para aprovechar la materia prima de alta calidad disponible. 2013 marc\u00f3 una nueva era con la finalizaci\u00f3n de instalaciones de primera clase y la certificaci\u00f3n GMP. Olivier, empresario franc\u00e9s, es su \u00fanico punto de contacto para cualquier consulta o pedido. En primer lugar, nos aseguramos de entender sus necesidades y, a continuaci\u00f3n te damos un tiempo estimado y el parto. Y porque sabemos que es importante probar de antemano, estamos m\u00e1s que encantados de enviarle muestras para que pueda ver nuestra calidad de cerca y personal. Gracias a nuestro contacto constante con el equipo de la planta, podemos controlar la calidad y asegurarse de que las propiedades de quitosano se adaptan a los requisitos del cliente. A veces es posible que tenga un enfoque de ensayo y error para conseguir la f\u00f3rmula adecuada, en este caso, no dude en pedir m\u00e1s muestras y mantenerse en contacto con nosotros &#8230; hasta que todo es perfecto! Olivier vivi\u00f3 en 3 continentes, reuniendo experiencia en el comercio internacional. Como empresario global, \u00e9l cree que su mayor reto es superar la distancia ps\u00edquica entre los pa\u00edses.\" \/>\n<meta property=\"og:url\" content=\"https:\/\/chitosanlab.com\/es\/quienes-somos\/\" \/>\n<meta property=\"article:modified_time\" content=\"2024-05-12T18:37:56+00:00\" \/>\n<meta name=\"twitter:label1\" content=\"Tiempo de lectura\" \/>\n\t<meta name=\"twitter:data1\" content=\"2 minutes\" \/>\n<script type=\"application\/ld+json\" class=\"yoast-schema-graph\">{\"@context\":\"https:\\\/\\\/schema.org\",\"@graph\":[{\"@type\":\"WebPage\",\"@id\":\"https:\\\/\\\/chitosanlab.com\\\/es\\\/quienes-somos\\\/\",\"url\":\"https:\\\/\\\/chitosanlab.com\\\/es\\\/quienes-somos\\\/\",\"name\":\"quitosano europa\",\"isPartOf\":{\"@id\":\"https:\\\/\\\/chitosanlab.com\\\/es\\\/#website\"},\"datePublished\":\"2015-03-05T00:13:37+00:00\",\"dateModified\":\"2024-05-12T18:37:56+00:00\",\"breadcrumb\":{\"@id\":\"https:\\\/\\\/chitosanlab.com\\\/es\\\/quienes-somos\\\/#breadcrumb\"},\"inLanguage\":\"es-ES\",\"potentialAction\":[{\"@type\":\"ReadAction\",\"target\":[\"https:\\\/\\\/chitosanlab.com\\\/es\\\/quienes-somos\\\/\"]}]},{\"@type\":\"BreadcrumbList\",\"@id\":\"https:\\\/\\\/chitosanlab.com\\\/es\\\/quienes-somos\\\/#breadcrumb\",\"itemListElement\":[{\"@type\":\"ListItem\",\"position\":1,\"name\":\"Accueil\",\"item\":\"https:\\\/\\\/chitosanlab.com\\\/es\\\/\"},{\"@type\":\"ListItem\",\"position\":2,\"name\":\"Qui\u00e9nes somos\"}]},{\"@type\":\"WebSite\",\"@id\":\"https:\\\/\\\/chitosanlab.com\\\/es\\\/#website\",\"url\":\"https:\\\/\\\/chitosanlab.com\\\/es\\\/\",\"name\":\"\",\"description\":\"Quitosano a granel\",\"potentialAction\":[{\"@type\":\"SearchAction\",\"target\":{\"@type\":\"EntryPoint\",\"urlTemplate\":\"https:\\\/\\\/chitosanlab.com\\\/es\\\/?s={search_term_string}\"},\"query-input\":{\"@type\":\"PropertyValueSpecification\",\"valueRequired\":true,\"valueName\":\"search_term_string\"}}],\"inLanguage\":\"es-ES\"}]}<\/script>\n<!-- \/ Yoast SEO plugin. -->","yoast_head_json":{"title":"quitosano europa","robots":{"index":"index","follow":"follow","max-snippet":"max-snippet:-1","max-image-preview":"max-image-preview:large","max-video-preview":"max-video-preview:-1"},"canonical":"https:\/\/chitosanlab.com\/es\/quienes-somos\/","og_locale":"es_ES","og_type":"article","og_title":"quitosano europa","og_description":"hitosanlab es un nuevo negocio situado en Breta\u00f1a, al noroeste de Francia. Suministramos la quitina, el quitosano y sus derivados en el mercado global. Estos biopol\u00edmeros renovables se extraen de la biomasa sostenible: las conchas de camarones y plumas de calamar. En Tailandia, la mayor\u00eda de las plantas de procesamiento de mariscos est\u00e1n en la provincia de Samut Sakhon. Nuestra pareja comenz\u00f3 una actividad de mariscos all\u00ed hace m\u00e1s de 30 a\u00f1os, ahora es uno de la planta de procesamiento de camarones 3 m\u00e1s grande de Tailandia. En 2011, el grupo cre\u00f3 una filial biopol\u00edmero para aprovechar la materia prima de alta calidad disponible. 2013 marc\u00f3 una nueva era con la finalizaci\u00f3n de instalaciones de primera clase y la certificaci\u00f3n GMP. Olivier, empresario franc\u00e9s, es su \u00fanico punto de contacto para cualquier consulta o pedido. En primer lugar, nos aseguramos de entender sus necesidades y, a continuaci\u00f3n te damos un tiempo estimado y el parto. Y porque sabemos que es importante probar de antemano, estamos m\u00e1s que encantados de enviarle muestras para que pueda ver nuestra calidad de cerca y personal. Gracias a nuestro contacto constante con el equipo de la planta, podemos controlar la calidad y asegurarse de que las propiedades de quitosano se adaptan a los requisitos del cliente. A veces es posible que tenga un enfoque de ensayo y error para conseguir la f\u00f3rmula adecuada, en este caso, no dude en pedir m\u00e1s muestras y mantenerse en contacto con nosotros &#8230; hasta que todo es perfecto! Olivier vivi\u00f3 en 3 continentes, reuniendo experiencia en el comercio internacional. Como empresario global, \u00e9l cree que su mayor reto es superar la distancia ps\u00edquica entre los pa\u00edses.","og_url":"https:\/\/chitosanlab.com\/es\/quienes-somos\/","article_modified_time":"2024-05-12T18:37:56+00:00","twitter_misc":{"Tiempo de lectura":"2 minutes"},"schema":{"@context":"https:\/\/schema.org","@graph":[{"@type":"WebPage","@id":"https:\/\/chitosanlab.com\/es\/quienes-somos\/","url":"https:\/\/chitosanlab.com\/es\/quienes-somos\/","name":"quitosano europa","isPartOf":{"@id":"https:\/\/chitosanlab.com\/es\/#website"},"datePublished":"2015-03-05T00:13:37+00:00","dateModified":"2024-05-12T18:37:56+00:00","breadcrumb":{"@id":"https:\/\/chitosanlab.com\/es\/quienes-somos\/#breadcrumb"},"inLanguage":"es-ES","potentialAction":[{"@type":"ReadAction","target":["https:\/\/chitosanlab.com\/es\/quienes-somos\/"]}]},{"@type":"BreadcrumbList","@id":"https:\/\/chitosanlab.com\/es\/quienes-somos\/#breadcrumb","itemListElement":[{"@type":"ListItem","position":1,"name":"Accueil","item":"https:\/\/chitosanlab.com\/es\/"},{"@type":"ListItem","position":2,"name":"Qui\u00e9nes somos"}]},{"@type":"WebSite","@id":"https:\/\/chitosanlab.com\/es\/#website","url":"https:\/\/chitosanlab.com\/es\/","name":"","description":"Quitosano a granel","potentialAction":[{"@type":"SearchAction","target":{"@type":"EntryPoint","urlTemplate":"https:\/\/chitosanlab.com\/es\/?s={search_term_string}"},"query-input":{"@type":"PropertyValueSpecification","valueRequired":true,"valueName":"search_term_string"}}],"inLanguage":"es-ES"}]}},"_links":{"self":[{"href":"https:\/\/chitosanlab.com\/es\/wp-json\/wp\/v2\/pages\/25","targetHints":{"allow":["GET"]}}],"collection":[{"href":"https:\/\/chitosanlab.com\/es\/wp-json\/wp\/v2\/pages"}],"about":[{"href":"https:\/\/chitosanlab.com\/es\/wp-json\/wp\/v2\/types\/page"}],"author":[{"embeddable":true,"href":"https:\/\/chitosanlab.com\/es\/wp-json\/wp\/v2\/users\/2"}],"replies":[{"embeddable":true,"href":"https:\/\/chitosanlab.com\/es\/wp-json\/wp\/v2\/comments?post=25"}],"version-history":[{"count":4,"href":"https:\/\/chitosanlab.com\/es\/wp-json\/wp\/v2\/pages\/25\/revisions"}],"predecessor-version":[{"id":542,"href":"https:\/\/chitosanlab.com\/es\/wp-json\/wp\/v2\/pages\/25\/revisions\/542"}],"wp:attachment":[{"href":"https:\/\/chitosanlab.com\/es\/wp-json\/wp\/v2\/media?parent=25"}],"curies":[{"name":"wp","href":"https:\/\/api.w.org\/{rel}","templated":true}]}}