{"id":277,"date":"2015-09-20T23:33:10","date_gmt":"2015-09-20T22:33:10","guid":{"rendered":"http:\/\/chitosanlab.com\/es\/?page_id=277"},"modified":"2017-01-23T14:21:33","modified_gmt":"2017-01-23T13:21:33","slug":"necesita-menos-de-50-kg","status":"publish","type":"page","link":"https:\/\/chitosanlab.com\/es\/necesita-menos-de-50-kg\/","title":{"rendered":"\u00bfNecesita menos de 50 kg?"},"content":{"rendered":"<p>Nuestros productos est\u00e1n disponibles a partir de 25 gramos a\u00a0<a href=\"http:\/\/www.glentham.com\/en\/\">Glentham Life Sciences<\/a> . Para obtener m\u00e1s informaci\u00f3n , haga clic sobre los siguientes enlaces :<\/p>\n<p><a href=\"http:\/\/www.glentham.com\/products\/product\/GC0425\/\">Quitina<\/a><img decoding=\"async\" src=\"http:\/\/chitosanlab.com\/wp-content\/uploads\/2017\/01\/Glentham-Chitosan-e1485176276349.png\" align=\"right\" \/><\/p>\n<p><a href=\"http:\/\/glentham.com\/products\/product\/GU0761\/\">Quito-oligosac\u00e1ridos (mw \u2264 \u00a05 000 Da)<\/a><\/p>\n<p><a href=\"http:\/\/www.glentham.com\/products\/product\/GP1318\/\">Quitosano (5 cps)<\/a><\/p>\n<p><a href=\"http:\/\/www.glentham.com\/products\/product\/GP5480\/\">Quitosano (10 cps)\u00a0<\/a><\/p>\n<p><a href=\"http:\/\/www.glentham.com\/products\/product\/GP8523\/\">Quitosano (30 &#8211; 100 cps)\u00a0<\/a><\/p>\n<p><a href=\"http:\/\/www.glentham.com\/products\/product\/GP7325\/\">Quitosano (100 &#8211; 300 cps)\u00a0<\/a><\/p>\n<p><a href=\"http:\/\/www.glentham.com\/products\/product\/GP8956\/\">Quitosano (300 &#8211; 1000 cps)\u00a0<\/a><\/p>\n<p><a href=\"http:\/\/www.glentham.com\/products\/product\/GP5053\/\">Quitosano (1000 &#8211; 3000 cps)<\/a><\/p>\n<p><a href=\"http:\/\/www.glentham.com\/products\/product\/GP8689\/\">Quitosano (3000 &#8211; 5000 cps)\u00a0<\/a><\/p>\n","protected":false},"excerpt":{"rendered":"<p>Nuestros productos est\u00e1n disponibles a partir de 25 gramos a\u00a0Glentham Life Sciences . Para obtener m\u00e1s informaci\u00f3n , haga clic sobre los siguientes enlaces : Quitina Quito-oligosac\u00e1ridos (mw \u2264 \u00a05 000 Da) Quitosano (5 cps) Quitosano (10 cps)\u00a0 Quitosano (30 &#8211; 100 cps)\u00a0 Quitosano (100 &#8211; 300 cps)\u00a0 Quitosano (300 &#8211; 1000 cps)\u00a0 Quitosano (1000 &#8211; 3000 cps) Quitosano (3000 &#8211; 5000 cps)\u00a0<\/p>\n","protected":false},"author":2,"featured_media":0,"parent":0,"menu_order":0,"comment_status":"closed","ping_status":"closed","template":"","meta":{"footnotes":""},"class_list":["post-277","page","type-page","status-publish","hentry"],"yoast_head":"<!-- This site is optimized with the Yoast SEO plugin v27.4 - https:\/\/yoast.com\/product\/yoast-seo-wordpress\/ -->\n<title>proveedores de quitina<\/title>\n<meta name=\"description\" content=\"Encontrar quitina y quitosano al mejor precio. Planta en Tailandia y Oficina en Europa\" \/>\n<meta name=\"robots\" content=\"index, follow, max-snippet:-1, max-image-preview:large, max-video-preview:-1\" \/>\n<link rel=\"canonical\" href=\"https:\/\/chitosanlab.com\/es\/necesita-menos-de-50-kg\/\" \/>\n<meta property=\"og:locale\" content=\"es_ES\" \/>\n<meta property=\"og:type\" content=\"article\" \/>\n<meta property=\"og:title\" content=\"proveedores de quitina\" \/>\n<meta property=\"og:description\" content=\"Encontrar quitina y quitosano al mejor precio. Planta en Tailandia y Oficina en Europa\" \/>\n<meta property=\"og:url\" content=\"https:\/\/chitosanlab.com\/es\/necesita-menos-de-50-kg\/\" \/>\n<meta property=\"article:modified_time\" content=\"2017-01-23T13:21:33+00:00\" \/>\n<meta property=\"og:image\" content=\"http:\/\/chitosanlab.com\/wp-content\/uploads\/2017\/01\/Glentham-Chitosan-e1485176276349.png\" \/>\n<script type=\"application\/ld+json\" class=\"yoast-schema-graph\">{\"@context\":\"https:\\\/\\\/schema.org\",\"@graph\":[{\"@type\":\"WebPage\",\"@id\":\"https:\\\/\\\/chitosanlab.com\\\/es\\\/necesita-menos-de-50-kg\\\/\",\"url\":\"https:\\\/\\\/chitosanlab.com\\\/es\\\/necesita-menos-de-50-kg\\\/\",\"name\":\"proveedores de quitina\",\"isPartOf\":{\"@id\":\"https:\\\/\\\/chitosanlab.com\\\/es\\\/#website\"},\"primaryImageOfPage\":{\"@id\":\"https:\\\/\\\/chitosanlab.com\\\/es\\\/necesita-menos-de-50-kg\\\/#primaryimage\"},\"image\":{\"@id\":\"https:\\\/\\\/chitosanlab.com\\\/es\\\/necesita-menos-de-50-kg\\\/#primaryimage\"},\"thumbnailUrl\":\"http:\\\/\\\/chitosanlab.com\\\/wp-content\\\/uploads\\\/2017\\\/01\\\/Glentham-Chitosan-e1485176276349.png\",\"datePublished\":\"2015-09-20T22:33:10+00:00\",\"dateModified\":\"2017-01-23T13:21:33+00:00\",\"description\":\"Encontrar quitina y quitosano al mejor precio. Planta en Tailandia y Oficina en Europa\",\"breadcrumb\":{\"@id\":\"https:\\\/\\\/chitosanlab.com\\\/es\\\/necesita-menos-de-50-kg\\\/#breadcrumb\"},\"inLanguage\":\"es-ES\",\"potentialAction\":[{\"@type\":\"ReadAction\",\"target\":[\"https:\\\/\\\/chitosanlab.com\\\/es\\\/necesita-menos-de-50-kg\\\/\"]}]},{\"@type\":\"ImageObject\",\"inLanguage\":\"es-ES\",\"@id\":\"https:\\\/\\\/chitosanlab.com\\\/es\\\/necesita-menos-de-50-kg\\\/#primaryimage\",\"url\":\"http:\\\/\\\/chitosanlab.com\\\/wp-content\\\/uploads\\\/2017\\\/01\\\/Glentham-Chitosan-e1485176276349.png\",\"contentUrl\":\"http:\\\/\\\/chitosanlab.com\\\/wp-content\\\/uploads\\\/2017\\\/01\\\/Glentham-Chitosan-e1485176276349.png\"},{\"@type\":\"BreadcrumbList\",\"@id\":\"https:\\\/\\\/chitosanlab.com\\\/es\\\/necesita-menos-de-50-kg\\\/#breadcrumb\",\"itemListElement\":[{\"@type\":\"ListItem\",\"position\":1,\"name\":\"Accueil\",\"item\":\"https:\\\/\\\/chitosanlab.com\\\/es\\\/\"},{\"@type\":\"ListItem\",\"position\":2,\"name\":\"\u00bfNecesita menos de 50 kg?\"}]},{\"@type\":\"WebSite\",\"@id\":\"https:\\\/\\\/chitosanlab.com\\\/es\\\/#website\",\"url\":\"https:\\\/\\\/chitosanlab.com\\\/es\\\/\",\"name\":\"\",\"description\":\"Quitosano a granel\",\"potentialAction\":[{\"@type\":\"SearchAction\",\"target\":{\"@type\":\"EntryPoint\",\"urlTemplate\":\"https:\\\/\\\/chitosanlab.com\\\/es\\\/?s={search_term_string}\"},\"query-input\":{\"@type\":\"PropertyValueSpecification\",\"valueRequired\":true,\"valueName\":\"search_term_string\"}}],\"inLanguage\":\"es-ES\"}]}<\/script>\n<!-- \/ Yoast SEO plugin. -->","yoast_head_json":{"title":"proveedores de quitina","description":"Encontrar quitina y quitosano al mejor precio. Planta en Tailandia y Oficina en Europa","robots":{"index":"index","follow":"follow","max-snippet":"max-snippet:-1","max-image-preview":"max-image-preview:large","max-video-preview":"max-video-preview:-1"},"canonical":"https:\/\/chitosanlab.com\/es\/necesita-menos-de-50-kg\/","og_locale":"es_ES","og_type":"article","og_title":"proveedores de quitina","og_description":"Encontrar quitina y quitosano al mejor precio. Planta en Tailandia y Oficina en Europa","og_url":"https:\/\/chitosanlab.com\/es\/necesita-menos-de-50-kg\/","article_modified_time":"2017-01-23T13:21:33+00:00","og_image":[{"url":"http:\/\/chitosanlab.com\/wp-content\/uploads\/2017\/01\/Glentham-Chitosan-e1485176276349.png","type":"","width":"","height":""}],"schema":{"@context":"https:\/\/schema.org","@graph":[{"@type":"WebPage","@id":"https:\/\/chitosanlab.com\/es\/necesita-menos-de-50-kg\/","url":"https:\/\/chitosanlab.com\/es\/necesita-menos-de-50-kg\/","name":"proveedores de quitina","isPartOf":{"@id":"https:\/\/chitosanlab.com\/es\/#website"},"primaryImageOfPage":{"@id":"https:\/\/chitosanlab.com\/es\/necesita-menos-de-50-kg\/#primaryimage"},"image":{"@id":"https:\/\/chitosanlab.com\/es\/necesita-menos-de-50-kg\/#primaryimage"},"thumbnailUrl":"http:\/\/chitosanlab.com\/wp-content\/uploads\/2017\/01\/Glentham-Chitosan-e1485176276349.png","datePublished":"2015-09-20T22:33:10+00:00","dateModified":"2017-01-23T13:21:33+00:00","description":"Encontrar quitina y quitosano al mejor precio. Planta en Tailandia y Oficina en Europa","breadcrumb":{"@id":"https:\/\/chitosanlab.com\/es\/necesita-menos-de-50-kg\/#breadcrumb"},"inLanguage":"es-ES","potentialAction":[{"@type":"ReadAction","target":["https:\/\/chitosanlab.com\/es\/necesita-menos-de-50-kg\/"]}]},{"@type":"ImageObject","inLanguage":"es-ES","@id":"https:\/\/chitosanlab.com\/es\/necesita-menos-de-50-kg\/#primaryimage","url":"http:\/\/chitosanlab.com\/wp-content\/uploads\/2017\/01\/Glentham-Chitosan-e1485176276349.png","contentUrl":"http:\/\/chitosanlab.com\/wp-content\/uploads\/2017\/01\/Glentham-Chitosan-e1485176276349.png"},{"@type":"BreadcrumbList","@id":"https:\/\/chitosanlab.com\/es\/necesita-menos-de-50-kg\/#breadcrumb","itemListElement":[{"@type":"ListItem","position":1,"name":"Accueil","item":"https:\/\/chitosanlab.com\/es\/"},{"@type":"ListItem","position":2,"name":"\u00bfNecesita menos de 50 kg?"}]},{"@type":"WebSite","@id":"https:\/\/chitosanlab.com\/es\/#website","url":"https:\/\/chitosanlab.com\/es\/","name":"","description":"Quitosano a granel","potentialAction":[{"@type":"SearchAction","target":{"@type":"EntryPoint","urlTemplate":"https:\/\/chitosanlab.com\/es\/?s={search_term_string}"},"query-input":{"@type":"PropertyValueSpecification","valueRequired":true,"valueName":"search_term_string"}}],"inLanguage":"es-ES"}]}},"_links":{"self":[{"href":"https:\/\/chitosanlab.com\/es\/wp-json\/wp\/v2\/pages\/277","targetHints":{"allow":["GET"]}}],"collection":[{"href":"https:\/\/chitosanlab.com\/es\/wp-json\/wp\/v2\/pages"}],"about":[{"href":"https:\/\/chitosanlab.com\/es\/wp-json\/wp\/v2\/types\/page"}],"author":[{"embeddable":true,"href":"https:\/\/chitosanlab.com\/es\/wp-json\/wp\/v2\/users\/2"}],"replies":[{"embeddable":true,"href":"https:\/\/chitosanlab.com\/es\/wp-json\/wp\/v2\/comments?post=277"}],"version-history":[{"count":16,"href":"https:\/\/chitosanlab.com\/es\/wp-json\/wp\/v2\/pages\/277\/revisions"}],"predecessor-version":[{"id":366,"href":"https:\/\/chitosanlab.com\/es\/wp-json\/wp\/v2\/pages\/277\/revisions\/366"}],"wp:attachment":[{"href":"https:\/\/chitosanlab.com\/es\/wp-json\/wp\/v2\/media?parent=277"}],"curies":[{"name":"wp","href":"https:\/\/api.w.org\/{rel}","templated":true}]}}