{"id":31,"date":"2015-03-05T01:48:33","date_gmt":"2015-03-05T00:48:33","guid":{"rendered":"http:\/\/chitosanlab.com\/es\/?page_id=31"},"modified":"2018-02-20T02:19:50","modified_gmt":"2018-02-20T01:19:50","slug":"todos-los-productos","status":"publish","type":"page","link":"https:\/\/chitosanlab.com\/es\/todos-los-productos\/","title":{"rendered":"Quitina y quitosano del camar\u00f3n"},"content":{"rendered":"<h3 class=\"r\">\u00bfC\u00f3mo comprar?<\/h3>\n<p>Comprar en nuestra tienda es muy sencillo. \u00a0Si desea obtener m\u00e1s informaci\u00f3n sobre nuestros productos, no dude en ponerse en contacto con nosotros. Puede utilizar el formulario para enviarnos directamente un correo electr\u00f3nico, o ponerse en contacto con nosotros por tel\u00e9fono .\u00a0Por favor, indique\u00a0:<\/p>\n<ol>\n<li>Grado:\u00a0 industrial, alimenticio\/ farmac\u00e9utico<\/li>\n<li>Origen : camarones \/ calamares \/ cangrejo<\/li>\n<li>Grado de desacetilaci\u00f3n ( %GD ), Viscosidad &#8230;<\/li>\n<li>Cantidad<\/li>\n<li>Metodo de envio<\/li>\n<\/ol>\n<div style='clear:both; height:10px' ><\/div>\n<p>A continuaci\u00f3n, le enviaremos una cotizaci\u00f3n y el tiempo de entrega.<\/p>\n<h5 style=\"text-align: center;\">Definici\u00f3n de cualidades<\/h5>\n<div style='clear:both; height:20px' ><\/div>\n<div class=\"shortcode1-3\"><p style=\"text-align: center;\"><strong>Grado Industrial\u00a0<\/strong><\/p>\n<div class=\"shortcode-list shortcode-list-check\">\n<ul>\n<li>\u00a0Sin l\u00edmite de metales pesados<\/li>\n<li>Sin l\u00edmites microbiolog\u00edcos<\/li>\n<li>El tama\u00f1o de part\u00edcula es generalmente grande para reducir costos<\/li>\n<li>Algunas impurezas : una inspecci\u00f3n<\/li>\n<\/ul>\n<div><\/div><\/div>\n<\/div>\n<div class=\"shortcode1-3\"><p style=\"text-align: center;\"><strong>Grado\u00a0alimenticio \/ farmac\u00e9utico<\/strong><\/p>\n<div class=\"shortcode-list shortcode-list-check\">\n<ul>\n<li>L\u00edmites de metales pesados<\/li>\n<li>L\u00edmites microbiol\u00f3gicos<\/li>\n<li>El tama\u00f1o de part\u00edcula es generalmente peque\u00f1o a muy fina<\/li>\n<li>Muy pocas impurezas : 2 inspecci\u00f3nes<\/li>\n<li>Inspecci\u00f3n por part\u00edculas magn\u00e9ticas<\/li>\n<\/ul>\n<div><\/div><\/div>\n<\/div>\n<div style='clear:both; height:20px' ><\/div>\n<h5><\/h5>\n<h5 style=\"text-align: center;\">\u00a0Productos disponibles<\/h5>\n<div class=\"shortcode1\"><div class=\"gdl-price-item\"><div class=\"percent-column1-2 gdl-divider\"><div class=\"price-item \"><div class=\"price-tag\">Alta Densidad Quitosano<\/div><div class=\"price-title\">Quitosano HD1P<\/div><div class=\"price-content\"><div class=\"shortcode-list shortcode-list-bullet\">\r\n<ul>\r\n \t<li>Color : Blanquecino - Blanco<\/li>\r\n \t<li>Tama\u00f1o de Part\u00edculas :\u00a0&lt; 60 mesh<\/li>\r\n \t<li>Contenido de Cenizas :\u00a0\u2264 2%<\/li>\r\n \t<li>Grado de Desacetilaci\u00f3n(%GD) \u2265 90 %<\/li>\r\n \t<li>Contenido de Humedad :\u00a0\u2264 8\u00a0%<\/li>\r\n \t<li>Solubilidad(en \u00e1cido ac\u00e9tico) \u2265 99 %<\/li>\r\n \t<li>pH : 6\u00a0- 8<\/li>\r\n \t<li>densidad compactada \u2265 0.8 g\/ml<\/li>\r\n \t<li>As (ars\u00e9nico)\u00a0\u2264 0.5 mg\/Kg<\/li>\r\n \t<li>Pb (Plomo) \u2264 0.5 mg\/Kg<\/li>\r\n \t<li>Hg (Mercurio)\u00a0\u2264 0.2 mg\/Kg<\/li>\r\n \t<li>Cd (Cadmio)\u00a0\u2264 0.2 mg\/Kg<\/li>\r\n \t<li>Cr (Cromo) \u2264 1 mg\/Kg<\/li>\r\n \t<li>Ni (Niquel) \u2264 1 mg\/Kg<\/li>\r\n \t<li>E.coli \/g &lt; 3 (NMP\/g)<\/li>\r\n \t<li>Salmonella spp. :\u00a0No Detectado (ND\/25g)<\/li>\r\n \t<li>S.Aureus &lt; 3 (NMP\/g)<\/li>\r\n \t<li>Coliform &lt; 3 (NMP\/g)<\/li>\r\n \t<li>Pseudomonas aeruginosa :\u00a0No Detectado<\/li>\r\n \t<li>Mohos y Levaduras \u2264 100 UFC\/g<\/li>\r\n \t<li>Recuento Total en placa \u2264 1000 UFC\/g<\/li>\r\n<\/ul>\r\n<\/div>\r\n\r\n&nbsp;<\/div><div class=\"price-button\"><a class=\"gdl-button\" href=\" \">leer m\u00e1s<\/a><\/div><\/div><\/div><div class=\"percent-column1-2 gdl-divider\"><div class=\"price-item \"><div class=\"price-tag\">Quitina Grado Alimenticio<\/div><div class=\"price-title\">Quitina SSA1P1F<\/div><div class=\"price-content\"><div class=\"shortcode-list shortcode-list-bullet\">\r\n<ul>\r\n \t<li>Color : Blanquecino -\u00a0Naranja<\/li>\r\n \t<li>Tama\u00f1o de Part\u00edculas : copo - polvo 0.4 mm<\/li>\r\n \t<li>Contenido de Cenizas :\u00a0\u2264 1%<\/li>\r\n \t<li>prote\u00ednas :\u00a0\u2264 1%<\/li>\r\n \t<li>Contenido de Humedad :\u00a0\u2264 10\u00a0%<\/li>\r\n \t<li>pH : 6\u00a0- 8<\/li>\r\n \t<li>As (ars\u00e9nico) :\u00a0\u2264 1 mg\/Kg<\/li>\r\n \t<li>Pb (Plomo) :\u00a0\u2264 0.5 mg\/Kg<\/li>\r\n \t<li>Hg (Mercurio) :\u00a0\u2264 0.1 mg\/Kg<\/li>\r\n \t<li>Cd (Cadmio) :\u00a0\u2264 1 mg\/Kg<\/li>\r\n \t<li>E.coli\u00a0: &lt; 3 (NMP\/g)<\/li>\r\n \t<li>Salmonella spp.\/g : No Detectado (ND\/25g)<\/li>\r\n \t<li>S.Aureus\u00a0: &lt; 3 (NMP\/g)<\/li>\r\n \t<li>Coliform\u00a0: &lt; 3 (NMP\/g)<\/li>\r\n \t<li>Mohos y Levaduras : \u2264 100 UFC\/g<\/li>\r\n \t<li>Recuento Total en placa : \u2264 1000 UFC\/g<\/li>\r\n<\/ul>\r\n<\/div><\/div><div class=\"price-button\"><a class=\"gdl-button\" href=\" \">leer m\u00e1s<\/a><\/div><\/div><\/div><div class='clear'><\/div><\/div>\n<\/div>\n<div style='clear:both; height:10px' ><\/div>\n<div class=\"shortcode1\"><div class=\"gdl-price-item\"><div class=\"percent-column1-3 gdl-divider\"><div class=\"price-item \"><div class=\"price-tag\">visc 30-100 cps<\/div><div class=\"price-title\">Quitosano SSA190-301CF<\/div><div class=\"price-content\"><div class=\"shortcode-list shortcode-list-bullet\">\r\n<ul>\r\n \t<li>Color : Blanquecino - Rosa<\/li>\r\n \t<li>Tama\u00f1o de Part\u00edculas : copo - polvo 100 mesh<\/li>\r\n \t<li>Contenido de Cenizas\u00a0\u2264 1%<\/li>\r\n \t<li>Grado de Desacetilaci\u00f3n(%GD) \u2265 90 %<\/li>\r\n \t<li>Prote\u00ednas \u2264 0.2 %<\/li>\r\n \t<li>Masa Molecular\u00a0\u2248 250 kDa<\/li>\r\n \t<li>Viscosidad\u00a0: 30-100 cps<\/li>\r\n \t<li>Contenido de Humedad\u00a0\u2264 8\u00a0%<\/li>\r\n \t<li>Solubilidad(en \u00e1cido ac\u00e9tico) \u2265 99 %<\/li>\r\n \t<li>pH : 6\u00a0- 8<\/li>\r\n \t<li>As (ars\u00e9nico)\u00a0\u2264 1 mg\/Kg<\/li>\r\n \t<li>Pb (Plomo) \u2264 0.5 mg\/Kg<\/li>\r\n \t<li>Hg (Mercurio)\u00a0\u2264 0.1 mg\/Kg<\/li>\r\n \t<li>Cd (Cadmio)\u00a0\u2264 1 mg\/Kg<\/li>\r\n \t<li>E.coli \/g &lt; 3 (NMP\/g)<\/li>\r\n \t<li>Salmonella spp. :\u00a0No Detectado (ND\/25g)<\/li>\r\n \t<li>S.Aureus &lt; 3 (NMP\/g)<\/li>\r\n \t<li>Coliform &lt; 3 (NMP\/g)<\/li>\r\n \t<li>Mohos y Levaduras \u2264 100 UFC\/g<\/li>\r\n \t<li>Recuento Total en placa \u2264 1000 UFC\/g<\/li>\r\n<\/ul>\r\n<\/div><\/div><div class=\"price-button\"><a class=\"gdl-button\" href=\" \">leer m\u00e1s<\/a><\/div><\/div><\/div><div class=\"percent-column1-3 gdl-divider\"><div class=\"price-item \"><div class=\"price-tag\">visc \u2264 10 cps<\/div><div class=\"price-title\">Quitosano SSA190-10F<\/div><div class=\"price-content\"><div class=\"shortcode-list shortcode-list-bullet\">\r\n<ul>\r\n \t<li>Color : Blanquecino - Amarillo<\/li>\r\n \t<li>Tama\u00f1o de Part\u00edculas : copo - polvo 100 mesh<\/li>\r\n \t<li>Contenido de Cenizas\u00a0\u2264 1%<\/li>\r\n \t<li>Grado de Desacetilaci\u00f3n(%GD) \u2265 90 %<\/li>\r\n \t<li>Prote\u00ednas \u2264 0.2 %<\/li>\r\n \t<li>Masa Molecular\u00a0\u2248 35 kDa<\/li>\r\n \t<li>Viscosidad\u00a0\u2264 10 cps<\/li>\r\n \t<li>Contenido de Humedad\u00a0\u2264 8\u00a0%<\/li>\r\n \t<li>Solubilidad(en \u00e1cido ac\u00e9tico) \u2265 99 %<\/li>\r\n \t<li>pH : 6\u00a0- 8<\/li>\r\n \t<li>As (ars\u00e9nico)\u00a0\u2264 1 mg\/Kg<\/li>\r\n \t<li>Pb (Plomo) \u2264 0.5 mg\/Kg<\/li>\r\n \t<li>Hg (Mercurio)\u00a0\u2264 0.1 mg\/Kg<\/li>\r\n \t<li>Cd (Cadmio)\u00a0\u2264 1 mg\/Kg<\/li>\r\n \t<li>E.coli \/g &lt; 3 (NMP\/g)<\/li>\r\n \t<li>Salmonella spp. :\u00a0No Detectado (ND\/25g)<\/li>\r\n \t<li>S.Aureus &lt; 3 (NMP\/g)<\/li>\r\n \t<li>Coliform &lt; 3 (NMP\/g)<\/li>\r\n \t<li>Mohos y Levaduras \u2264 100 UFC\/g<\/li>\r\n \t<li>Recuento Total en placa \u2264 1000 UFC\/g<\/li>\r\n<\/ul>\r\n<\/div><\/div><div class=\"price-button\"><a class=\"gdl-button\" href=\" \">leer m\u00e1s<\/a><\/div><\/div><\/div><div class=\"percent-column1-3 gdl-divider\"><div class=\"price-item \"><div class=\"price-tag\">visc \u2264 5 cps<\/div><div class=\"price-title\">Quitosano SSA190-5F<\/div><div class=\"price-content\"><div class=\"shortcode-list shortcode-list-bullet\">\r\n<ul>\r\n \t<li>Color : Casta\u00f1o- Amarillo<\/li>\r\n \t<li>Tama\u00f1o de Part\u00edculas : copo - polvo 100 mesh<\/li>\r\n \t<li>Contenido de Cenizas\u00a0\u2264 1%<\/li>\r\n \t<li>Grado de Desacetilaci\u00f3n(%GD) \u2265 90 %<\/li>\r\n \t<li>Prote\u00ednas \u2264 0.2 %<\/li>\r\n \t<li>Masa Molecular\u00a0\u2248 25 kDa<\/li>\r\n \t<li>Viscosidad\u00a0\u2264 5 cps<\/li>\r\n \t<li>Contenido de Humedad\u00a0\u2264 8\u00a0%<\/li>\r\n \t<li>Solubilidad(en \u00e1cido ac\u00e9tico) \u2265 99 %<\/li>\r\n \t<li>pH : 6\u00a0- 8<\/li>\r\n \t<li>As (ars\u00e9nico)\u00a0\u2264 1 mg\/Kg<\/li>\r\n \t<li>Pb (Plomo) \u2264 0.5 mg\/Kg<\/li>\r\n \t<li>Hg (Mercurio)\u00a0\u2264 0.1 mg\/Kg<\/li>\r\n \t<li>Cd (Cadmio)\u00a0\u2264 1 mg\/Kg<\/li>\r\n \t<li>E.coli \/g &lt; 3 (NMP\/g)<\/li>\r\n \t<li>Salmonella spp. :\u00a0No Detectado (ND\/25g)<\/li>\r\n \t<li>S.Aureus &lt; 3 (NMP\/g)<\/li>\r\n \t<li>Coliform &lt; 3 (NMP\/g)<\/li>\r\n \t<li>Mohos y Levaduras \u2264 100 UFC\/g<\/li>\r\n \t<li>Recuento Total en placa \u2264 1000 UFC\/g<\/li>\r\n<\/ul>\r\n<\/div><\/div><div class=\"price-button\"><a class=\"gdl-button\" href=\" \">leer m\u00e1s<\/a><\/div><\/div><\/div><div class='clear'><\/div><\/div>\n<\/div>\n<div style='clear:both; height:10px' ><\/div>\n<div class=\"shortcode1\"><div class=\"gdl-price-item\"><div class=\"percent-column1-2 gdl-divider\"><div class=\"price-item \"><div class=\"price-tag\">visc 300-1000 cps<\/div><div class=\"price-title\">Quitosano SSA190-3C1KF<\/div><div class=\"price-content\"><div class=\"shortcode-list shortcode-list-bullet\">\r\n<ul>\r\n \t<li>Color : Blanquecino - Rosa<\/li>\r\n \t<li>Tama\u00f1o de Part\u00edculas : copo - polvo 100 mesh<\/li>\r\n \t<li>Contenido de Cenizas\u00a0\u2264 1%<\/li>\r\n \t<li>Grado de Desacetilaci\u00f3n(%GD) \u2265 90 %<\/li>\r\n \t<li>Prote\u00ednas \u2264 0.2 %<\/li>\r\n \t<li>Masa Molecular\u00a0\u2248 1500 kDa<\/li>\r\n \t<li>Viscosidad\u00a0: 300-1000 cps<\/li>\r\n \t<li>Contenido de Humedad\u00a0\u2264 8\u00a0%<\/li>\r\n \t<li>Solubilidad(en \u00e1cido ac\u00e9tico) \u2265 99 %<\/li>\r\n \t<li>pH : 6\u00a0- 8<\/li>\r\n \t<li>As (ars\u00e9nico)\u00a0\u2264 1 mg\/Kg<\/li>\r\n \t<li>Pb (Plomo) \u2264 0.5 mg\/Kg<\/li>\r\n \t<li>Hg (Mercurio)\u00a0\u2264 0.1 mg\/Kg<\/li>\r\n \t<li>Cd (Cadmio)\u00a0\u2264 1 mg\/Kg<\/li>\r\n \t<li>E.coli \/g &lt; 3 (NMP\/g)<\/li>\r\n \t<li>Salmonella spp. :\u00a0No Detectado (ND\/25g)<\/li>\r\n \t<li>S.Aureus &lt; 3 (NMP\/g)<\/li>\r\n \t<li>Coliform &lt; 3 (NMP\/g)<\/li>\r\n \t<li>Mohos y Levaduras \u2264 100 UFC\/g<\/li>\r\n \t<li>Recuento Total en placa \u2264 1000 UFC\/g<\/li>\r\n<\/ul>\r\n<\/div><\/div><div class=\"price-button\"><a class=\"gdl-button\" href=\" \">leer m\u00e1s<\/a><\/div><\/div><\/div><div class=\"percent-column1-2 gdl-divider\"><div class=\"price-item \"><div class=\"price-tag\">visc 100-300 cps<\/div><div class=\"price-title\">Quitosano SSA190-1C3CF<\/div><div class=\"price-content\"><div class=\"shortcode-list shortcode-list-bullet\">\r\n<ul>\r\n \t<li>Color : Blanquecino - Rosa<\/li>\r\n \t<li>Tama\u00f1o de Part\u00edculas : copo - polvo 100 mesh<\/li>\r\n \t<li>Contenido de Cenizas\u00a0\u2264 1%<\/li>\r\n \t<li>Grado de Desacetilaci\u00f3n(%GD) \u2265 90 %<\/li>\r\n \t<li>Prote\u00ednas \u2264 0.2 %<\/li>\r\n \t<li>Masa Molecular\u00a0\u2248 890 kDa<\/li>\r\n \t<li>Viscosidad\u00a0: 100-300 cps<\/li>\r\n \t<li>Contenido de Humedad\u00a0\u2264 8\u00a0%<\/li>\r\n \t<li>Solubilidad(en \u00e1cido ac\u00e9tico) \u2265 99 %<\/li>\r\n \t<li>pH : 6\u00a0- 8<\/li>\r\n \t<li>As (ars\u00e9nico)\u00a0\u2264 1 mg\/Kg<\/li>\r\n \t<li>Pb (Plomo) \u2264 0.5 mg\/Kg<\/li>\r\n \t<li>Hg (Mercurio)\u00a0\u2264 0.1 mg\/Kg<\/li>\r\n \t<li>Cd (Cadmio)\u00a0\u2264 1 mg\/Kg<\/li>\r\n \t<li>E.coli \/g &lt; 3 (NMP\/g)<\/li>\r\n \t<li>Salmonella spp. :\u00a0No Detectado (ND\/25g)<\/li>\r\n \t<li>S.Aureus &lt; 3 (NMP\/g)<\/li>\r\n \t<li>Coliform &lt; 3 (NMP\/g)<\/li>\r\n \t<li>Mohos y Levaduras \u2264 100 UFC\/g<\/li>\r\n \t<li>Recuento Total en placa \u2264 1000 UFC\/g<\/li>\r\n<\/ul>\r\n<\/div><\/div><div class=\"price-button\"><a class=\"gdl-button\" href=\" \">leer m\u00e1s<\/a><\/div><\/div><\/div><div class='clear'><\/div><\/div>\n<\/div>\n<div style='clear:both; height:10px' ><\/div>\n<div class=\"shortcode1\"><div class=\"gdl-price-item\"><div class=\"percent-column1-2 gdl-divider\"><div class=\"price-item \"><div class=\"price-tag\">visc 2000-6500 cps<\/div><div class=\"price-title\">Quitosano SSA190-3K8KF<\/div><div class=\"price-content\"><div class=\"shortcode-list shortcode-list-bullet\">\r\n<ul>\r\n \t<li>Color : Blanquecino - Rosa<\/li>\r\n \t<li>Tama\u00f1o de Part\u00edculas : copo - polvo 100 mesh<\/li>\r\n \t<li>Contenido de Cenizas\u00a0\u2264 1%<\/li>\r\n \t<li>Grado de Desacetilaci\u00f3n(%GD) \u2265 90 %<\/li>\r\n \t<li>Prote\u00ednas \u2264 0.2 %<\/li>\r\n \t<li>Masa Molecular\u00a0\u2248 2100 kDa<\/li>\r\n \t<li>Viscosidad\u00a0: 2000-6500 cps<\/li>\r\n \t<li>Contenido de Humedad\u00a0\u2264 8\u00a0%<\/li>\r\n \t<li>Solubilidad(en \u00e1cido ac\u00e9tico) \u2265 99 %<\/li>\r\n \t<li>pH : 6\u00a0- 8<\/li>\r\n \t<li>As (ars\u00e9nico)\u00a0\u2264 1 mg\/Kg<\/li>\r\n \t<li>Pb (Plomo) \u2264 0.5 mg\/Kg<\/li>\r\n \t<li>Hg (Mercurio)\u00a0\u2264 0.1 mg\/Kg<\/li>\r\n \t<li>Cd (Cadmio)\u00a0\u2264 1 mg\/Kg<\/li>\r\n \t<li>E.coli \/g &lt; 3 (NMP\/g)<\/li>\r\n \t<li>Salmonella spp. :\u00a0No Detectado (ND\/25g)<\/li>\r\n \t<li>S.Aureus &lt; 3 (NMP\/g)<\/li>\r\n \t<li>Coliform &lt; 3 (NMP\/g)<\/li>\r\n \t<li>Mohos y Levaduras \u2264 100 UFC\/g<\/li>\r\n \t<li>Recuento Total en placa \u2264 1000 UFC\/g<\/li>\r\n<\/ul>\r\n<\/div><\/div><div class=\"price-button\"><a class=\"gdl-button\" href=\" \">leer m\u00e1s<\/a><\/div><\/div><\/div><div class=\"percent-column1-2 gdl-divider\"><div class=\"price-item \"><div class=\"price-tag\">visc 1000-2000 cps<\/div><div class=\"price-title\">Quitosano SSA190-1K3KF<\/div><div class=\"price-content\"><div class=\"shortcode-list shortcode-list-bullet\">\r\n<ul>\r\n \t<li>Color : Blanquecino - Rosa<\/li>\r\n \t<li>Tama\u00f1o de Part\u00edculas : copo - polvo 100 mesh<\/li>\r\n \t<li>Contenido de Cenizas\u00a0\u2264 1%<\/li>\r\n \t<li>Grado de Desacetilaci\u00f3n(%GD) \u2265 90 %<\/li>\r\n \t<li>Prote\u00ednas \u2264 0.2 %<\/li>\r\n \t<li>Masa Molecular\u00a0\u2248 1700 kDa<\/li>\r\n \t<li>Viscosidad\u00a0: 1000-2000 cps<\/li>\r\n \t<li>Contenido de Humedad\u00a0\u2264 8\u00a0%<\/li>\r\n \t<li>Solubilidad(en \u00e1cido ac\u00e9tico) \u2265 99 %<\/li>\r\n \t<li>pH : 6\u00a0- 8<\/li>\r\n \t<li>As (ars\u00e9nico)\u00a0\u2264 1 mg\/Kg<\/li>\r\n \t<li>Pb (Plomo) \u2264 0.5 mg\/Kg<\/li>\r\n \t<li>Hg (Mercurio)\u00a0\u2264 0.1 mg\/Kg<\/li>\r\n \t<li>Cd (Cadmio)\u00a0\u2264 1 mg\/Kg<\/li>\r\n \t<li>E.coli \/g &lt; 3 (NMP\/g)<\/li>\r\n \t<li>Salmonella spp. :\u00a0No Detectado (ND\/25g)<\/li>\r\n \t<li>S.Aureus &lt; 3 (NMP\/g)<\/li>\r\n \t<li>Coliform &lt; 3 (NMP\/g)<\/li>\r\n \t<li>Mohos y Levaduras \u2264 100 UFC\/g<\/li>\r\n \t<li>Recuento Total en placa \u2264 1000 UFC\/g<\/li>\r\n<\/ul>\r\n<\/div><\/div><div class=\"price-button\"><a class=\"gdl-button\" href=\" \">leer m\u00e1s<\/a><\/div><\/div><\/div><div class='clear'><\/div><\/div>\n<\/div>\n<div style='clear:both; height:10px' ><\/div>\n<p>&nbsp;<\/p>\n","protected":false},"excerpt":{"rendered":"<p>\u00bfC\u00f3mo comprar? Comprar en nuestra tienda es muy sencillo. \u00a0Si desea obtener m\u00e1s informaci\u00f3n sobre nuestros productos, no dude en ponerse en contacto con nosotros. Puede utilizar el formulario para enviarnos directamente un correo electr\u00f3nico, o ponerse en contacto con nosotros por tel\u00e9fono .\u00a0Por favor, indique\u00a0: Grado:\u00a0 industrial, alimenticio\/ farmac\u00e9utico Origen : camarones \/ calamares \/ cangrejo Grado de desacetilaci\u00f3n ( %GD ), Viscosidad &#8230; Cantidad Metodo de envio A continuaci\u00f3n, le enviaremos una cotizaci\u00f3n y el tiempo de entrega. Definici\u00f3n de cualidades \u00a0Productos disponibles &nbsp;<\/p>\n","protected":false},"author":2,"featured_media":0,"parent":0,"menu_order":0,"comment_status":"open","ping_status":"open","template":"","meta":{"footnotes":""},"class_list":["post-31","page","type-page","status-publish","hentry"],"yoast_head":"<!-- This site is optimized with the Yoast SEO plugin v25.6 - https:\/\/yoast.com\/wordpress\/plugins\/seo\/ -->\n<title>proveedores de quitosano<\/title>\n<meta name=\"description\" content=\"En la agricultura, el quitosano se puede utilizar como bioplaguicida, y se utiliza como tratamiento de semillas naturales y como potenciador de crecimiento vegetal\" \/>\n<meta name=\"robots\" content=\"index, follow, max-snippet:-1, max-image-preview:large, max-video-preview:-1\" \/>\n<link rel=\"canonical\" href=\"https:\/\/chitosanlab.com\/es\/todos-los-productos\/\" \/>\n<meta property=\"og:locale\" content=\"es_ES\" \/>\n<meta property=\"og:type\" content=\"article\" \/>\n<meta property=\"og:title\" content=\"proveedores de quitosano\" \/>\n<meta property=\"og:description\" content=\"En la agricultura, el quitosano se puede utilizar como bioplaguicida, y se utiliza como tratamiento de semillas naturales y como potenciador de crecimiento vegetal\" \/>\n<meta property=\"og:url\" content=\"https:\/\/chitosanlab.com\/es\/todos-los-productos\/\" \/>\n<meta property=\"article:modified_time\" content=\"2018-02-20T01:19:50+00:00\" \/>\n<meta name=\"twitter:label1\" content=\"Tiempo de lectura\" \/>\n\t<meta name=\"twitter:data1\" content=\"1 minute\" \/>\n<script type=\"application\/ld+json\" class=\"yoast-schema-graph\">{\"@context\":\"https:\/\/schema.org\",\"@graph\":[{\"@type\":\"WebPage\",\"@id\":\"https:\/\/chitosanlab.com\/es\/todos-los-productos\/\",\"url\":\"https:\/\/chitosanlab.com\/es\/todos-los-productos\/\",\"name\":\"proveedores de quitosano\",\"isPartOf\":{\"@id\":\"https:\/\/chitosanlab.com\/es\/#website\"},\"datePublished\":\"2015-03-05T00:48:33+00:00\",\"dateModified\":\"2018-02-20T01:19:50+00:00\",\"description\":\"En la agricultura, el quitosano se puede utilizar como bioplaguicida, y se utiliza como tratamiento de semillas naturales y como potenciador de crecimiento vegetal\",\"breadcrumb\":{\"@id\":\"https:\/\/chitosanlab.com\/es\/todos-los-productos\/#breadcrumb\"},\"inLanguage\":\"es-ES\",\"potentialAction\":[{\"@type\":\"ReadAction\",\"target\":[\"https:\/\/chitosanlab.com\/es\/todos-los-productos\/\"]}]},{\"@type\":\"BreadcrumbList\",\"@id\":\"https:\/\/chitosanlab.com\/es\/todos-los-productos\/#breadcrumb\",\"itemListElement\":[{\"@type\":\"ListItem\",\"position\":1,\"name\":\"Accueil\",\"item\":\"https:\/\/chitosanlab.com\/es\/\"},{\"@type\":\"ListItem\",\"position\":2,\"name\":\"Quitina y quitosano del camar\u00f3n\"}]},{\"@type\":\"WebSite\",\"@id\":\"https:\/\/chitosanlab.com\/es\/#website\",\"url\":\"https:\/\/chitosanlab.com\/es\/\",\"name\":\"\",\"description\":\"Quitosano a granel\",\"potentialAction\":[{\"@type\":\"SearchAction\",\"target\":{\"@type\":\"EntryPoint\",\"urlTemplate\":\"https:\/\/chitosanlab.com\/es\/?s={search_term_string}\"},\"query-input\":{\"@type\":\"PropertyValueSpecification\",\"valueRequired\":true,\"valueName\":\"search_term_string\"}}],\"inLanguage\":\"es-ES\"}]}<\/script>\n<!-- \/ Yoast SEO plugin. -->","yoast_head_json":{"title":"proveedores de quitosano","description":"En la agricultura, el quitosano se puede utilizar como bioplaguicida, y se utiliza como tratamiento de semillas naturales y como potenciador de crecimiento vegetal","robots":{"index":"index","follow":"follow","max-snippet":"max-snippet:-1","max-image-preview":"max-image-preview:large","max-video-preview":"max-video-preview:-1"},"canonical":"https:\/\/chitosanlab.com\/es\/todos-los-productos\/","og_locale":"es_ES","og_type":"article","og_title":"proveedores de quitosano","og_description":"En la agricultura, el quitosano se puede utilizar como bioplaguicida, y se utiliza como tratamiento de semillas naturales y como potenciador de crecimiento vegetal","og_url":"https:\/\/chitosanlab.com\/es\/todos-los-productos\/","article_modified_time":"2018-02-20T01:19:50+00:00","twitter_misc":{"Tiempo de lectura":"1 minute"},"schema":{"@context":"https:\/\/schema.org","@graph":[{"@type":"WebPage","@id":"https:\/\/chitosanlab.com\/es\/todos-los-productos\/","url":"https:\/\/chitosanlab.com\/es\/todos-los-productos\/","name":"proveedores de quitosano","isPartOf":{"@id":"https:\/\/chitosanlab.com\/es\/#website"},"datePublished":"2015-03-05T00:48:33+00:00","dateModified":"2018-02-20T01:19:50+00:00","description":"En la agricultura, el quitosano se puede utilizar como bioplaguicida, y se utiliza como tratamiento de semillas naturales y como potenciador de crecimiento vegetal","breadcrumb":{"@id":"https:\/\/chitosanlab.com\/es\/todos-los-productos\/#breadcrumb"},"inLanguage":"es-ES","potentialAction":[{"@type":"ReadAction","target":["https:\/\/chitosanlab.com\/es\/todos-los-productos\/"]}]},{"@type":"BreadcrumbList","@id":"https:\/\/chitosanlab.com\/es\/todos-los-productos\/#breadcrumb","itemListElement":[{"@type":"ListItem","position":1,"name":"Accueil","item":"https:\/\/chitosanlab.com\/es\/"},{"@type":"ListItem","position":2,"name":"Quitina y quitosano del camar\u00f3n"}]},{"@type":"WebSite","@id":"https:\/\/chitosanlab.com\/es\/#website","url":"https:\/\/chitosanlab.com\/es\/","name":"","description":"Quitosano a granel","potentialAction":[{"@type":"SearchAction","target":{"@type":"EntryPoint","urlTemplate":"https:\/\/chitosanlab.com\/es\/?s={search_term_string}"},"query-input":{"@type":"PropertyValueSpecification","valueRequired":true,"valueName":"search_term_string"}}],"inLanguage":"es-ES"}]}},"_links":{"self":[{"href":"https:\/\/chitosanlab.com\/es\/wp-json\/wp\/v2\/pages\/31","targetHints":{"allow":["GET"]}}],"collection":[{"href":"https:\/\/chitosanlab.com\/es\/wp-json\/wp\/v2\/pages"}],"about":[{"href":"https:\/\/chitosanlab.com\/es\/wp-json\/wp\/v2\/types\/page"}],"author":[{"embeddable":true,"href":"https:\/\/chitosanlab.com\/es\/wp-json\/wp\/v2\/users\/2"}],"replies":[{"embeddable":true,"href":"https:\/\/chitosanlab.com\/es\/wp-json\/wp\/v2\/comments?post=31"}],"version-history":[{"count":41,"href":"https:\/\/chitosanlab.com\/es\/wp-json\/wp\/v2\/pages\/31\/revisions"}],"predecessor-version":[{"id":540,"href":"https:\/\/chitosanlab.com\/es\/wp-json\/wp\/v2\/pages\/31\/revisions\/540"}],"wp:attachment":[{"href":"https:\/\/chitosanlab.com\/es\/wp-json\/wp\/v2\/media?parent=31"}],"curies":[{"name":"wp","href":"https:\/\/api.w.org\/{rel}","templated":true}]}}