{"id":311,"date":"2016-05-18T11:39:58","date_gmt":"2016-05-18T10:39:58","guid":{"rendered":"http:\/\/chitosanlab.com\/es\/?page_id=311"},"modified":"2017-02-14T15:02:42","modified_gmt":"2017-02-14T14:02:42","slug":"marino-oseina","status":"publish","type":"page","link":"https:\/\/chitosanlab.com\/es\/marino-oseina\/","title":{"rendered":"Ose\u00edna marino (col\u00e1geno)"},"content":{"rendered":"<p>Extra\u00eddo de escamas de pescado descalcificado , Ose\u00edna es un precursor utilizado cada vez m\u00e1s para producir col\u00e1geno marino . Adem\u00e1s de su disponibilidad , su principal ventaja es una concentraci\u00f3n de prote\u00edna de aproximadamente 100 % (humedad deducido ) . Tenemos una selecci\u00f3n de 3 or\u00edgenes : Tilapia , la perca gigante y Probarbus.<\/p>\n<div id=\"attachment_1413\" style=\"width: 202px\" class=\"wp-caption alignleft\"><img loading=\"lazy\" decoding=\"async\" aria-describedby=\"caption-attachment-1413\" class=\"wp-image-1413 size-full\" src=\"http:\/\/chitosanlab.com\/wp-content\/uploads\/2016\/05\/Probarbus-Ossein.jpg\" alt=\"Probarbus Ossein\" width=\"192\" height=\"194\" \/><p id=\"caption-attachment-1413\" class=\"wp-caption-text\">Ose\u00edna de Probarbus<\/p><\/div>\n<div id=\"attachment_1414\" style=\"width: 204px\" class=\"wp-caption alignleft\"><img loading=\"lazy\" decoding=\"async\" aria-describedby=\"caption-attachment-1414\" class=\"wp-image-1414 size-full\" src=\"http:\/\/chitosanlab.com\/wp-content\/uploads\/2016\/05\/Tilapia-Ossein.jpg\" alt=\"Tilapia Ossein\" width=\"194\" height=\"195\" \/><p id=\"caption-attachment-1414\" class=\"wp-caption-text\">Ose\u00edna de Tilapia<\/p><\/div>\n<div id=\"attachment_1412\" style=\"width: 205px\" class=\"wp-caption alignleft\"><img loading=\"lazy\" decoding=\"async\" aria-describedby=\"caption-attachment-1412\" class=\"wp-image-1412 size-full\" src=\"http:\/\/chitosanlab.com\/wp-content\/uploads\/2016\/05\/Barramundi-Ossein.jpg\" alt=\"Barramundi Ossein\" width=\"195\" height=\"196\" \/><p id=\"caption-attachment-1412\" class=\"wp-caption-text\">Ose\u00edna de Perca Gigante<\/p><\/div>\n<div class=\"shortcode1-3\"><\/div>\n<div class=\"shortcode1-3\"><\/div>\n<div class=\"shortcode1-3\"><\/div>\n<p>&nbsp;<\/p>\n<div class=\"gdl-price-item\"><div class=\"percent-column1-3 gdl-divider\"><div class=\"price-item \"><div class=\"price-tag\"> <\/div><div class=\"price-title\">Ose\u00edna marino<\/div><div class=\"price-content\"><div class=\"shortcode-list shortcode-list-bullet\">\r\n<ul>\r\n<ul>\r\n \t<li>Originen : Escamas de Tilapia<\/li>\r\n \t<li>Contenido prote\u00ednico \u2265 85 %<\/li>\r\n \t<li>Color : Blanquecino<\/li>\r\n \t<li>Tama\u00f1o de Part\u00edculas : copo<\/li>\r\n \t<li>Contenido de Humedad :\u00a0\u2264 12\u00a0%<\/li>\r\n \t<li>pH : 6-7<\/li>\r\n<\/ul>\r\n<\/ul>\r\n<\/div><\/div><div class=\"price-button\"><a class=\"gdl-button\" href=\" \">leer m\u00e1s<\/a><\/div><\/div><\/div><div class='clear'><\/div><\/div>\n","protected":false},"excerpt":{"rendered":"<p>Extra\u00eddo de escamas de pescado descalcificado , Ose\u00edna es un precursor utilizado cada vez m\u00e1s para producir col\u00e1geno marino . Adem\u00e1s de su disponibilidad , su principal ventaja es una concentraci\u00f3n de prote\u00edna de aproximadamente 100 % (humedad deducido ) . Tenemos una selecci\u00f3n de 3 or\u00edgenes : Tilapia , la perca gigante y Probarbus. &nbsp;<\/p>\n","protected":false},"author":2,"featured_media":0,"parent":0,"menu_order":0,"comment_status":"closed","ping_status":"closed","template":"","meta":{"footnotes":""},"class_list":["post-311","page","type-page","status-publish","hentry"],"yoast_head":"<!-- This site is optimized with the Yoast SEO plugin v25.6 - https:\/\/yoast.com\/wordpress\/plugins\/seo\/ -->\n<title>Ose\u00edna marino (col\u00e1geno) -<\/title>\n<meta name=\"robots\" content=\"index, follow, max-snippet:-1, max-image-preview:large, max-video-preview:-1\" \/>\n<link rel=\"canonical\" href=\"https:\/\/chitosanlab.com\/es\/marino-oseina\/\" \/>\n<meta property=\"og:locale\" content=\"es_ES\" \/>\n<meta property=\"og:type\" content=\"article\" \/>\n<meta property=\"og:title\" content=\"Ose\u00edna marino (col\u00e1geno) -\" \/>\n<meta property=\"og:description\" content=\"Extra\u00eddo de escamas de pescado descalcificado , Ose\u00edna es un precursor utilizado cada vez m\u00e1s para producir col\u00e1geno marino . Adem\u00e1s de su disponibilidad , su principal ventaja es una concentraci\u00f3n de prote\u00edna de aproximadamente 100 % (humedad deducido ) . Tenemos una selecci\u00f3n de 3 or\u00edgenes : Tilapia , la perca gigante y Probarbus. &nbsp;\" \/>\n<meta property=\"og:url\" content=\"https:\/\/chitosanlab.com\/es\/marino-oseina\/\" \/>\n<meta property=\"article:modified_time\" content=\"2017-02-14T14:02:42+00:00\" \/>\n<meta property=\"og:image\" content=\"http:\/\/chitosanlab.com\/wp-content\/uploads\/2016\/05\/Probarbus-Ossein.jpg\" \/>\n<meta name=\"twitter:label1\" content=\"Tiempo de lectura\" \/>\n\t<meta name=\"twitter:data1\" content=\"1 minute\" \/>\n<script type=\"application\/ld+json\" class=\"yoast-schema-graph\">{\"@context\":\"https:\/\/schema.org\",\"@graph\":[{\"@type\":\"WebPage\",\"@id\":\"https:\/\/chitosanlab.com\/es\/marino-oseina\/\",\"url\":\"https:\/\/chitosanlab.com\/es\/marino-oseina\/\",\"name\":\"Ose\u00edna marino (col\u00e1geno) -\",\"isPartOf\":{\"@id\":\"https:\/\/chitosanlab.com\/es\/#website\"},\"primaryImageOfPage\":{\"@id\":\"https:\/\/chitosanlab.com\/es\/marino-oseina\/#primaryimage\"},\"image\":{\"@id\":\"https:\/\/chitosanlab.com\/es\/marino-oseina\/#primaryimage\"},\"thumbnailUrl\":\"http:\/\/chitosanlab.com\/wp-content\/uploads\/2016\/05\/Probarbus-Ossein.jpg\",\"datePublished\":\"2016-05-18T10:39:58+00:00\",\"dateModified\":\"2017-02-14T14:02:42+00:00\",\"breadcrumb\":{\"@id\":\"https:\/\/chitosanlab.com\/es\/marino-oseina\/#breadcrumb\"},\"inLanguage\":\"es-ES\",\"potentialAction\":[{\"@type\":\"ReadAction\",\"target\":[\"https:\/\/chitosanlab.com\/es\/marino-oseina\/\"]}]},{\"@type\":\"ImageObject\",\"inLanguage\":\"es-ES\",\"@id\":\"https:\/\/chitosanlab.com\/es\/marino-oseina\/#primaryimage\",\"url\":\"http:\/\/chitosanlab.com\/wp-content\/uploads\/2016\/05\/Probarbus-Ossein.jpg\",\"contentUrl\":\"http:\/\/chitosanlab.com\/wp-content\/uploads\/2016\/05\/Probarbus-Ossein.jpg\"},{\"@type\":\"BreadcrumbList\",\"@id\":\"https:\/\/chitosanlab.com\/es\/marino-oseina\/#breadcrumb\",\"itemListElement\":[{\"@type\":\"ListItem\",\"position\":1,\"name\":\"Accueil\",\"item\":\"https:\/\/chitosanlab.com\/es\/\"},{\"@type\":\"ListItem\",\"position\":2,\"name\":\"Ose\u00edna marino (col\u00e1geno)\"}]},{\"@type\":\"WebSite\",\"@id\":\"https:\/\/chitosanlab.com\/es\/#website\",\"url\":\"https:\/\/chitosanlab.com\/es\/\",\"name\":\"\",\"description\":\"Quitosano a granel\",\"potentialAction\":[{\"@type\":\"SearchAction\",\"target\":{\"@type\":\"EntryPoint\",\"urlTemplate\":\"https:\/\/chitosanlab.com\/es\/?s={search_term_string}\"},\"query-input\":{\"@type\":\"PropertyValueSpecification\",\"valueRequired\":true,\"valueName\":\"search_term_string\"}}],\"inLanguage\":\"es-ES\"}]}<\/script>\n<!-- \/ Yoast SEO plugin. -->","yoast_head_json":{"title":"Ose\u00edna marino (col\u00e1geno) -","robots":{"index":"index","follow":"follow","max-snippet":"max-snippet:-1","max-image-preview":"max-image-preview:large","max-video-preview":"max-video-preview:-1"},"canonical":"https:\/\/chitosanlab.com\/es\/marino-oseina\/","og_locale":"es_ES","og_type":"article","og_title":"Ose\u00edna marino (col\u00e1geno) -","og_description":"Extra\u00eddo de escamas de pescado descalcificado , Ose\u00edna es un precursor utilizado cada vez m\u00e1s para producir col\u00e1geno marino . Adem\u00e1s de su disponibilidad , su principal ventaja es una concentraci\u00f3n de prote\u00edna de aproximadamente 100 % (humedad deducido ) . Tenemos una selecci\u00f3n de 3 or\u00edgenes : Tilapia , la perca gigante y Probarbus. &nbsp;","og_url":"https:\/\/chitosanlab.com\/es\/marino-oseina\/","article_modified_time":"2017-02-14T14:02:42+00:00","og_image":[{"url":"http:\/\/chitosanlab.com\/wp-content\/uploads\/2016\/05\/Probarbus-Ossein.jpg","type":"","width":"","height":""}],"twitter_misc":{"Tiempo de lectura":"1 minute"},"schema":{"@context":"https:\/\/schema.org","@graph":[{"@type":"WebPage","@id":"https:\/\/chitosanlab.com\/es\/marino-oseina\/","url":"https:\/\/chitosanlab.com\/es\/marino-oseina\/","name":"Ose\u00edna marino (col\u00e1geno) -","isPartOf":{"@id":"https:\/\/chitosanlab.com\/es\/#website"},"primaryImageOfPage":{"@id":"https:\/\/chitosanlab.com\/es\/marino-oseina\/#primaryimage"},"image":{"@id":"https:\/\/chitosanlab.com\/es\/marino-oseina\/#primaryimage"},"thumbnailUrl":"http:\/\/chitosanlab.com\/wp-content\/uploads\/2016\/05\/Probarbus-Ossein.jpg","datePublished":"2016-05-18T10:39:58+00:00","dateModified":"2017-02-14T14:02:42+00:00","breadcrumb":{"@id":"https:\/\/chitosanlab.com\/es\/marino-oseina\/#breadcrumb"},"inLanguage":"es-ES","potentialAction":[{"@type":"ReadAction","target":["https:\/\/chitosanlab.com\/es\/marino-oseina\/"]}]},{"@type":"ImageObject","inLanguage":"es-ES","@id":"https:\/\/chitosanlab.com\/es\/marino-oseina\/#primaryimage","url":"http:\/\/chitosanlab.com\/wp-content\/uploads\/2016\/05\/Probarbus-Ossein.jpg","contentUrl":"http:\/\/chitosanlab.com\/wp-content\/uploads\/2016\/05\/Probarbus-Ossein.jpg"},{"@type":"BreadcrumbList","@id":"https:\/\/chitosanlab.com\/es\/marino-oseina\/#breadcrumb","itemListElement":[{"@type":"ListItem","position":1,"name":"Accueil","item":"https:\/\/chitosanlab.com\/es\/"},{"@type":"ListItem","position":2,"name":"Ose\u00edna marino (col\u00e1geno)"}]},{"@type":"WebSite","@id":"https:\/\/chitosanlab.com\/es\/#website","url":"https:\/\/chitosanlab.com\/es\/","name":"","description":"Quitosano a granel","potentialAction":[{"@type":"SearchAction","target":{"@type":"EntryPoint","urlTemplate":"https:\/\/chitosanlab.com\/es\/?s={search_term_string}"},"query-input":{"@type":"PropertyValueSpecification","valueRequired":true,"valueName":"search_term_string"}}],"inLanguage":"es-ES"}]}},"_links":{"self":[{"href":"https:\/\/chitosanlab.com\/es\/wp-json\/wp\/v2\/pages\/311"}],"collection":[{"href":"https:\/\/chitosanlab.com\/es\/wp-json\/wp\/v2\/pages"}],"about":[{"href":"https:\/\/chitosanlab.com\/es\/wp-json\/wp\/v2\/types\/page"}],"author":[{"embeddable":true,"href":"https:\/\/chitosanlab.com\/es\/wp-json\/wp\/v2\/users\/2"}],"replies":[{"embeddable":true,"href":"https:\/\/chitosanlab.com\/es\/wp-json\/wp\/v2\/comments?post=311"}],"version-history":[{"count":8,"href":"https:\/\/chitosanlab.com\/es\/wp-json\/wp\/v2\/pages\/311\/revisions"}],"predecessor-version":[{"id":374,"href":"https:\/\/chitosanlab.com\/es\/wp-json\/wp\/v2\/pages\/311\/revisions\/374"}],"wp:attachment":[{"href":"https:\/\/chitosanlab.com\/es\/wp-json\/wp\/v2\/media?parent=311"}],"curies":[{"name":"wp","href":"https:\/\/api.w.org\/{rel}","templated":true}]}}