{"id":37,"date":"2015-03-09T15:31:53","date_gmt":"2015-03-09T14:31:53","guid":{"rendered":"http:\/\/chitosanlab.com\/es\/?page_id=37"},"modified":"2019-01-04T03:37:01","modified_gmt":"2019-01-04T02:37:01","slug":"fabricante-de-quitosano","status":"publish","type":"page","link":"https:\/\/chitosanlab.com\/es\/fabricante-de-quitosano\/","title":{"rendered":"Enlaces de inter\u00e9s"},"content":{"rendered":"<p>Comprar quitosano o quitin en peque\u00f1a cantidad : puede probar nuestros productos en paquetes peque\u00f1os a nuestra socio de negocios <a href=\"http:\/\/www.glentham.com\/en\/products\/search\/?q=chitosan\" target=\"_blank\" rel=\"noopener\">Glentham Life Sciences<\/a><\/p>\n<p>Tratamiento de las aguas :\u00a0Aplicaci\u00f3n de Quitosano como material bioabsorbente en el proceso de\u00a0<a href=\"https:\/\/www.google.fr\/url?sa=t&amp;rct=j&amp;q=&amp;esrc=s&amp;source=web&amp;cd=1&amp;cad=rja&amp;uact=8&amp;ved=0CCYQFjAA&amp;url=http%3A%2F%2Fdspace.ups.edu.ec%2Fbitstream%2F123456789%2F1510%2F16%2FUPS-CT002068.pdf&amp;ei=Q5-ZVeq2I4HrUM_IgJAL&amp;usg=AFQjCNEFZeoLLkVa3ud3jaxO-NPIZw1lUg\">coagulaci\u00f3n-floculaci\u00f3n<\/a><\/p>\n<p class=\"r\">El quitosano, sustituto del pl\u00e1stico petroqu\u00edmico : <a href=\"http:\/\/www.vidasostenible.org\/informes\/el-quitosano-sustituto-del-plastico-petroquimico\/\">vidaostenible.org<\/a><\/p>\n<p class=\"r\">Algunas potencialidades de la quitina y el quitosano para usos relacionados con la agricultura :\u00a0<a href=\"http:\/\/www.bioline.org.br\/pdf?cg08002\">Revista UDO Agr\u00edcola\u00a0<\/a><\/p>\n<p>&nbsp;<\/p>\n","protected":false},"excerpt":{"rendered":"<p>Comprar quitosano o quitin en peque\u00f1a cantidad : puede probar nuestros productos en paquetes peque\u00f1os a nuestra socio de negocios Glentham Life Sciences Tratamiento de las aguas :\u00a0Aplicaci\u00f3n de Quitosano como material bioabsorbente en el proceso de\u00a0coagulaci\u00f3n-floculaci\u00f3n El quitosano, sustituto del pl\u00e1stico petroqu\u00edmico : vidaostenible.org Algunas potencialidades de la quitina y el quitosano para usos relacionados con la agricultura :\u00a0Revista UDO Agr\u00edcola\u00a0 &nbsp;<\/p>\n","protected":false},"author":2,"featured_media":0,"parent":0,"menu_order":0,"comment_status":"closed","ping_status":"closed","template":"","meta":{"footnotes":""},"class_list":["post-37","page","type-page","status-publish","hentry"],"yoast_head":"<!-- This site is optimized with the Yoast SEO plugin v27.3 - https:\/\/yoast.com\/product\/yoast-seo-wordpress\/ -->\n<title>fabricante de quitosano<\/title>\n<meta name=\"description\" content=\"mayorista de quitina y quitosano. Compra quitosano online al por mayor de Tailandia y china\" \/>\n<meta name=\"robots\" content=\"index, follow, max-snippet:-1, max-image-preview:large, max-video-preview:-1\" \/>\n<link rel=\"canonical\" href=\"https:\/\/chitosanlab.com\/es\/fabricante-de-quitosano\/\" \/>\n<meta property=\"og:locale\" content=\"es_ES\" \/>\n<meta property=\"og:type\" content=\"article\" \/>\n<meta property=\"og:title\" content=\"fabricante de quitosano\" \/>\n<meta property=\"og:description\" content=\"mayorista de quitina y quitosano. Compra quitosano online al por mayor de Tailandia y china\" \/>\n<meta property=\"og:url\" content=\"https:\/\/chitosanlab.com\/es\/fabricante-de-quitosano\/\" \/>\n<meta property=\"article:modified_time\" content=\"2019-01-04T02:37:01+00:00\" \/>\n<script type=\"application\/ld+json\" class=\"yoast-schema-graph\">{\"@context\":\"https:\\\/\\\/schema.org\",\"@graph\":[{\"@type\":\"WebPage\",\"@id\":\"https:\\\/\\\/chitosanlab.com\\\/es\\\/fabricante-de-quitosano\\\/\",\"url\":\"https:\\\/\\\/chitosanlab.com\\\/es\\\/fabricante-de-quitosano\\\/\",\"name\":\"fabricante de quitosano\",\"isPartOf\":{\"@id\":\"https:\\\/\\\/chitosanlab.com\\\/es\\\/#website\"},\"datePublished\":\"2015-03-09T14:31:53+00:00\",\"dateModified\":\"2019-01-04T02:37:01+00:00\",\"description\":\"mayorista de quitina y quitosano. Compra quitosano online al por mayor de Tailandia y china\",\"breadcrumb\":{\"@id\":\"https:\\\/\\\/chitosanlab.com\\\/es\\\/fabricante-de-quitosano\\\/#breadcrumb\"},\"inLanguage\":\"es-ES\",\"potentialAction\":[{\"@type\":\"ReadAction\",\"target\":[\"https:\\\/\\\/chitosanlab.com\\\/es\\\/fabricante-de-quitosano\\\/\"]}]},{\"@type\":\"BreadcrumbList\",\"@id\":\"https:\\\/\\\/chitosanlab.com\\\/es\\\/fabricante-de-quitosano\\\/#breadcrumb\",\"itemListElement\":[{\"@type\":\"ListItem\",\"position\":1,\"name\":\"Accueil\",\"item\":\"https:\\\/\\\/chitosanlab.com\\\/es\\\/\"},{\"@type\":\"ListItem\",\"position\":2,\"name\":\"Enlaces de inter\u00e9s\"}]},{\"@type\":\"WebSite\",\"@id\":\"https:\\\/\\\/chitosanlab.com\\\/es\\\/#website\",\"url\":\"https:\\\/\\\/chitosanlab.com\\\/es\\\/\",\"name\":\"\",\"description\":\"Quitosano a granel\",\"potentialAction\":[{\"@type\":\"SearchAction\",\"target\":{\"@type\":\"EntryPoint\",\"urlTemplate\":\"https:\\\/\\\/chitosanlab.com\\\/es\\\/?s={search_term_string}\"},\"query-input\":{\"@type\":\"PropertyValueSpecification\",\"valueRequired\":true,\"valueName\":\"search_term_string\"}}],\"inLanguage\":\"es-ES\"}]}<\/script>\n<!-- \/ Yoast SEO plugin. -->","yoast_head_json":{"title":"fabricante de quitosano","description":"mayorista de quitina y quitosano. Compra quitosano online al por mayor de Tailandia y china","robots":{"index":"index","follow":"follow","max-snippet":"max-snippet:-1","max-image-preview":"max-image-preview:large","max-video-preview":"max-video-preview:-1"},"canonical":"https:\/\/chitosanlab.com\/es\/fabricante-de-quitosano\/","og_locale":"es_ES","og_type":"article","og_title":"fabricante de quitosano","og_description":"mayorista de quitina y quitosano. Compra quitosano online al por mayor de Tailandia y china","og_url":"https:\/\/chitosanlab.com\/es\/fabricante-de-quitosano\/","article_modified_time":"2019-01-04T02:37:01+00:00","schema":{"@context":"https:\/\/schema.org","@graph":[{"@type":"WebPage","@id":"https:\/\/chitosanlab.com\/es\/fabricante-de-quitosano\/","url":"https:\/\/chitosanlab.com\/es\/fabricante-de-quitosano\/","name":"fabricante de quitosano","isPartOf":{"@id":"https:\/\/chitosanlab.com\/es\/#website"},"datePublished":"2015-03-09T14:31:53+00:00","dateModified":"2019-01-04T02:37:01+00:00","description":"mayorista de quitina y quitosano. Compra quitosano online al por mayor de Tailandia y china","breadcrumb":{"@id":"https:\/\/chitosanlab.com\/es\/fabricante-de-quitosano\/#breadcrumb"},"inLanguage":"es-ES","potentialAction":[{"@type":"ReadAction","target":["https:\/\/chitosanlab.com\/es\/fabricante-de-quitosano\/"]}]},{"@type":"BreadcrumbList","@id":"https:\/\/chitosanlab.com\/es\/fabricante-de-quitosano\/#breadcrumb","itemListElement":[{"@type":"ListItem","position":1,"name":"Accueil","item":"https:\/\/chitosanlab.com\/es\/"},{"@type":"ListItem","position":2,"name":"Enlaces de inter\u00e9s"}]},{"@type":"WebSite","@id":"https:\/\/chitosanlab.com\/es\/#website","url":"https:\/\/chitosanlab.com\/es\/","name":"","description":"Quitosano a granel","potentialAction":[{"@type":"SearchAction","target":{"@type":"EntryPoint","urlTemplate":"https:\/\/chitosanlab.com\/es\/?s={search_term_string}"},"query-input":{"@type":"PropertyValueSpecification","valueRequired":true,"valueName":"search_term_string"}}],"inLanguage":"es-ES"}]}},"_links":{"self":[{"href":"https:\/\/chitosanlab.com\/es\/wp-json\/wp\/v2\/pages\/37","targetHints":{"allow":["GET"]}}],"collection":[{"href":"https:\/\/chitosanlab.com\/es\/wp-json\/wp\/v2\/pages"}],"about":[{"href":"https:\/\/chitosanlab.com\/es\/wp-json\/wp\/v2\/types\/page"}],"author":[{"embeddable":true,"href":"https:\/\/chitosanlab.com\/es\/wp-json\/wp\/v2\/users\/2"}],"replies":[{"embeddable":true,"href":"https:\/\/chitosanlab.com\/es\/wp-json\/wp\/v2\/comments?post=37"}],"version-history":[{"count":24,"href":"https:\/\/chitosanlab.com\/es\/wp-json\/wp\/v2\/pages\/37\/revisions"}],"predecessor-version":[{"id":515,"href":"https:\/\/chitosanlab.com\/es\/wp-json\/wp\/v2\/pages\/37\/revisions\/515"}],"wp:attachment":[{"href":"https:\/\/chitosanlab.com\/es\/wp-json\/wp\/v2\/media?parent=37"}],"curies":[{"name":"wp","href":"https:\/\/api.w.org\/{rel}","templated":true}]}}