{"id":378,"date":"2017-03-23T16:56:50","date_gmt":"2017-03-23T15:56:50","guid":{"rendered":"http:\/\/chitosanlab.com\/es\/?page_id=378"},"modified":"2017-04-12T16:16:23","modified_gmt":"2017-04-12T15:16:23","slug":"sustancia-basica-clorhidrato-quitosano","status":"publish","type":"page","link":"https:\/\/chitosanlab.com\/es\/sustancia-basica-clorhidrato-quitosano\/","title":{"rendered":"Sustancia b\u00e1sica Clorhidrato de quitosano"},"content":{"rendered":"<h5>\u00bfQu\u00e9 es una sustancia b\u00e1sica?<\/h5>\n<p>Se entender\u00e1 por \u00absustancia b\u00e1sica\u00bb aquella sustancia activa que:<\/p>\n<ol>\n<li>no es una sustancia preocupante, y<\/li>\n<li>no tiene la capacidad intr\u00ednseca de producir alteraciones endocrinas o efectos neurot\u00f3xicos o inmunot\u00f3xicos, y<\/li>\n<li>no se utiliza principalmente para fines fitosanitarios, pero resulta \u00fatil para fines fitosanitarios, utilizada directamente o en un producto formado por la sustancia y un simple diluyente, y<\/li>\n<li>no se comercializa como producto fitosanitario.<\/li>\n<\/ol>\n<p>&nbsp;<\/p>\n<p>Una sustancia activa que satisfaga los criterios de un \u00abproducto alimenticio\u00bb tal como se define en el art\u00edculo 2 del Reglamento (CE) no 178\/2002 ser\u00e1 considerada como sustancia b\u00e1sica.<\/p>\n<h5>El quitosano es una sustancia b\u00e1sica<\/h5>\n<p>La sustancia activa clorhidrato de quitosano, tal como se especifica en el anexo I del Reglamento de ejecucion (UE) No 563\/2014, queda aprobada como sustancia b\u00e1sica en las condiciones fijadas en dicho anexo.<\/p>\n<p><strong>Especificaci\u00f3n requerida :\u00a0<\/strong>Contenido m\u00e1ximo de metales pesados: 40 ppm.<br \/>\n<strong>Disposiciones espec\u00edficas :\u00a0<\/strong>El clorhidrato de quitosano podr\u00e1 utilizarse de conformidad con las condiciones espec\u00edficas incluidas en las conclusiones del informe de revisi\u00f3n sobre esta sustancia (SANCO\/12388\/2013).<\/p>\n<h5>Condiciones de Uso :<\/h5>\n<ul>\n<li>Sustancias que no deben utilizarse como herbicidas, sino \u00fanicamente para el control de plagas y enfermedades<\/li>\n<li>La dosis m\u00e1xima de aplicaci\u00f3n de clorhidrato de quitos\u00e1n para un solo tratamiento es de 800 gr \/ ha<\/li>\n<\/ul>\n<p>&nbsp;<\/p>\n<h5>Sustancias b\u00e1sicas que pueden utilizarse en la agricultura org\u00e1nica<\/h5>\n<p>Los criterios relativos a las &#8220;sustancias b\u00e1sicas&#8221; en la agricultura ecol\u00f3gica se definen en el anexo II del Reglamento (CE) 889\/2008 de la Comisi\u00f3n:<br \/>\n<strong><em>&#8220;\u00danicamente las sustancias b\u00e1sicas a que se refiere el art\u00edculo 23, apartado 1, del Reglamento (CE) no 1107\/20092 del Parlamento Europeo y del Consejo que est\u00e9n comprendidas en la definici\u00f3n de&#8221; producto alimenticio &#8220;del art\u00edculo 2 del Reglamento 178\/20023 del Parlamento Europeo y del Consejo y tengan origen vegetal o animal. Las sustancias no deben usarse como herbicidas, sino s\u00f3lo para el control de plagas y enfermedades. &#8220;<\/em><\/strong><\/p>\n<h5>El quitosano es una sustancia b\u00e1sica permitida en la agricultura org\u00e1nica<\/h5>\n<p>El clorhidrato de quitosano cumple los criterios del anexo II del Reglamento 889\/2008. Como tal se puede utilizar en la agricultura org\u00e1nica.<br \/>\n<strong>Uso autorizado:<\/strong> aprobado como fungicida y bactericida (v\u00e9anse los Ap\u00e9ndices I y II del documento SANCO \/ 12388\/2013 para condiciones espec\u00edficas).<\/p>\n","protected":false},"excerpt":{"rendered":"<p>\u00bfQu\u00e9 es una sustancia b\u00e1sica? Se entender\u00e1 por \u00absustancia b\u00e1sica\u00bb aquella sustancia activa que: no es una sustancia preocupante, y no tiene la capacidad intr\u00ednseca de producir alteraciones endocrinas o efectos neurot\u00f3xicos o inmunot\u00f3xicos, y no se utiliza principalmente para fines fitosanitarios, pero resulta \u00fatil para fines fitosanitarios, utilizada directamente o en un producto formado por la sustancia y un simple diluyente, y no se comercializa como producto fitosanitario. &nbsp; Una sustancia activa que satisfaga los criterios de un \u00abproducto alimenticio\u00bb tal como se define en el art\u00edculo 2 del Reglamento (CE) no 178\/2002 ser\u00e1 considerada como sustancia b\u00e1sica. El quitosano es una sustancia b\u00e1sica La sustancia activa clorhidrato de quitosano, tal como se especifica en el anexo I del Reglamento de ejecucion (UE) No 563\/2014, queda aprobada como sustancia b\u00e1sica en las condiciones fijadas en dicho anexo. Especificaci\u00f3n requerida :\u00a0Contenido m\u00e1ximo de metales pesados: 40 ppm. Disposiciones espec\u00edficas :\u00a0El clorhidrato de quitosano podr\u00e1 utilizarse de conformidad con las condiciones espec\u00edficas incluidas en las conclusiones del informe de revisi\u00f3n sobre esta sustancia (SANCO\/12388\/2013). Condiciones de Uso : Sustancias que no deben utilizarse como herbicidas, sino \u00fanicamente para el control de plagas y enfermedades La dosis m\u00e1xima de aplicaci\u00f3n de clorhidrato de quitos\u00e1n para un solo tratamiento es de 800 gr \/ ha &nbsp; Sustancias b\u00e1sicas que pueden utilizarse en la agricultura org\u00e1nica Los criterios relativos a las &#8220;sustancias b\u00e1sicas&#8221; en la agricultura ecol\u00f3gica se definen en el anexo II del Reglamento (CE) 889\/2008 de la Comisi\u00f3n: &#8220;\u00danicamente las sustancias b\u00e1sicas a que se refiere el art\u00edculo 23, apartado 1, del Reglamento (CE) no 1107\/20092 del Parlamento Europeo y del Consejo que est\u00e9n comprendidas en la definici\u00f3n de&#8221; producto alimenticio &#8220;del art\u00edculo 2 del Reglamento 178\/20023 del Parlamento Europeo y del Consejo y tengan origen vegetal o animal. Las sustancias no deben usarse como herbicidas, sino s\u00f3lo para el control de plagas y enfermedades. &#8220; El quitosano es una sustancia b\u00e1sica permitida en la agricultura org\u00e1nica El clorhidrato de quitosano cumple los criterios del anexo II del Reglamento 889\/2008. Como tal se puede utilizar en la agricultura org\u00e1nica. Uso autorizado: aprobado como fungicida y bactericida (v\u00e9anse los Ap\u00e9ndices I y II del documento SANCO \/ 12388\/2013 para condiciones espec\u00edficas).<\/p>\n","protected":false},"author":2,"featured_media":0,"parent":0,"menu_order":0,"comment_status":"closed","ping_status":"closed","template":"","meta":{"footnotes":""},"class_list":["post-378","page","type-page","status-publish","hentry"],"yoast_head":"<!-- This site is optimized with the Yoast SEO plugin v27.5 - https:\/\/yoast.com\/product\/yoast-seo-wordpress\/ -->\n<title>sustancia b\u00e1sica quitosano<\/title>\n<meta name=\"description\" content=\"Proveedor de quitosano - sustqncia basica para la agricultura. Vendemos solo a profesionales.\" \/>\n<meta name=\"robots\" content=\"index, follow, max-snippet:-1, max-image-preview:large, max-video-preview:-1\" \/>\n<link rel=\"canonical\" href=\"https:\/\/chitosanlab.com\/es\/sustancia-basica-clorhidrato-quitosano\/\" \/>\n<meta property=\"og:locale\" content=\"es_ES\" \/>\n<meta property=\"og:type\" content=\"article\" \/>\n<meta property=\"og:title\" content=\"sustancia b\u00e1sica quitosano\" \/>\n<meta property=\"og:description\" content=\"Proveedor de quitosano - sustqncia basica para la agricultura. Vendemos solo a profesionales.\" \/>\n<meta property=\"og:url\" content=\"https:\/\/chitosanlab.com\/es\/sustancia-basica-clorhidrato-quitosano\/\" \/>\n<meta property=\"article:modified_time\" content=\"2017-04-12T15:16:23+00:00\" \/>\n<meta name=\"twitter:label1\" content=\"Tiempo de lectura\" \/>\n\t<meta name=\"twitter:data1\" content=\"2 minutes\" \/>\n<script type=\"application\/ld+json\" class=\"yoast-schema-graph\">{\"@context\":\"https:\\\/\\\/schema.org\",\"@graph\":[{\"@type\":\"WebPage\",\"@id\":\"https:\\\/\\\/chitosanlab.com\\\/es\\\/sustancia-basica-clorhidrato-quitosano\\\/\",\"url\":\"https:\\\/\\\/chitosanlab.com\\\/es\\\/sustancia-basica-clorhidrato-quitosano\\\/\",\"name\":\"sustancia b\u00e1sica quitosano\",\"isPartOf\":{\"@id\":\"https:\\\/\\\/chitosanlab.com\\\/es\\\/#website\"},\"datePublished\":\"2017-03-23T15:56:50+00:00\",\"dateModified\":\"2017-04-12T15:16:23+00:00\",\"description\":\"Proveedor de quitosano - sustqncia basica para la agricultura. Vendemos solo a profesionales.\",\"breadcrumb\":{\"@id\":\"https:\\\/\\\/chitosanlab.com\\\/es\\\/sustancia-basica-clorhidrato-quitosano\\\/#breadcrumb\"},\"inLanguage\":\"es-ES\",\"potentialAction\":[{\"@type\":\"ReadAction\",\"target\":[\"https:\\\/\\\/chitosanlab.com\\\/es\\\/sustancia-basica-clorhidrato-quitosano\\\/\"]}]},{\"@type\":\"BreadcrumbList\",\"@id\":\"https:\\\/\\\/chitosanlab.com\\\/es\\\/sustancia-basica-clorhidrato-quitosano\\\/#breadcrumb\",\"itemListElement\":[{\"@type\":\"ListItem\",\"position\":1,\"name\":\"Accueil\",\"item\":\"https:\\\/\\\/chitosanlab.com\\\/es\\\/\"},{\"@type\":\"ListItem\",\"position\":2,\"name\":\"Sustancia b\u00e1sica Clorhidrato de quitosano\"}]},{\"@type\":\"WebSite\",\"@id\":\"https:\\\/\\\/chitosanlab.com\\\/es\\\/#website\",\"url\":\"https:\\\/\\\/chitosanlab.com\\\/es\\\/\",\"name\":\"\",\"description\":\"Quitosano a granel\",\"potentialAction\":[{\"@type\":\"SearchAction\",\"target\":{\"@type\":\"EntryPoint\",\"urlTemplate\":\"https:\\\/\\\/chitosanlab.com\\\/es\\\/?s={search_term_string}\"},\"query-input\":{\"@type\":\"PropertyValueSpecification\",\"valueRequired\":true,\"valueName\":\"search_term_string\"}}],\"inLanguage\":\"es-ES\"}]}<\/script>\n<!-- \/ Yoast SEO plugin. -->","yoast_head_json":{"title":"sustancia b\u00e1sica quitosano","description":"Proveedor de quitosano - sustqncia basica para la agricultura. Vendemos solo a profesionales.","robots":{"index":"index","follow":"follow","max-snippet":"max-snippet:-1","max-image-preview":"max-image-preview:large","max-video-preview":"max-video-preview:-1"},"canonical":"https:\/\/chitosanlab.com\/es\/sustancia-basica-clorhidrato-quitosano\/","og_locale":"es_ES","og_type":"article","og_title":"sustancia b\u00e1sica quitosano","og_description":"Proveedor de quitosano - sustqncia basica para la agricultura. Vendemos solo a profesionales.","og_url":"https:\/\/chitosanlab.com\/es\/sustancia-basica-clorhidrato-quitosano\/","article_modified_time":"2017-04-12T15:16:23+00:00","twitter_misc":{"Tiempo de lectura":"2 minutes"},"schema":{"@context":"https:\/\/schema.org","@graph":[{"@type":"WebPage","@id":"https:\/\/chitosanlab.com\/es\/sustancia-basica-clorhidrato-quitosano\/","url":"https:\/\/chitosanlab.com\/es\/sustancia-basica-clorhidrato-quitosano\/","name":"sustancia b\u00e1sica quitosano","isPartOf":{"@id":"https:\/\/chitosanlab.com\/es\/#website"},"datePublished":"2017-03-23T15:56:50+00:00","dateModified":"2017-04-12T15:16:23+00:00","description":"Proveedor de quitosano - sustqncia basica para la agricultura. Vendemos solo a profesionales.","breadcrumb":{"@id":"https:\/\/chitosanlab.com\/es\/sustancia-basica-clorhidrato-quitosano\/#breadcrumb"},"inLanguage":"es-ES","potentialAction":[{"@type":"ReadAction","target":["https:\/\/chitosanlab.com\/es\/sustancia-basica-clorhidrato-quitosano\/"]}]},{"@type":"BreadcrumbList","@id":"https:\/\/chitosanlab.com\/es\/sustancia-basica-clorhidrato-quitosano\/#breadcrumb","itemListElement":[{"@type":"ListItem","position":1,"name":"Accueil","item":"https:\/\/chitosanlab.com\/es\/"},{"@type":"ListItem","position":2,"name":"Sustancia b\u00e1sica Clorhidrato de quitosano"}]},{"@type":"WebSite","@id":"https:\/\/chitosanlab.com\/es\/#website","url":"https:\/\/chitosanlab.com\/es\/","name":"","description":"Quitosano a granel","potentialAction":[{"@type":"SearchAction","target":{"@type":"EntryPoint","urlTemplate":"https:\/\/chitosanlab.com\/es\/?s={search_term_string}"},"query-input":{"@type":"PropertyValueSpecification","valueRequired":true,"valueName":"search_term_string"}}],"inLanguage":"es-ES"}]}},"_links":{"self":[{"href":"https:\/\/chitosanlab.com\/es\/wp-json\/wp\/v2\/pages\/378","targetHints":{"allow":["GET"]}}],"collection":[{"href":"https:\/\/chitosanlab.com\/es\/wp-json\/wp\/v2\/pages"}],"about":[{"href":"https:\/\/chitosanlab.com\/es\/wp-json\/wp\/v2\/types\/page"}],"author":[{"embeddable":true,"href":"https:\/\/chitosanlab.com\/es\/wp-json\/wp\/v2\/users\/2"}],"replies":[{"embeddable":true,"href":"https:\/\/chitosanlab.com\/es\/wp-json\/wp\/v2\/comments?post=378"}],"version-history":[{"count":14,"href":"https:\/\/chitosanlab.com\/es\/wp-json\/wp\/v2\/pages\/378\/revisions"}],"predecessor-version":[{"id":401,"href":"https:\/\/chitosanlab.com\/es\/wp-json\/wp\/v2\/pages\/378\/revisions\/401"}],"wp:attachment":[{"href":"https:\/\/chitosanlab.com\/es\/wp-json\/wp\/v2\/media?parent=378"}],"curies":[{"name":"wp","href":"https:\/\/api.w.org\/{rel}","templated":true}]}}