{"id":4,"date":"2015-03-04T15:03:48","date_gmt":"2015-03-04T14:03:48","guid":{"rendered":"http:\/\/chitosanlab.com\/es\/?page_id=4"},"modified":"2015-03-27T11:29:32","modified_gmt":"2015-03-27T10:29:32","slug":"inicio","status":"publish","type":"page","link":"https:\/\/chitosanlab.com\/es\/","title":{"rendered":"Inicio"},"content":{"rendered":"<div class=\"shortcode-dropcap circle\" style=\"color:#ffffff; background-color:#555555;\">B<\/div>\n<p>ienvenido a nuestra p\u00e1gina web. Ya sea que usted est\u00e1 buscando toneladas o menor cantidad de quitosano, est\u00e1 en el lugar correcto ! Estamos especializados en la venta de la quitina, el quitosano y derivados. Mientras que la planta de proceso de quitina se encuentra en Tailandia, nuestra oficina de ventas est\u00e1 en Francia. Nos esforzamos por establecer y\u00a0mantener relaciones con los clientes a largo plazo basadas en el respectuo mutuo y la confianzia. No dude en ponerse en contacto con nosotros para explicar su proyecto, haremos nuestro mejor esfuerzo para cumplir con sus expectativas. Estamos a su disposici\u00f3n todos los d\u00edas laborales entre las 09:00 y las 18:00 CET a trav\u00e9s del siguiente n\u00famero: <strong>+33 ( 0 ) 290 38 01 00<\/strong>. \u00a0Gracias a nuestras modernas instalaciones y capacidad de producci\u00f3n de <strong>240 toneladas al a\u00f1o<\/strong>, Estamos en condiciones de satisfacer todas las demandas en calidad y cantidad. Para ayudar a nuestros clientes a crecer, \u00a0aceptamos un pedido m\u00ednimo de 50 kilogramos. Ofrecemos una amplia selecci\u00f3n de quitosanos extraido de los caparazones de crust\u00e1ceos y plumas de calamar. Quitosano tiene muchas aplicaciones y trabajamos para cumplir con los requisitos de cada uno de nuestros clientes. Por lo tanto, utilizamos la metodolog\u00eda de la producci\u00f3n justo a tiempo. \u00bfUsted necesita un producto de alta calidad? Por favor, p\u00f3ngase en contacto con nosotros. Unidad de producci\u00f3n cuenta con certificaci\u00f3n de buenas pr\u00e1cticas de fabricaci\u00f3n (GMP) desde 2013.<\/p>\n","protected":false},"excerpt":{"rendered":"<p>ienvenido a nuestra p\u00e1gina web. Ya sea que usted est\u00e1 buscando toneladas o menor cantidad de quitosano, est\u00e1 en el lugar correcto ! Estamos especializados en la venta de la quitina, el quitosano y derivados. Mientras que la planta de proceso de quitina se encuentra en Tailandia, nuestra oficina de ventas est\u00e1 en Francia. Nos esforzamos por establecer y\u00a0mantener relaciones con los clientes a largo plazo basadas en el respectuo mutuo y la confianzia. No dude en ponerse en contacto con nosotros para explicar su proyecto, haremos nuestro mejor esfuerzo para cumplir con sus expectativas. Estamos a su disposici\u00f3n todos los d\u00edas laborales entre las 09:00 y las 18:00 CET a trav\u00e9s del siguiente n\u00famero: +33 ( 0 ) 290 38 01 00. \u00a0Gracias a nuestras modernas instalaciones y capacidad de producci\u00f3n de 240 toneladas al a\u00f1o, Estamos en condiciones de satisfacer todas las demandas en calidad y cantidad. Para ayudar a nuestros clientes a crecer, \u00a0aceptamos un pedido m\u00ednimo de 50 kilogramos. Ofrecemos una amplia selecci\u00f3n de quitosanos extraido de los caparazones de crust\u00e1ceos y plumas de calamar. Quitosano tiene muchas aplicaciones y trabajamos para cumplir con los requisitos de cada uno de nuestros clientes. Por lo tanto, utilizamos la metodolog\u00eda de la producci\u00f3n justo a tiempo. \u00bfUsted necesita un producto de alta calidad? Por favor, p\u00f3ngase en contacto con nosotros. Unidad de producci\u00f3n cuenta con certificaci\u00f3n de buenas pr\u00e1cticas de fabricaci\u00f3n (GMP) desde 2013.<\/p>\n","protected":false},"author":2,"featured_media":0,"parent":0,"menu_order":0,"comment_status":"open","ping_status":"open","template":"","meta":{"footnotes":""},"class_list":["post-4","page","type-page","status-publish","hentry"],"yoast_head":"<!-- This site is optimized with the Yoast SEO plugin v27.3 - https:\/\/yoast.com\/product\/yoast-seo-wordpress\/ -->\n<title>Producci\u00f3n de quitina y quitosano<\/title>\n<meta name=\"description\" content=\"El quitosano o chitos\u00e1n est un polisac\u00e1rido que se obtiene a partir de los exoesqueletos de crust\u00e1ceos.\" \/>\n<meta name=\"robots\" content=\"index, follow, max-snippet:-1, max-image-preview:large, max-video-preview:-1\" \/>\n<link rel=\"canonical\" href=\"https:\/\/chitosanlab.com\/es\/\" \/>\n<meta property=\"og:locale\" content=\"es_ES\" \/>\n<meta property=\"og:type\" content=\"article\" \/>\n<meta property=\"og:title\" content=\"Producci\u00f3n de quitina y quitosano\" \/>\n<meta property=\"og:description\" content=\"El quitosano o chitos\u00e1n est un polisac\u00e1rido que se obtiene a partir de los exoesqueletos de crust\u00e1ceos.\" \/>\n<meta property=\"og:url\" content=\"https:\/\/chitosanlab.com\/es\/\" \/>\n<meta property=\"article:modified_time\" content=\"2015-03-27T10:29:32+00:00\" \/>\n<meta name=\"twitter:label1\" content=\"Tiempo de lectura\" \/>\n\t<meta name=\"twitter:data1\" content=\"1 minute\" \/>\n<script type=\"application\/ld+json\" class=\"yoast-schema-graph\">{\"@context\":\"https:\\\/\\\/schema.org\",\"@graph\":[{\"@type\":\"WebPage\",\"@id\":\"https:\\\/\\\/chitosanlab.com\\\/es\\\/\",\"url\":\"https:\\\/\\\/chitosanlab.com\\\/es\\\/\",\"name\":\"Producci\u00f3n de quitina y quitosano\",\"isPartOf\":{\"@id\":\"https:\\\/\\\/chitosanlab.com\\\/es\\\/#website\"},\"datePublished\":\"2015-03-04T14:03:48+00:00\",\"dateModified\":\"2015-03-27T10:29:32+00:00\",\"description\":\"El quitosano o chitos\u00e1n est un polisac\u00e1rido que se obtiene a partir de los exoesqueletos de crust\u00e1ceos.\",\"breadcrumb\":{\"@id\":\"https:\\\/\\\/chitosanlab.com\\\/es\\\/#breadcrumb\"},\"inLanguage\":\"es-ES\",\"potentialAction\":[{\"@type\":\"ReadAction\",\"target\":[\"https:\\\/\\\/chitosanlab.com\\\/es\\\/\"]}]},{\"@type\":\"BreadcrumbList\",\"@id\":\"https:\\\/\\\/chitosanlab.com\\\/es\\\/#breadcrumb\",\"itemListElement\":[{\"@type\":\"ListItem\",\"position\":1,\"name\":\"Accueil\",\"item\":\"https:\\\/\\\/chitosanlab.com\\\/es\\\/\"},{\"@type\":\"ListItem\",\"position\":2,\"name\":\"Inicio\"}]},{\"@type\":\"WebSite\",\"@id\":\"https:\\\/\\\/chitosanlab.com\\\/es\\\/#website\",\"url\":\"https:\\\/\\\/chitosanlab.com\\\/es\\\/\",\"name\":\"\",\"description\":\"Quitosano a granel\",\"potentialAction\":[{\"@type\":\"SearchAction\",\"target\":{\"@type\":\"EntryPoint\",\"urlTemplate\":\"https:\\\/\\\/chitosanlab.com\\\/es\\\/?s={search_term_string}\"},\"query-input\":{\"@type\":\"PropertyValueSpecification\",\"valueRequired\":true,\"valueName\":\"search_term_string\"}}],\"inLanguage\":\"es-ES\"}]}<\/script>\n<!-- \/ Yoast SEO plugin. -->","yoast_head_json":{"title":"Producci\u00f3n de quitina y quitosano","description":"El quitosano o chitos\u00e1n est un polisac\u00e1rido que se obtiene a partir de los exoesqueletos de crust\u00e1ceos.","robots":{"index":"index","follow":"follow","max-snippet":"max-snippet:-1","max-image-preview":"max-image-preview:large","max-video-preview":"max-video-preview:-1"},"canonical":"https:\/\/chitosanlab.com\/es\/","og_locale":"es_ES","og_type":"article","og_title":"Producci\u00f3n de quitina y quitosano","og_description":"El quitosano o chitos\u00e1n est un polisac\u00e1rido que se obtiene a partir de los exoesqueletos de crust\u00e1ceos.","og_url":"https:\/\/chitosanlab.com\/es\/","article_modified_time":"2015-03-27T10:29:32+00:00","twitter_misc":{"Tiempo de lectura":"1 minute"},"schema":{"@context":"https:\/\/schema.org","@graph":[{"@type":"WebPage","@id":"https:\/\/chitosanlab.com\/es\/","url":"https:\/\/chitosanlab.com\/es\/","name":"Producci\u00f3n de quitina y quitosano","isPartOf":{"@id":"https:\/\/chitosanlab.com\/es\/#website"},"datePublished":"2015-03-04T14:03:48+00:00","dateModified":"2015-03-27T10:29:32+00:00","description":"El quitosano o chitos\u00e1n est un polisac\u00e1rido que se obtiene a partir de los exoesqueletos de crust\u00e1ceos.","breadcrumb":{"@id":"https:\/\/chitosanlab.com\/es\/#breadcrumb"},"inLanguage":"es-ES","potentialAction":[{"@type":"ReadAction","target":["https:\/\/chitosanlab.com\/es\/"]}]},{"@type":"BreadcrumbList","@id":"https:\/\/chitosanlab.com\/es\/#breadcrumb","itemListElement":[{"@type":"ListItem","position":1,"name":"Accueil","item":"https:\/\/chitosanlab.com\/es\/"},{"@type":"ListItem","position":2,"name":"Inicio"}]},{"@type":"WebSite","@id":"https:\/\/chitosanlab.com\/es\/#website","url":"https:\/\/chitosanlab.com\/es\/","name":"","description":"Quitosano a granel","potentialAction":[{"@type":"SearchAction","target":{"@type":"EntryPoint","urlTemplate":"https:\/\/chitosanlab.com\/es\/?s={search_term_string}"},"query-input":{"@type":"PropertyValueSpecification","valueRequired":true,"valueName":"search_term_string"}}],"inLanguage":"es-ES"}]}},"_links":{"self":[{"href":"https:\/\/chitosanlab.com\/es\/wp-json\/wp\/v2\/pages\/4","targetHints":{"allow":["GET"]}}],"collection":[{"href":"https:\/\/chitosanlab.com\/es\/wp-json\/wp\/v2\/pages"}],"about":[{"href":"https:\/\/chitosanlab.com\/es\/wp-json\/wp\/v2\/types\/page"}],"author":[{"embeddable":true,"href":"https:\/\/chitosanlab.com\/es\/wp-json\/wp\/v2\/users\/2"}],"replies":[{"embeddable":true,"href":"https:\/\/chitosanlab.com\/es\/wp-json\/wp\/v2\/comments?post=4"}],"version-history":[{"count":11,"href":"https:\/\/chitosanlab.com\/es\/wp-json\/wp\/v2\/pages\/4\/revisions"}],"predecessor-version":[{"id":238,"href":"https:\/\/chitosanlab.com\/es\/wp-json\/wp\/v2\/pages\/4\/revisions\/238"}],"wp:attachment":[{"href":"https:\/\/chitosanlab.com\/es\/wp-json\/wp\/v2\/media?parent=4"}],"curies":[{"name":"wp","href":"https:\/\/api.w.org\/{rel}","templated":true}]}}