{"id":459,"date":"2018-02-19T07:06:23","date_gmt":"2018-02-19T06:06:23","guid":{"rendered":"https:\/\/chitosanlab.com\/es\/?page_id=459"},"modified":"2018-02-20T09:31:41","modified_gmt":"2018-02-20T08:31:41","slug":"quitosano-de-amonio-cuaternario","status":"publish","type":"page","link":"https:\/\/chitosanlab.com\/es\/quitosano-de-amonio-cuaternario\/","title":{"rendered":"Quitosano de amonio cuaternario"},"content":{"rendered":"<p>Quitosano de amonio cuaternario es soluble en una amplia gama de pH. El cati\u00f3n de amonio cuaternario est\u00e1 permanentemente cargado, independientemente de la acidez de la soluci\u00f3n.<\/p>\n<p>Formula : N-(2-hydroxyl)\u00a0propyl-3-trimethyl ammonium chitosan\u00a0chloride (HTCC)<\/p>\n<div class=\"shortcode1-2\"><div class=\"gdl-price-item\"><div class=\"percent-column1-1 gdl-divider\"><div class=\"price-item \"><div class=\"price-tag\"> visc 5-100cps<\/div><div class=\"price-title\">Quitosano de amonio cuaternario<\/div><div class=\"price-content\"><div class=\"shortcode-list shortcode-list-bullet\">\r\n<ul>\r\n \t<li>Color :\u00a0polvo blanco a amarillo claro<\/li>\r\n \t<li>Color en la soluci\u00f3n : claro a amarillo claro<\/li>\r\n \t<li>Olor : inodoro<\/li>\r\n \t<li>Tama\u00f1o de Part\u00edculas\u00a0\u2264 80 Mesh<\/li>\r\n \t<li>Grado de la substituci\u00f3n \u2265 0,6--1<\/li>\r\n \t<li>densidad compactada \u2265 0.55g\/mL<\/li>\r\n \t<li>Solubilidad \u2265 99%<\/li>\r\n \t<li>Viscosidad : 5-100 cps<\/li>\r\n \t<li>Contenido de Humedad :\u00a0\u2264 10\u00a0%<\/li>\r\n \t<li>Contenido de Cenizas :\u00a0\u2264 1%<\/li>\r\n \t<li>pH : 4 -\u00a06<\/li>\r\n \t<li>As (ars\u00e9nico) :\u00a0\u2264 1ppm<\/li>\r\n \t<li>Total de metales pesado \u2264 20 ppm<\/li>\r\n \t<li>Prote\u00ednas : No Detectado<\/li>\r\n \t<li>Recuento Total en placa : \u2264 1000 UFC\/g<\/li>\r\n \t<li>Mohos y Levaduras \u2264 100 UFC\/g<\/li>\r\n \t<li>Salmonella spp.\/g : No Detectado<\/li>\r\n \t<li>E.coli \/g\u00a0: No Detectado<\/li>\r\n \t<li>Estafilococo \/g : No Detectado<\/li>\r\n<\/ul>\r\n<\/div><\/div><div class=\"price-button\"><a class=\"gdl-button\" href=\" \">leer m\u00e1s<\/a><\/div><\/div><\/div><div class='clear'><\/div><\/div>\n<\/div>\n","protected":false},"excerpt":{"rendered":"<p>Quitosano de amonio cuaternario es soluble en una amplia gama de pH. El cati\u00f3n de amonio cuaternario est\u00e1 permanentemente cargado, independientemente de la acidez de la soluci\u00f3n. Formula : N-(2-hydroxyl)\u00a0propyl-3-trimethyl ammonium chitosan\u00a0chloride (HTCC)<\/p>\n","protected":false},"author":2,"featured_media":0,"parent":0,"menu_order":0,"comment_status":"closed","ping_status":"closed","template":"","meta":{"footnotes":""},"class_list":["post-459","page","type-page","status-publish","hentry"],"yoast_head":"<!-- This site is optimized with the Yoast SEO plugin v25.6 - https:\/\/yoast.com\/wordpress\/plugins\/seo\/ -->\n<title>Quitosano de amonio cuaternario -<\/title>\n<meta name=\"robots\" content=\"index, follow, max-snippet:-1, max-image-preview:large, max-video-preview:-1\" \/>\n<link rel=\"canonical\" href=\"https:\/\/chitosanlab.com\/es\/quitosano-de-amonio-cuaternario\/\" \/>\n<meta property=\"og:locale\" content=\"es_ES\" \/>\n<meta property=\"og:type\" content=\"article\" \/>\n<meta property=\"og:title\" content=\"Quitosano de amonio cuaternario -\" \/>\n<meta property=\"og:description\" content=\"Quitosano de amonio cuaternario es soluble en una amplia gama de pH. El cati\u00f3n de amonio cuaternario est\u00e1 permanentemente cargado, independientemente de la acidez de la soluci\u00f3n. Formula : N-(2-hydroxyl)\u00a0propyl-3-trimethyl ammonium chitosan\u00a0chloride (HTCC)\" \/>\n<meta property=\"og:url\" content=\"https:\/\/chitosanlab.com\/es\/quitosano-de-amonio-cuaternario\/\" \/>\n<meta property=\"article:modified_time\" content=\"2018-02-20T08:31:41+00:00\" \/>\n<script type=\"application\/ld+json\" class=\"yoast-schema-graph\">{\"@context\":\"https:\/\/schema.org\",\"@graph\":[{\"@type\":\"WebPage\",\"@id\":\"https:\/\/chitosanlab.com\/es\/quitosano-de-amonio-cuaternario\/\",\"url\":\"https:\/\/chitosanlab.com\/es\/quitosano-de-amonio-cuaternario\/\",\"name\":\"Quitosano de amonio cuaternario -\",\"isPartOf\":{\"@id\":\"https:\/\/chitosanlab.com\/es\/#website\"},\"datePublished\":\"2018-02-19T06:06:23+00:00\",\"dateModified\":\"2018-02-20T08:31:41+00:00\",\"breadcrumb\":{\"@id\":\"https:\/\/chitosanlab.com\/es\/quitosano-de-amonio-cuaternario\/#breadcrumb\"},\"inLanguage\":\"es-ES\",\"potentialAction\":[{\"@type\":\"ReadAction\",\"target\":[\"https:\/\/chitosanlab.com\/es\/quitosano-de-amonio-cuaternario\/\"]}]},{\"@type\":\"BreadcrumbList\",\"@id\":\"https:\/\/chitosanlab.com\/es\/quitosano-de-amonio-cuaternario\/#breadcrumb\",\"itemListElement\":[{\"@type\":\"ListItem\",\"position\":1,\"name\":\"Accueil\",\"item\":\"https:\/\/chitosanlab.com\/es\/\"},{\"@type\":\"ListItem\",\"position\":2,\"name\":\"Quitosano de amonio cuaternario\"}]},{\"@type\":\"WebSite\",\"@id\":\"https:\/\/chitosanlab.com\/es\/#website\",\"url\":\"https:\/\/chitosanlab.com\/es\/\",\"name\":\"\",\"description\":\"Quitosano a granel\",\"potentialAction\":[{\"@type\":\"SearchAction\",\"target\":{\"@type\":\"EntryPoint\",\"urlTemplate\":\"https:\/\/chitosanlab.com\/es\/?s={search_term_string}\"},\"query-input\":{\"@type\":\"PropertyValueSpecification\",\"valueRequired\":true,\"valueName\":\"search_term_string\"}}],\"inLanguage\":\"es-ES\"}]}<\/script>\n<!-- \/ Yoast SEO plugin. -->","yoast_head_json":{"title":"Quitosano de amonio cuaternario -","robots":{"index":"index","follow":"follow","max-snippet":"max-snippet:-1","max-image-preview":"max-image-preview:large","max-video-preview":"max-video-preview:-1"},"canonical":"https:\/\/chitosanlab.com\/es\/quitosano-de-amonio-cuaternario\/","og_locale":"es_ES","og_type":"article","og_title":"Quitosano de amonio cuaternario -","og_description":"Quitosano de amonio cuaternario es soluble en una amplia gama de pH. El cati\u00f3n de amonio cuaternario est\u00e1 permanentemente cargado, independientemente de la acidez de la soluci\u00f3n. Formula : N-(2-hydroxyl)\u00a0propyl-3-trimethyl ammonium chitosan\u00a0chloride (HTCC)","og_url":"https:\/\/chitosanlab.com\/es\/quitosano-de-amonio-cuaternario\/","article_modified_time":"2018-02-20T08:31:41+00:00","schema":{"@context":"https:\/\/schema.org","@graph":[{"@type":"WebPage","@id":"https:\/\/chitosanlab.com\/es\/quitosano-de-amonio-cuaternario\/","url":"https:\/\/chitosanlab.com\/es\/quitosano-de-amonio-cuaternario\/","name":"Quitosano de amonio cuaternario -","isPartOf":{"@id":"https:\/\/chitosanlab.com\/es\/#website"},"datePublished":"2018-02-19T06:06:23+00:00","dateModified":"2018-02-20T08:31:41+00:00","breadcrumb":{"@id":"https:\/\/chitosanlab.com\/es\/quitosano-de-amonio-cuaternario\/#breadcrumb"},"inLanguage":"es-ES","potentialAction":[{"@type":"ReadAction","target":["https:\/\/chitosanlab.com\/es\/quitosano-de-amonio-cuaternario\/"]}]},{"@type":"BreadcrumbList","@id":"https:\/\/chitosanlab.com\/es\/quitosano-de-amonio-cuaternario\/#breadcrumb","itemListElement":[{"@type":"ListItem","position":1,"name":"Accueil","item":"https:\/\/chitosanlab.com\/es\/"},{"@type":"ListItem","position":2,"name":"Quitosano de amonio cuaternario"}]},{"@type":"WebSite","@id":"https:\/\/chitosanlab.com\/es\/#website","url":"https:\/\/chitosanlab.com\/es\/","name":"","description":"Quitosano a granel","potentialAction":[{"@type":"SearchAction","target":{"@type":"EntryPoint","urlTemplate":"https:\/\/chitosanlab.com\/es\/?s={search_term_string}"},"query-input":{"@type":"PropertyValueSpecification","valueRequired":true,"valueName":"search_term_string"}}],"inLanguage":"es-ES"}]}},"_links":{"self":[{"href":"https:\/\/chitosanlab.com\/es\/wp-json\/wp\/v2\/pages\/459","targetHints":{"allow":["GET"]}}],"collection":[{"href":"https:\/\/chitosanlab.com\/es\/wp-json\/wp\/v2\/pages"}],"about":[{"href":"https:\/\/chitosanlab.com\/es\/wp-json\/wp\/v2\/types\/page"}],"author":[{"embeddable":true,"href":"https:\/\/chitosanlab.com\/es\/wp-json\/wp\/v2\/users\/2"}],"replies":[{"embeddable":true,"href":"https:\/\/chitosanlab.com\/es\/wp-json\/wp\/v2\/comments?post=459"}],"version-history":[{"count":6,"href":"https:\/\/chitosanlab.com\/es\/wp-json\/wp\/v2\/pages\/459\/revisions"}],"predecessor-version":[{"id":492,"href":"https:\/\/chitosanlab.com\/es\/wp-json\/wp\/v2\/pages\/459\/revisions\/492"}],"wp:attachment":[{"href":"https:\/\/chitosanlab.com\/es\/wp-json\/wp\/v2\/media?parent=459"}],"curies":[{"name":"wp","href":"https:\/\/api.w.org\/{rel}","templated":true}]}}