{"id":509,"date":"2018-09-24T09:35:27","date_gmt":"2018-09-24T08:35:27","guid":{"rendered":"https:\/\/chitosanlab.com\/es\/?page_id=509"},"modified":"2018-09-24T09:38:21","modified_gmt":"2018-09-24T08:38:21","slug":"hidroxipropil-quitosano","status":"publish","type":"page","link":"https:\/\/chitosanlab.com\/es\/hidroxipropil-quitosano\/","title":{"rendered":"Hidroxipropil quitosano"},"content":{"rendered":"<div class=\"shortcode1-3\"><div class=\"gdl-price-item\"><div class=\"percent-column1-1 gdl-divider\"><div class=\"price-item \"><div class=\"price-tag\"> <\/div><div class=\"price-title\">Hidroxipropil quitosano<\/div><div class=\"price-content\"><div class=\"shortcode-list shortcode-list-bullet\">\r\n<ul>\r\n \t<li>Color\u00a0: polvo blanco a amarillo<\/li>\r\n \t<li>Odour : inodoro<\/li>\r\n \t<li>Tama\u00f1o de Part\u00edculas \u2264 80 mesh<\/li>\r\n \t<li>Color en la soluci\u00f3n\u00a0 : incoloro y transparente<\/li>\r\n \t<li>Insolubles \u22641.0%<\/li>\r\n \t<li>Grado de la substituci\u00f3n \u2265 0.4<\/li>\r\n \t<li>Contenido de Cenizas \u22641.5%<\/li>\r\n \t<li>pH : 6--8<\/li>\r\n \t<li>Viscosidad\u00a0: 10-80cps<\/li>\r\n \t<li>Contenido de Humedad \u2264 10.0%<\/li>\r\n \t<li>\r\n<div class=\"mt-info-text\">Contenido de prote\u00ednas \u22640.3%<\/div><\/li>\r\n \t<li>Total de metales pesado &lt; 10ppm<\/li>\r\n \t<li>As (ars\u00e9nico) \u2264 0.5ppm<\/li>\r\n \t<li>\r\n<div class=\"mt-info-text\">Recuento total de bacterias &lt; 30CFU\/g<\/div><\/li>\r\n \t<li>Recuento Total en placa\u00a0 \u22641000CFU\/g<\/li>\r\n \t<li>S. Aureus : No Detectado<\/li>\r\n \t<li>Coliform : No Detectado<\/li>\r\n \t<li>Salmonella spp : No Detectado<\/li>\r\n \t<li>Mohos y Levaduras \u2264 30MPN\/100g<\/li>\r\n \t<li><\/li>\r\n<\/ul>\r\n<\/div><\/div><div class=\"price-button\"><a class=\"gdl-button\" href=\" \">leer m\u00e1s<\/a><\/div><\/div><\/div><div class='clear'><\/div><\/div>\n<\/div>\n","protected":false},"excerpt":{"rendered":"","protected":false},"author":2,"featured_media":0,"parent":0,"menu_order":0,"comment_status":"closed","ping_status":"closed","template":"","meta":{"footnotes":""},"class_list":["post-509","page","type-page","status-publish","hentry"],"yoast_head":"<!-- This site is optimized with the Yoast SEO plugin v25.6 - https:\/\/yoast.com\/wordpress\/plugins\/seo\/ -->\n<title>Hidroxipropil quitosano proveedor<\/title>\n<meta name=\"description\" content=\"tratamiento de las distrofias ungueales, Agente film\u00f3geno, Viscosificador. Para sus f\u00f3rmulas cosm\u00e9ticas y proyectos farmac\u00e9uticos\" \/>\n<meta name=\"robots\" content=\"index, follow, max-snippet:-1, max-image-preview:large, max-video-preview:-1\" \/>\n<link rel=\"canonical\" href=\"https:\/\/chitosanlab.com\/es\/hidroxipropil-quitosano\/\" \/>\n<meta property=\"og:locale\" content=\"es_ES\" \/>\n<meta property=\"og:type\" content=\"article\" \/>\n<meta property=\"og:title\" content=\"Hidroxipropil quitosano proveedor\" \/>\n<meta property=\"og:description\" content=\"tratamiento de las distrofias ungueales, Agente film\u00f3geno, Viscosificador. Para sus f\u00f3rmulas cosm\u00e9ticas y proyectos farmac\u00e9uticos\" \/>\n<meta property=\"og:url\" content=\"https:\/\/chitosanlab.com\/es\/hidroxipropil-quitosano\/\" \/>\n<meta property=\"article:modified_time\" content=\"2018-09-24T08:38:21+00:00\" \/>\n<script type=\"application\/ld+json\" class=\"yoast-schema-graph\">{\"@context\":\"https:\/\/schema.org\",\"@graph\":[{\"@type\":\"WebPage\",\"@id\":\"https:\/\/chitosanlab.com\/es\/hidroxipropil-quitosano\/\",\"url\":\"https:\/\/chitosanlab.com\/es\/hidroxipropil-quitosano\/\",\"name\":\"Hidroxipropil quitosano proveedor\",\"isPartOf\":{\"@id\":\"https:\/\/chitosanlab.com\/es\/#website\"},\"datePublished\":\"2018-09-24T08:35:27+00:00\",\"dateModified\":\"2018-09-24T08:38:21+00:00\",\"description\":\"tratamiento de las distrofias ungueales, Agente film\u00f3geno, Viscosificador. Para sus f\u00f3rmulas cosm\u00e9ticas y proyectos farmac\u00e9uticos\",\"breadcrumb\":{\"@id\":\"https:\/\/chitosanlab.com\/es\/hidroxipropil-quitosano\/#breadcrumb\"},\"inLanguage\":\"es-ES\",\"potentialAction\":[{\"@type\":\"ReadAction\",\"target\":[\"https:\/\/chitosanlab.com\/es\/hidroxipropil-quitosano\/\"]}]},{\"@type\":\"BreadcrumbList\",\"@id\":\"https:\/\/chitosanlab.com\/es\/hidroxipropil-quitosano\/#breadcrumb\",\"itemListElement\":[{\"@type\":\"ListItem\",\"position\":1,\"name\":\"Accueil\",\"item\":\"https:\/\/chitosanlab.com\/es\/\"},{\"@type\":\"ListItem\",\"position\":2,\"name\":\"Hidroxipropil quitosano\"}]},{\"@type\":\"WebSite\",\"@id\":\"https:\/\/chitosanlab.com\/es\/#website\",\"url\":\"https:\/\/chitosanlab.com\/es\/\",\"name\":\"\",\"description\":\"Quitosano a granel\",\"potentialAction\":[{\"@type\":\"SearchAction\",\"target\":{\"@type\":\"EntryPoint\",\"urlTemplate\":\"https:\/\/chitosanlab.com\/es\/?s={search_term_string}\"},\"query-input\":{\"@type\":\"PropertyValueSpecification\",\"valueRequired\":true,\"valueName\":\"search_term_string\"}}],\"inLanguage\":\"es-ES\"}]}<\/script>\n<!-- \/ Yoast SEO plugin. -->","yoast_head_json":{"title":"Hidroxipropil quitosano proveedor","description":"tratamiento de las distrofias ungueales, Agente film\u00f3geno, Viscosificador. Para sus f\u00f3rmulas cosm\u00e9ticas y proyectos farmac\u00e9uticos","robots":{"index":"index","follow":"follow","max-snippet":"max-snippet:-1","max-image-preview":"max-image-preview:large","max-video-preview":"max-video-preview:-1"},"canonical":"https:\/\/chitosanlab.com\/es\/hidroxipropil-quitosano\/","og_locale":"es_ES","og_type":"article","og_title":"Hidroxipropil quitosano proveedor","og_description":"tratamiento de las distrofias ungueales, Agente film\u00f3geno, Viscosificador. Para sus f\u00f3rmulas cosm\u00e9ticas y proyectos farmac\u00e9uticos","og_url":"https:\/\/chitosanlab.com\/es\/hidroxipropil-quitosano\/","article_modified_time":"2018-09-24T08:38:21+00:00","schema":{"@context":"https:\/\/schema.org","@graph":[{"@type":"WebPage","@id":"https:\/\/chitosanlab.com\/es\/hidroxipropil-quitosano\/","url":"https:\/\/chitosanlab.com\/es\/hidroxipropil-quitosano\/","name":"Hidroxipropil quitosano proveedor","isPartOf":{"@id":"https:\/\/chitosanlab.com\/es\/#website"},"datePublished":"2018-09-24T08:35:27+00:00","dateModified":"2018-09-24T08:38:21+00:00","description":"tratamiento de las distrofias ungueales, Agente film\u00f3geno, Viscosificador. Para sus f\u00f3rmulas cosm\u00e9ticas y proyectos farmac\u00e9uticos","breadcrumb":{"@id":"https:\/\/chitosanlab.com\/es\/hidroxipropil-quitosano\/#breadcrumb"},"inLanguage":"es-ES","potentialAction":[{"@type":"ReadAction","target":["https:\/\/chitosanlab.com\/es\/hidroxipropil-quitosano\/"]}]},{"@type":"BreadcrumbList","@id":"https:\/\/chitosanlab.com\/es\/hidroxipropil-quitosano\/#breadcrumb","itemListElement":[{"@type":"ListItem","position":1,"name":"Accueil","item":"https:\/\/chitosanlab.com\/es\/"},{"@type":"ListItem","position":2,"name":"Hidroxipropil quitosano"}]},{"@type":"WebSite","@id":"https:\/\/chitosanlab.com\/es\/#website","url":"https:\/\/chitosanlab.com\/es\/","name":"","description":"Quitosano a granel","potentialAction":[{"@type":"SearchAction","target":{"@type":"EntryPoint","urlTemplate":"https:\/\/chitosanlab.com\/es\/?s={search_term_string}"},"query-input":{"@type":"PropertyValueSpecification","valueRequired":true,"valueName":"search_term_string"}}],"inLanguage":"es-ES"}]}},"_links":{"self":[{"href":"https:\/\/chitosanlab.com\/es\/wp-json\/wp\/v2\/pages\/509"}],"collection":[{"href":"https:\/\/chitosanlab.com\/es\/wp-json\/wp\/v2\/pages"}],"about":[{"href":"https:\/\/chitosanlab.com\/es\/wp-json\/wp\/v2\/types\/page"}],"author":[{"embeddable":true,"href":"https:\/\/chitosanlab.com\/es\/wp-json\/wp\/v2\/users\/2"}],"replies":[{"embeddable":true,"href":"https:\/\/chitosanlab.com\/es\/wp-json\/wp\/v2\/comments?post=509"}],"version-history":[{"count":1,"href":"https:\/\/chitosanlab.com\/es\/wp-json\/wp\/v2\/pages\/509\/revisions"}],"predecessor-version":[{"id":510,"href":"https:\/\/chitosanlab.com\/es\/wp-json\/wp\/v2\/pages\/509\/revisions\/510"}],"wp:attachment":[{"href":"https:\/\/chitosanlab.com\/es\/wp-json\/wp\/v2\/media?parent=509"}],"curies":[{"name":"wp","href":"https:\/\/api.w.org\/{rel}","templated":true}]}}