{"id":12,"date":"2017-02-05T14:47:23","date_gmt":"2017-02-05T14:47:23","guid":{"rendered":"http:\/\/chitosanlab.com\/quitosano-fungico\/?page_id=12"},"modified":"2024-11-16T10:12:05","modified_gmt":"2024-11-16T10:12:05","slug":"comprar","status":"publish","type":"page","link":"https:\/\/chitosanlab.com\/quitosano-fungico\/comprar\/","title":{"rendered":"Comprar"},"content":{"rendered":"<p>Comprar en nuestra tienda es muy sencillo. Si desea obtener m\u00e1s informaci\u00f3n sobre nuestros productos, no dude en ponerse en contacto con nosotros. Puede utilizar el formulario para enviarnos directamente un correo electr\u00f3nico, o ponerse en contacto con nosotros por tel\u00e9fono . Por favor, indique :<\/p>\n<ul>\n<li>Producto que est\u00e1 buscando<\/li>\n<li>Si el quitosano, qu\u00e9 origen: Aspergillus niger o Agaricus bisporus<\/li>\n<li>Viscosidad del producto o peso molecular<\/li>\n<li>Tama\u00f1o de part\u00edcula si alguna preferencia<\/li>\n<li>T\u00e9rminos del env\u00edo: EXW, FCA, FOB, CFR, CPT &#8230;.<\/li>\n<li>Su industria y lo que va a hacer con el quitosano<\/li>\n<li>Los detalles de su empresa (direcci\u00f3n de env\u00edo y facturaci\u00f3n)<\/li>\n<\/ul>\n<p><strong>Nota: todos nuestros quitosanos vegetales son de grado alimenticio<\/strong><\/p>\n<style id=\"wpforms-css-vars-173\">\n\t\t\t\t#wpforms-173 {\n\t\t\t\t--wpforms-container-padding: 0px;\n--wpforms-container-border-width: 1px;\n--wpforms-container-border-radius: 3px;\n--wpforms-background-color: rgba(0, 0, 0, 0);\n--wpforms-field-size-input-height: 43px;\n--wpforms-field-size-input-spacing: 15px;\n--wpforms-field-size-font-size: 16px;\n--wpforms-field-size-line-height: 19px;\n--wpforms-field-size-padding-h: 14px;\n--wpforms-field-size-checkbox-size: 16px;\n--wpforms-field-size-sublabel-spacing: 5px;\n--wpforms-field-size-icon-size: 1;\n--wpforms-label-size-font-size: 16px;\n--wpforms-label-size-line-height: 19px;\n--wpforms-label-size-sublabel-font-size: 14px;\n--wpforms-label-size-sublabel-line-height: 17px;\n--wpforms-button-size-font-size: 17px;\n--wpforms-button-size-height: 41px;\n--wpforms-button-size-padding-h: 15px;\n--wpforms-button-size-margin-top: 10px;\n--wpforms-container-shadow-size-box-shadow: none;\n\t\t\t}\n\t\t\t<\/style><div class=\"wpforms-container wpforms-container-full wpforms-render-modern\" id=\"wpforms-173\"><form id=\"wpforms-form-173\" class=\"wpforms-validate wpforms-form wpforms-ajax-form\" data-formid=\"173\" method=\"post\" enctype=\"multipart\/form-data\" action=\"\/quitosano-fungico\/wp-json\/wp\/v2\/pages\/12\" data-token=\"daad890561609a83eaa0a33be987ec2f\" data-token-time=\"1777490984\"><noscript class=\"wpforms-error-noscript\">Please enable JavaScript in your browser to complete this form.<\/noscript><div id=\"wpforms-error-noscript\" style=\"display: none;\">Please enable JavaScript in your browser to complete this form.<\/div><div class=\"wpforms-field-container\"><div id=\"wpforms-173-field_1-container\" class=\"wpforms-field wpforms-field-name\" data-field-id=\"1\"><label class=\"wpforms-field-label\" for=\"wpforms-173-field_1\">Nombre <span class=\"wpforms-required-label\" aria-hidden=\"true\">*<\/span><\/label><input type=\"text\" id=\"wpforms-173-field_1\" class=\"wpforms-field-medium wpforms-field-required\" name=\"wpforms[fields][1]\" aria-errormessage=\"wpforms-173-field_1-error\" required><\/div>\t\t<div id=\"wpforms-173-field_4-container\"\n\t\t\tclass=\"wpforms-field wpforms-field-text\"\n\t\t\tdata-field-type=\"text\"\n\t\t\tdata-field-id=\"4\"\n\t\t\t>\n\t\t\t<label class=\"wpforms-field-label\" for=\"wpforms-173-field_4\" >Mesaje Email Nombre<\/label>\n\t\t\t<input type=\"text\" id=\"wpforms-173-field_4\" class=\"wpforms-field-medium\" name=\"wpforms[fields][4]\" >\n\t\t<\/div>\n\t\t<div id=\"wpforms-173-field_2-container\" class=\"wpforms-field wpforms-field-email\" data-field-id=\"2\"><label class=\"wpforms-field-label\" for=\"wpforms-173-field_2\">Email <span class=\"wpforms-required-label\" aria-hidden=\"true\">*<\/span><\/label><input type=\"email\" id=\"wpforms-173-field_2\" class=\"wpforms-field-medium wpforms-field-required\" name=\"wpforms[fields][2]\" spellcheck=\"false\" aria-errormessage=\"wpforms-173-field_2-error\" required><\/div><div id=\"wpforms-173-field_3-container\" class=\"wpforms-field wpforms-field-textarea\" data-field-id=\"3\"><label class=\"wpforms-field-label\" for=\"wpforms-173-field_3\">Mesaje <span class=\"wpforms-required-label\" aria-hidden=\"true\">*<\/span><\/label><textarea id=\"wpforms-173-field_3\" class=\"wpforms-field-medium wpforms-field-required\" name=\"wpforms[fields][3]\" aria-errormessage=\"wpforms-173-field_3-error\" required><\/textarea><\/div><script>\n\t\t\t\t( function() {\n\t\t\t\t\tconst style = document.createElement( 'style' );\n\t\t\t\t\tstyle.appendChild( document.createTextNode( '#wpforms-173-field_4-container { position: absolute !important; overflow: hidden !important; display: inline !important; height: 1px !important; width: 1px !important; z-index: -1000 !important; padding: 0 !important; } #wpforms-173-field_4-container input { visibility: hidden; } #wpforms-conversational-form-page #wpforms-173-field_4-container label { counter-increment: none; }' ) );\n\t\t\t\t\tdocument.head.appendChild( style );\n\t\t\t\t\tdocument.currentScript?.remove();\n\t\t\t\t} )();\n\t\t\t<\/script><\/div><!-- .wpforms-field-container --><div class=\"wpforms-recaptcha-container wpforms-is-turnstile\" ><div class=\"wpforms-turnstile\" data-sitekey=\"0x4AAAAAACAdieCO4bqo0AYw\" data-action=\"FormID-173\"><\/div><input type=\"text\" name=\"g-recaptcha-hidden\" class=\"wpforms-recaptcha-hidden\" style=\"position:absolute!important;clip:rect(0,0,0,0)!important;height:1px!important;width:1px!important;border:0!important;overflow:hidden!important;padding:0!important;margin:0!important;\" data-rule-turnstile=\"1\"><\/div><div class=\"wpforms-submit-container\" ><input type=\"hidden\" name=\"wpforms[id]\" value=\"173\"><input type=\"hidden\" name=\"page_title\" value=\"\"><input type=\"hidden\" name=\"page_url\" value=\"https:\/\/chitosanlab.com\/quitosano-fungico\/wp-json\/wp\/v2\/pages\/12\"><input type=\"hidden\" name=\"url_referer\" value=\"\"><button type=\"submit\" name=\"wpforms[submit]\" id=\"wpforms-submit-173\" class=\"wpforms-submit\" data-alt-text=\"Enviado...\" data-submit-text=\"Enviar\" aria-live=\"assertive\" value=\"wpforms-submit\">Enviar<\/button><img loading=\"lazy\" decoding=\"async\" src=\"https:\/\/chitosanlab.com\/quitosano-fungico\/wp-content\/plugins\/wpforms-lite\/assets\/images\/submit-spin.svg\" class=\"wpforms-submit-spinner\" style=\"display: none;\" width=\"26\" height=\"26\" alt=\"Loading\"><\/div><\/form><\/div>  <!-- .wpforms-container -->\n","protected":false},"excerpt":{"rendered":"<p>Comprar en nuestra tienda es muy sencillo. Si desea obtener m\u00e1s informaci\u00f3n sobre nuestros productos, no dude en ponerse en contacto con nosotros. Puede utilizar el formulario para enviarnos directamente un correo electr\u00f3nico, o ponerse en contacto con nosotros por tel\u00e9fono . Por favor, indique : Producto que est\u00e1 buscando Si el quitosano, qu\u00e9 origen: Aspergillus niger o Agaricus bisporus Viscosidad del producto o peso molecular Tama\u00f1o de part\u00edcula si alguna preferencia T\u00e9rminos del env\u00edo: EXW, FCA, FOB, CFR, CPT &#8230;. Su industria y lo que va a hacer con el quitosano Los detalles de su empresa (direcci\u00f3n de env\u00edo y facturaci\u00f3n) Nota: todos nuestros quitosanos vegetales son de grado alimenticio<\/p>\n","protected":false},"author":2,"featured_media":0,"parent":0,"menu_order":0,"comment_status":"closed","ping_status":"closed","template":"","meta":{"footnotes":""},"class_list":["post-12","page","type-page","status-publish","hentry"],"yoast_head":"<!-- This site is optimized with the Yoast SEO plugin v27.5 - https:\/\/yoast.com\/product\/yoast-seo-wordpress\/ -->\n<title>quitosano para tratamiento aguas<\/title>\n<meta name=\"description\" content=\"Eficiencia del quitosano como coagulante durante el tratamiento de aguas\" \/>\n<meta name=\"robots\" content=\"index, follow, max-snippet:-1, max-image-preview:large, max-video-preview:-1\" \/>\n<link rel=\"canonical\" href=\"https:\/\/chitosanlab.com\/quitosano-fungico\/comprar\/\" \/>\n<meta property=\"og:locale\" content=\"en_US\" \/>\n<meta property=\"og:type\" content=\"article\" \/>\n<meta property=\"og:title\" content=\"quitosano para tratamiento aguas\" \/>\n<meta property=\"og:description\" content=\"Eficiencia del quitosano como coagulante durante el tratamiento de aguas\" \/>\n<meta property=\"og:url\" content=\"https:\/\/chitosanlab.com\/quitosano-fungico\/comprar\/\" \/>\n<meta property=\"article:modified_time\" content=\"2024-11-16T10:12:05+00:00\" \/>\n<meta name=\"twitter:card\" content=\"summary_large_image\" \/>\n<meta name=\"twitter:label1\" content=\"Est. reading time\" \/>\n\t<meta name=\"twitter:data1\" content=\"1 minute\" \/>\n<script type=\"application\/ld+json\" class=\"yoast-schema-graph\">{\"@context\":\"https:\\\/\\\/schema.org\",\"@graph\":[{\"@type\":\"WebPage\",\"@id\":\"https:\\\/\\\/chitosanlab.com\\\/quitosano-fungico\\\/comprar\\\/\",\"url\":\"https:\\\/\\\/chitosanlab.com\\\/quitosano-fungico\\\/comprar\\\/\",\"name\":\"quitosano para tratamiento aguas\",\"isPartOf\":{\"@id\":\"https:\\\/\\\/chitosanlab.com\\\/quitosano-fungico\\\/#website\"},\"datePublished\":\"2017-02-05T14:47:23+00:00\",\"dateModified\":\"2024-11-16T10:12:05+00:00\",\"description\":\"Eficiencia del quitosano como coagulante durante el tratamiento de aguas\",\"breadcrumb\":{\"@id\":\"https:\\\/\\\/chitosanlab.com\\\/quitosano-fungico\\\/comprar\\\/#breadcrumb\"},\"inLanguage\":\"en-US\",\"potentialAction\":[{\"@type\":\"ReadAction\",\"target\":[\"https:\\\/\\\/chitosanlab.com\\\/quitosano-fungico\\\/comprar\\\/\"]}]},{\"@type\":\"BreadcrumbList\",\"@id\":\"https:\\\/\\\/chitosanlab.com\\\/quitosano-fungico\\\/comprar\\\/#breadcrumb\",\"itemListElement\":[{\"@type\":\"ListItem\",\"position\":1,\"name\":\"Home\",\"item\":\"https:\\\/\\\/chitosanlab.com\\\/quitosano-fungico\\\/\"},{\"@type\":\"ListItem\",\"position\":2,\"name\":\"Comprar\"}]},{\"@type\":\"WebSite\",\"@id\":\"https:\\\/\\\/chitosanlab.com\\\/quitosano-fungico\\\/#website\",\"url\":\"https:\\\/\\\/chitosanlab.com\\\/quitosano-fungico\\\/\",\"name\":\"\",\"description\":\"quitosano de origen f\u00fangico\",\"potentialAction\":[{\"@type\":\"SearchAction\",\"target\":{\"@type\":\"EntryPoint\",\"urlTemplate\":\"https:\\\/\\\/chitosanlab.com\\\/quitosano-fungico\\\/?s={search_term_string}\"},\"query-input\":{\"@type\":\"PropertyValueSpecification\",\"valueRequired\":true,\"valueName\":\"search_term_string\"}}],\"inLanguage\":\"en-US\"}]}<\/script>\n<!-- \/ Yoast SEO plugin. -->","yoast_head_json":{"title":"quitosano para tratamiento aguas","description":"Eficiencia del quitosano como coagulante durante el tratamiento de aguas","robots":{"index":"index","follow":"follow","max-snippet":"max-snippet:-1","max-image-preview":"max-image-preview:large","max-video-preview":"max-video-preview:-1"},"canonical":"https:\/\/chitosanlab.com\/quitosano-fungico\/comprar\/","og_locale":"en_US","og_type":"article","og_title":"quitosano para tratamiento aguas","og_description":"Eficiencia del quitosano como coagulante durante el tratamiento de aguas","og_url":"https:\/\/chitosanlab.com\/quitosano-fungico\/comprar\/","article_modified_time":"2024-11-16T10:12:05+00:00","twitter_card":"summary_large_image","twitter_misc":{"Est. reading time":"1 minute"},"schema":{"@context":"https:\/\/schema.org","@graph":[{"@type":"WebPage","@id":"https:\/\/chitosanlab.com\/quitosano-fungico\/comprar\/","url":"https:\/\/chitosanlab.com\/quitosano-fungico\/comprar\/","name":"quitosano para tratamiento aguas","isPartOf":{"@id":"https:\/\/chitosanlab.com\/quitosano-fungico\/#website"},"datePublished":"2017-02-05T14:47:23+00:00","dateModified":"2024-11-16T10:12:05+00:00","description":"Eficiencia del quitosano como coagulante durante el tratamiento de aguas","breadcrumb":{"@id":"https:\/\/chitosanlab.com\/quitosano-fungico\/comprar\/#breadcrumb"},"inLanguage":"en-US","potentialAction":[{"@type":"ReadAction","target":["https:\/\/chitosanlab.com\/quitosano-fungico\/comprar\/"]}]},{"@type":"BreadcrumbList","@id":"https:\/\/chitosanlab.com\/quitosano-fungico\/comprar\/#breadcrumb","itemListElement":[{"@type":"ListItem","position":1,"name":"Home","item":"https:\/\/chitosanlab.com\/quitosano-fungico\/"},{"@type":"ListItem","position":2,"name":"Comprar"}]},{"@type":"WebSite","@id":"https:\/\/chitosanlab.com\/quitosano-fungico\/#website","url":"https:\/\/chitosanlab.com\/quitosano-fungico\/","name":"","description":"quitosano de origen f\u00fangico","potentialAction":[{"@type":"SearchAction","target":{"@type":"EntryPoint","urlTemplate":"https:\/\/chitosanlab.com\/quitosano-fungico\/?s={search_term_string}"},"query-input":{"@type":"PropertyValueSpecification","valueRequired":true,"valueName":"search_term_string"}}],"inLanguage":"en-US"}]}},"_links":{"self":[{"href":"https:\/\/chitosanlab.com\/quitosano-fungico\/wp-json\/wp\/v2\/pages\/12","targetHints":{"allow":["GET"]}}],"collection":[{"href":"https:\/\/chitosanlab.com\/quitosano-fungico\/wp-json\/wp\/v2\/pages"}],"about":[{"href":"https:\/\/chitosanlab.com\/quitosano-fungico\/wp-json\/wp\/v2\/types\/page"}],"author":[{"embeddable":true,"href":"https:\/\/chitosanlab.com\/quitosano-fungico\/wp-json\/wp\/v2\/users\/2"}],"replies":[{"embeddable":true,"href":"https:\/\/chitosanlab.com\/quitosano-fungico\/wp-json\/wp\/v2\/comments?post=12"}],"version-history":[{"count":11,"href":"https:\/\/chitosanlab.com\/quitosano-fungico\/wp-json\/wp\/v2\/pages\/12\/revisions"}],"predecessor-version":[{"id":177,"href":"https:\/\/chitosanlab.com\/quitosano-fungico\/wp-json\/wp\/v2\/pages\/12\/revisions\/177"}],"wp:attachment":[{"href":"https:\/\/chitosanlab.com\/quitosano-fungico\/wp-json\/wp\/v2\/media?parent=12"}],"curies":[{"name":"wp","href":"https:\/\/api.w.org\/{rel}","templated":true}]}}