{"id":125,"date":"2017-03-28T12:58:39","date_gmt":"2017-03-28T12:58:39","guid":{"rendered":"http:\/\/chitosanlab.com\/quitosano-fungico\/?page_id=125"},"modified":"2017-09-13T14:51:38","modified_gmt":"2017-09-13T14:51:38","slug":"oligosacaridos-de-quitosano-de-origen-fungico","status":"publish","type":"page","link":"https:\/\/chitosanlab.com\/quitosano-fungico\/oligosacaridos-de-quitosano-de-origen-fungico\/","title":{"rendered":"Oligosac\u00e1ridos de quitosano de origen f\u00fangico"},"content":{"rendered":"<p>Soluble en agua. Oligosac\u00e1ridos de quitosano de origen f\u00fangico.<\/p>\n<div class=\"shortcode1-3\"><div class=\"gdl-price-item\"><div class=\"percent-column1-1 gdl-divider\"><div class=\"price-item \"><div class=\"price-tag\"> <\/div><div class=\"price-title\">Oligosac\u00e1ridos de quitosano f\u00fangico<\/div><div class=\"price-content\"><div class=\"shortcode-list shortcode-list-bullet\">\r\n<ul>\r\n \t<li>Color : polvo blanco a amarillo claro<\/li>\r\n \t<li>Tama\u00f1o de Part\u00edculas : 40--90 mesh<\/li>\r\n \t<li>\u00a0Contenido de Cenizas \u2264 2 %<\/li>\r\n \t<li>Grado de Desacetilaci\u00f3n(%GD) :\u00a085--98%<\/li>\r\n \t<li>Peso molecular\u00a0:\u00a02000-1000 Da<\/li>\r\n \t<li>Densidad aparente\u00a0\u2265 0.25g\/ml<\/li>\r\n \t<li>Contenido de Humedad :\u00a0\u2264 10\u00a0%<\/li>\r\n \t<li>pH : 5.5-7<\/li>\r\n \t<li>As (ars\u00e9nico) \u2264 2\u00a0ppm<\/li>\r\n \t<li>Pb (Plomo) \u2264 1 ppm<\/li>\r\n \t<li>Hg (Mercurio) \u2264 0.5\u00a0ppm<\/li>\r\n \t<li>Cd (Cadmio) \u00a0\u2264 0.5\u00a0ppm<\/li>\r\n \t<li>Total de metales pesado \u2264 20 ppm<\/li>\r\n \t<li>E.coli \/g :\u00a0No detectado<\/li>\r\n \t<li>Salmonella spp. :\u00a0No Detectado<\/li>\r\n \t<li>Mohos y Levaduras : \u2264 100 UFC\/g<\/li>\r\n \t<li>Recuento Total en placa \u2264 1000 UFC\/g<\/li>\r\n<\/ul>\r\n<\/div><\/div><div class=\"price-button\"><a class=\"gdl-button\" href=\" \">leer m\u00e1s<\/a><\/div><\/div><\/div><div class='clear'><\/div><\/div>\n<\/div>\n","protected":false},"excerpt":{"rendered":"<p>Soluble en agua. Oligosac\u00e1ridos de quitosano de origen f\u00fangico.<\/p>\n","protected":false},"author":2,"featured_media":0,"parent":0,"menu_order":0,"comment_status":"closed","ping_status":"closed","template":"","meta":{"footnotes":""},"class_list":["post-125","page","type-page","status-publish","hentry"],"yoast_head":"<!-- This site is optimized with the Yoast SEO plugin v27.3 - https:\/\/yoast.com\/product\/yoast-seo-wordpress\/ -->\n<title>Oligosacaridos de quitosano de origen fungico<\/title>\n<meta name=\"description\" content=\"Oligosacaridos vegetal extra\u00eddo del hongo Aspergillus niger o Agaricus bisporus. 100% vegano\" \/>\n<meta name=\"robots\" content=\"index, follow, max-snippet:-1, max-image-preview:large, max-video-preview:-1\" \/>\n<link rel=\"canonical\" href=\"https:\/\/chitosanlab.com\/quitosano-fungico\/oligosacaridos-de-quitosano-de-origen-fungico\/\" \/>\n<meta property=\"og:locale\" content=\"en_US\" \/>\n<meta property=\"og:type\" content=\"article\" \/>\n<meta property=\"og:title\" content=\"Oligosacaridos de quitosano de origen fungico\" \/>\n<meta property=\"og:description\" content=\"Oligosacaridos vegetal extra\u00eddo del hongo Aspergillus niger o Agaricus bisporus. 100% vegano\" \/>\n<meta property=\"og:url\" content=\"https:\/\/chitosanlab.com\/quitosano-fungico\/oligosacaridos-de-quitosano-de-origen-fungico\/\" \/>\n<meta property=\"article:modified_time\" content=\"2017-09-13T14:51:38+00:00\" \/>\n<meta name=\"twitter:card\" content=\"summary_large_image\" \/>\n<script type=\"application\/ld+json\" class=\"yoast-schema-graph\">{\"@context\":\"https:\\\/\\\/schema.org\",\"@graph\":[{\"@type\":\"WebPage\",\"@id\":\"https:\\\/\\\/chitosanlab.com\\\/quitosano-fungico\\\/oligosacaridos-de-quitosano-de-origen-fungico\\\/\",\"url\":\"https:\\\/\\\/chitosanlab.com\\\/quitosano-fungico\\\/oligosacaridos-de-quitosano-de-origen-fungico\\\/\",\"name\":\"Oligosacaridos de quitosano de origen fungico\",\"isPartOf\":{\"@id\":\"https:\\\/\\\/chitosanlab.com\\\/quitosano-fungico\\\/#website\"},\"datePublished\":\"2017-03-28T12:58:39+00:00\",\"dateModified\":\"2017-09-13T14:51:38+00:00\",\"description\":\"Oligosacaridos vegetal extra\u00eddo del hongo Aspergillus niger o Agaricus bisporus. 100% vegano\",\"breadcrumb\":{\"@id\":\"https:\\\/\\\/chitosanlab.com\\\/quitosano-fungico\\\/oligosacaridos-de-quitosano-de-origen-fungico\\\/#breadcrumb\"},\"inLanguage\":\"en-US\",\"potentialAction\":[{\"@type\":\"ReadAction\",\"target\":[\"https:\\\/\\\/chitosanlab.com\\\/quitosano-fungico\\\/oligosacaridos-de-quitosano-de-origen-fungico\\\/\"]}]},{\"@type\":\"BreadcrumbList\",\"@id\":\"https:\\\/\\\/chitosanlab.com\\\/quitosano-fungico\\\/oligosacaridos-de-quitosano-de-origen-fungico\\\/#breadcrumb\",\"itemListElement\":[{\"@type\":\"ListItem\",\"position\":1,\"name\":\"Home\",\"item\":\"https:\\\/\\\/chitosanlab.com\\\/quitosano-fungico\\\/\"},{\"@type\":\"ListItem\",\"position\":2,\"name\":\"Oligosac\u00e1ridos de quitosano de origen f\u00fangico\"}]},{\"@type\":\"WebSite\",\"@id\":\"https:\\\/\\\/chitosanlab.com\\\/quitosano-fungico\\\/#website\",\"url\":\"https:\\\/\\\/chitosanlab.com\\\/quitosano-fungico\\\/\",\"name\":\"\",\"description\":\"quitosano de origen f\u00fangico\",\"potentialAction\":[{\"@type\":\"SearchAction\",\"target\":{\"@type\":\"EntryPoint\",\"urlTemplate\":\"https:\\\/\\\/chitosanlab.com\\\/quitosano-fungico\\\/?s={search_term_string}\"},\"query-input\":{\"@type\":\"PropertyValueSpecification\",\"valueRequired\":true,\"valueName\":\"search_term_string\"}}],\"inLanguage\":\"en-US\"}]}<\/script>\n<!-- \/ Yoast SEO plugin. -->","yoast_head_json":{"title":"Oligosacaridos de quitosano de origen fungico","description":"Oligosacaridos vegetal extra\u00eddo del hongo Aspergillus niger o Agaricus bisporus. 100% vegano","robots":{"index":"index","follow":"follow","max-snippet":"max-snippet:-1","max-image-preview":"max-image-preview:large","max-video-preview":"max-video-preview:-1"},"canonical":"https:\/\/chitosanlab.com\/quitosano-fungico\/oligosacaridos-de-quitosano-de-origen-fungico\/","og_locale":"en_US","og_type":"article","og_title":"Oligosacaridos de quitosano de origen fungico","og_description":"Oligosacaridos vegetal extra\u00eddo del hongo Aspergillus niger o Agaricus bisporus. 100% vegano","og_url":"https:\/\/chitosanlab.com\/quitosano-fungico\/oligosacaridos-de-quitosano-de-origen-fungico\/","article_modified_time":"2017-09-13T14:51:38+00:00","twitter_card":"summary_large_image","schema":{"@context":"https:\/\/schema.org","@graph":[{"@type":"WebPage","@id":"https:\/\/chitosanlab.com\/quitosano-fungico\/oligosacaridos-de-quitosano-de-origen-fungico\/","url":"https:\/\/chitosanlab.com\/quitosano-fungico\/oligosacaridos-de-quitosano-de-origen-fungico\/","name":"Oligosacaridos de quitosano de origen fungico","isPartOf":{"@id":"https:\/\/chitosanlab.com\/quitosano-fungico\/#website"},"datePublished":"2017-03-28T12:58:39+00:00","dateModified":"2017-09-13T14:51:38+00:00","description":"Oligosacaridos vegetal extra\u00eddo del hongo Aspergillus niger o Agaricus bisporus. 100% vegano","breadcrumb":{"@id":"https:\/\/chitosanlab.com\/quitosano-fungico\/oligosacaridos-de-quitosano-de-origen-fungico\/#breadcrumb"},"inLanguage":"en-US","potentialAction":[{"@type":"ReadAction","target":["https:\/\/chitosanlab.com\/quitosano-fungico\/oligosacaridos-de-quitosano-de-origen-fungico\/"]}]},{"@type":"BreadcrumbList","@id":"https:\/\/chitosanlab.com\/quitosano-fungico\/oligosacaridos-de-quitosano-de-origen-fungico\/#breadcrumb","itemListElement":[{"@type":"ListItem","position":1,"name":"Home","item":"https:\/\/chitosanlab.com\/quitosano-fungico\/"},{"@type":"ListItem","position":2,"name":"Oligosac\u00e1ridos de quitosano de origen f\u00fangico"}]},{"@type":"WebSite","@id":"https:\/\/chitosanlab.com\/quitosano-fungico\/#website","url":"https:\/\/chitosanlab.com\/quitosano-fungico\/","name":"","description":"quitosano de origen f\u00fangico","potentialAction":[{"@type":"SearchAction","target":{"@type":"EntryPoint","urlTemplate":"https:\/\/chitosanlab.com\/quitosano-fungico\/?s={search_term_string}"},"query-input":{"@type":"PropertyValueSpecification","valueRequired":true,"valueName":"search_term_string"}}],"inLanguage":"en-US"}]}},"_links":{"self":[{"href":"https:\/\/chitosanlab.com\/quitosano-fungico\/wp-json\/wp\/v2\/pages\/125","targetHints":{"allow":["GET"]}}],"collection":[{"href":"https:\/\/chitosanlab.com\/quitosano-fungico\/wp-json\/wp\/v2\/pages"}],"about":[{"href":"https:\/\/chitosanlab.com\/quitosano-fungico\/wp-json\/wp\/v2\/types\/page"}],"author":[{"embeddable":true,"href":"https:\/\/chitosanlab.com\/quitosano-fungico\/wp-json\/wp\/v2\/users\/2"}],"replies":[{"embeddable":true,"href":"https:\/\/chitosanlab.com\/quitosano-fungico\/wp-json\/wp\/v2\/comments?post=125"}],"version-history":[{"count":1,"href":"https:\/\/chitosanlab.com\/quitosano-fungico\/wp-json\/wp\/v2\/pages\/125\/revisions"}],"predecessor-version":[{"id":126,"href":"https:\/\/chitosanlab.com\/quitosano-fungico\/wp-json\/wp\/v2\/pages\/125\/revisions\/126"}],"wp:attachment":[{"href":"https:\/\/chitosanlab.com\/quitosano-fungico\/wp-json\/wp\/v2\/media?parent=125"}],"curies":[{"name":"wp","href":"https:\/\/api.w.org\/{rel}","templated":true}]}}