{"id":24,"date":"2017-02-05T15:00:19","date_gmt":"2017-02-05T15:00:19","guid":{"rendered":"http:\/\/chitosanlab.com\/quitosano-fungico\/?page_id=24"},"modified":"2017-09-13T14:47:33","modified_gmt":"2017-09-13T14:47:33","slug":"quitosano-extraido-del-hongo-aspergillus-niger","status":"publish","type":"page","link":"https:\/\/chitosanlab.com\/quitosano-fungico\/quitosano-extraido-del-hongo-aspergillus-niger\/","title":{"rendered":"Quitosano extra\u00eddo del hongo Aspergillus niger"},"content":{"rendered":"<p>Este quitosano es 100% natural e hipoalerg\u00e9nico. Es producido por la desacetilaci\u00f3n de polisac\u00e1rido quitina qu\u00edmica derivada de Aspergillus Niger hongo.<\/p>\n<p>&nbsp;<\/p>\n<div class=\"shortcode1-3\"><div class=\"gdl-price-item\"><div class=\"percent-column1-1 gdl-divider\"><div class=\"price-item \"><div class=\"price-tag\"> <\/div><div class=\"price-title\">Quitosano Aspergillus niger<\/div><div class=\"price-content\"><div class=\"shortcode-list shortcode-list-bullet\">\r\n<ul>\r\n \t<li>Aspecto: Polvo blanco a amarillo<\/li>\r\n \t<li>Tama\u00f1o de Part\u00edculas : 40--90 mesh<\/li>\r\n \t<li>\u00a0Contenido de Cenizas \u2264 2 %<\/li>\r\n \t<li>Grado de Desacetilaci\u00f3n(%GD): 85--98%<\/li>\r\n \t<li>Viscosidad : 5--1050 cps<\/li>\r\n \t<li>P\u00e9rdida por desecaci\u00f3n(LOD) \u2264 8\u00a0%<\/li>\r\n \t<li>Olor :\u00a0tipico<\/li>\r\n \t<li>As (ars\u00e9nico) \u2264 2.0 ppm<\/li>\r\n \t<li>Pb (Plomo) \u2264 1.0 ppm<\/li>\r\n \t<li>Hg (Mercurio) \u2264 0.5 ppm<\/li>\r\n \t<li>Cd (Cadmio) \u2264 0.5 ppm<\/li>\r\n \t<li>Total de metales pesado \u2264 20 ppm<\/li>\r\n \t<li>E.coli \/g :\u00a0No Detectado<\/li>\r\n \t<li>Salmonella spp.\/g :\u00a0No Detectado<\/li>\r\n \t<li>Recuento Total en placa \u2264 1000 UFC\/g<\/li>\r\n \t<li>Mohos y Levaduras \u2264 100 UFC\/g<\/li>\r\n \t<li>Tiempo de conservaci\u00f3n : 2 a\u00f1os<\/li>\r\n<\/ul>\r\n<\/div><\/div><div class=\"price-button\"><a class=\"gdl-button\" href=\" \">leer m\u00e1s<\/a><\/div><\/div><\/div><div class='clear'><\/div><\/div>\n<\/div>\n","protected":false},"excerpt":{"rendered":"<p>Este quitosano es 100% natural e hipoalerg\u00e9nico. Es producido por la desacetilaci\u00f3n de polisac\u00e1rido quitina qu\u00edmica derivada de Aspergillus Niger hongo. &nbsp;<\/p>\n","protected":false},"author":2,"featured_media":0,"parent":0,"menu_order":0,"comment_status":"closed","ping_status":"closed","template":"","meta":{"footnotes":""},"class_list":["post-24","page","type-page","status-publish","hentry"],"yoast_head":"<!-- This site is optimized with the Yoast SEO plugin v27.3 - https:\/\/yoast.com\/product\/yoast-seo-wordpress\/ -->\n<title>Quitosano extra\u00eddo del hongo Aspergillus niger -<\/title>\n<meta name=\"robots\" content=\"index, follow, max-snippet:-1, max-image-preview:large, max-video-preview:-1\" \/>\n<link rel=\"canonical\" href=\"https:\/\/chitosanlab.com\/quitosano-fungico\/quitosano-extraido-del-hongo-aspergillus-niger\/\" \/>\n<meta property=\"og:locale\" content=\"en_US\" \/>\n<meta property=\"og:type\" content=\"article\" \/>\n<meta property=\"og:title\" content=\"Quitosano extra\u00eddo del hongo Aspergillus niger -\" \/>\n<meta property=\"og:description\" content=\"Este quitosano es 100% natural e hipoalerg\u00e9nico. Es producido por la desacetilaci\u00f3n de polisac\u00e1rido quitina qu\u00edmica derivada de Aspergillus Niger hongo. &nbsp;\" \/>\n<meta property=\"og:url\" content=\"https:\/\/chitosanlab.com\/quitosano-fungico\/quitosano-extraido-del-hongo-aspergillus-niger\/\" \/>\n<meta property=\"article:modified_time\" content=\"2017-09-13T14:47:33+00:00\" \/>\n<meta name=\"twitter:card\" content=\"summary_large_image\" \/>\n<script type=\"application\/ld+json\" class=\"yoast-schema-graph\">{\"@context\":\"https:\\\/\\\/schema.org\",\"@graph\":[{\"@type\":\"WebPage\",\"@id\":\"https:\\\/\\\/chitosanlab.com\\\/quitosano-fungico\\\/quitosano-extraido-del-hongo-aspergillus-niger\\\/\",\"url\":\"https:\\\/\\\/chitosanlab.com\\\/quitosano-fungico\\\/quitosano-extraido-del-hongo-aspergillus-niger\\\/\",\"name\":\"Quitosano extra\u00eddo del hongo Aspergillus niger -\",\"isPartOf\":{\"@id\":\"https:\\\/\\\/chitosanlab.com\\\/quitosano-fungico\\\/#website\"},\"datePublished\":\"2017-02-05T15:00:19+00:00\",\"dateModified\":\"2017-09-13T14:47:33+00:00\",\"breadcrumb\":{\"@id\":\"https:\\\/\\\/chitosanlab.com\\\/quitosano-fungico\\\/quitosano-extraido-del-hongo-aspergillus-niger\\\/#breadcrumb\"},\"inLanguage\":\"en-US\",\"potentialAction\":[{\"@type\":\"ReadAction\",\"target\":[\"https:\\\/\\\/chitosanlab.com\\\/quitosano-fungico\\\/quitosano-extraido-del-hongo-aspergillus-niger\\\/\"]}]},{\"@type\":\"BreadcrumbList\",\"@id\":\"https:\\\/\\\/chitosanlab.com\\\/quitosano-fungico\\\/quitosano-extraido-del-hongo-aspergillus-niger\\\/#breadcrumb\",\"itemListElement\":[{\"@type\":\"ListItem\",\"position\":1,\"name\":\"Home\",\"item\":\"https:\\\/\\\/chitosanlab.com\\\/quitosano-fungico\\\/\"},{\"@type\":\"ListItem\",\"position\":2,\"name\":\"Quitosano extra\u00eddo del hongo Aspergillus niger\"}]},{\"@type\":\"WebSite\",\"@id\":\"https:\\\/\\\/chitosanlab.com\\\/quitosano-fungico\\\/#website\",\"url\":\"https:\\\/\\\/chitosanlab.com\\\/quitosano-fungico\\\/\",\"name\":\"\",\"description\":\"quitosano de origen f\u00fangico\",\"potentialAction\":[{\"@type\":\"SearchAction\",\"target\":{\"@type\":\"EntryPoint\",\"urlTemplate\":\"https:\\\/\\\/chitosanlab.com\\\/quitosano-fungico\\\/?s={search_term_string}\"},\"query-input\":{\"@type\":\"PropertyValueSpecification\",\"valueRequired\":true,\"valueName\":\"search_term_string\"}}],\"inLanguage\":\"en-US\"}]}<\/script>\n<!-- \/ Yoast SEO plugin. -->","yoast_head_json":{"title":"Quitosano extra\u00eddo del hongo Aspergillus niger -","robots":{"index":"index","follow":"follow","max-snippet":"max-snippet:-1","max-image-preview":"max-image-preview:large","max-video-preview":"max-video-preview:-1"},"canonical":"https:\/\/chitosanlab.com\/quitosano-fungico\/quitosano-extraido-del-hongo-aspergillus-niger\/","og_locale":"en_US","og_type":"article","og_title":"Quitosano extra\u00eddo del hongo Aspergillus niger -","og_description":"Este quitosano es 100% natural e hipoalerg\u00e9nico. Es producido por la desacetilaci\u00f3n de polisac\u00e1rido quitina qu\u00edmica derivada de Aspergillus Niger hongo. &nbsp;","og_url":"https:\/\/chitosanlab.com\/quitosano-fungico\/quitosano-extraido-del-hongo-aspergillus-niger\/","article_modified_time":"2017-09-13T14:47:33+00:00","twitter_card":"summary_large_image","schema":{"@context":"https:\/\/schema.org","@graph":[{"@type":"WebPage","@id":"https:\/\/chitosanlab.com\/quitosano-fungico\/quitosano-extraido-del-hongo-aspergillus-niger\/","url":"https:\/\/chitosanlab.com\/quitosano-fungico\/quitosano-extraido-del-hongo-aspergillus-niger\/","name":"Quitosano extra\u00eddo del hongo Aspergillus niger -","isPartOf":{"@id":"https:\/\/chitosanlab.com\/quitosano-fungico\/#website"},"datePublished":"2017-02-05T15:00:19+00:00","dateModified":"2017-09-13T14:47:33+00:00","breadcrumb":{"@id":"https:\/\/chitosanlab.com\/quitosano-fungico\/quitosano-extraido-del-hongo-aspergillus-niger\/#breadcrumb"},"inLanguage":"en-US","potentialAction":[{"@type":"ReadAction","target":["https:\/\/chitosanlab.com\/quitosano-fungico\/quitosano-extraido-del-hongo-aspergillus-niger\/"]}]},{"@type":"BreadcrumbList","@id":"https:\/\/chitosanlab.com\/quitosano-fungico\/quitosano-extraido-del-hongo-aspergillus-niger\/#breadcrumb","itemListElement":[{"@type":"ListItem","position":1,"name":"Home","item":"https:\/\/chitosanlab.com\/quitosano-fungico\/"},{"@type":"ListItem","position":2,"name":"Quitosano extra\u00eddo del hongo Aspergillus niger"}]},{"@type":"WebSite","@id":"https:\/\/chitosanlab.com\/quitosano-fungico\/#website","url":"https:\/\/chitosanlab.com\/quitosano-fungico\/","name":"","description":"quitosano de origen f\u00fangico","potentialAction":[{"@type":"SearchAction","target":{"@type":"EntryPoint","urlTemplate":"https:\/\/chitosanlab.com\/quitosano-fungico\/?s={search_term_string}"},"query-input":{"@type":"PropertyValueSpecification","valueRequired":true,"valueName":"search_term_string"}}],"inLanguage":"en-US"}]}},"_links":{"self":[{"href":"https:\/\/chitosanlab.com\/quitosano-fungico\/wp-json\/wp\/v2\/pages\/24","targetHints":{"allow":["GET"]}}],"collection":[{"href":"https:\/\/chitosanlab.com\/quitosano-fungico\/wp-json\/wp\/v2\/pages"}],"about":[{"href":"https:\/\/chitosanlab.com\/quitosano-fungico\/wp-json\/wp\/v2\/types\/page"}],"author":[{"embeddable":true,"href":"https:\/\/chitosanlab.com\/quitosano-fungico\/wp-json\/wp\/v2\/users\/2"}],"replies":[{"embeddable":true,"href":"https:\/\/chitosanlab.com\/quitosano-fungico\/wp-json\/wp\/v2\/comments?post=24"}],"version-history":[{"count":10,"href":"https:\/\/chitosanlab.com\/quitosano-fungico\/wp-json\/wp\/v2\/pages\/24\/revisions"}],"predecessor-version":[{"id":140,"href":"https:\/\/chitosanlab.com\/quitosano-fungico\/wp-json\/wp\/v2\/pages\/24\/revisions\/140"}],"wp:attachment":[{"href":"https:\/\/chitosanlab.com\/quitosano-fungico\/wp-json\/wp\/v2\/media?parent=24"}],"curies":[{"name":"wp","href":"https:\/\/api.w.org\/{rel}","templated":true}]}}