{"id":9,"date":"2017-02-04T14:15:07","date_gmt":"2017-02-04T14:15:07","guid":{"rendered":"http:\/\/chitosanlab.com\/quitosano-fungico\/?page_id=9"},"modified":"2017-11-18T13:54:29","modified_gmt":"2017-11-18T13:54:29","slug":"inicio","status":"publish","type":"page","link":"https:\/\/chitosanlab.com\/quitosano-fungico\/","title":{"rendered":"Inicio"},"content":{"rendered":"<p>Chitosanlab vegan se dedica al chitosan vegetal libre de productos de origen animal y no-alerg\u00e9nico. El quitosano f\u00fangico se extrae de setas y mohos. Porque no es t\u00f3xico, biodegradable, biocompatible y tiene efectos antimicrobianos: este biomaterial tiene un gran potencial para una variedad de aplicaciones. Mientras que las plantas de procesamiento de Chitin se encuentran en China, nuestra oficina de ventas est\u00e1 en Francia. En realidad trabajamos principalmente con clientes europeos. Nos esforzamos para construir relaciones a largo plazo del cliente basadas en confianza mutua y respeto. No dude en ponerse en contacto con nosotros para explicar su proyecto, haremos todo lo posible para satisfacer sus expectativas. Usted puede llamarnos todos los d\u00edas en +33 (0) 290 38 01 00. Estamos en condiciones de cumplir con grandes contratos, pero no s\u00f3lo, de hecho estamos encantados de aceptar \u00f3rdenes de 25 kg m\u00ednimo!<\/p>\n","protected":false},"excerpt":{"rendered":"<p>Chitosanlab vegan se dedica al chitosan vegetal libre de productos de origen animal y no-alerg\u00e9nico. El quitosano f\u00fangico se extrae de setas y mohos. Porque no es t\u00f3xico, biodegradable, biocompatible y tiene efectos antimicrobianos: este biomaterial tiene un gran potencial para una variedad de aplicaciones. Mientras que las plantas de procesamiento de Chitin se encuentran en China, nuestra oficina de ventas est\u00e1 en Francia. En realidad trabajamos principalmente con clientes europeos. Nos esforzamos para construir relaciones a largo plazo del cliente basadas en confianza mutua y respeto. No dude en ponerse en contacto con nosotros para explicar su proyecto, haremos todo lo posible para satisfacer sus expectativas. Usted puede llamarnos todos los d\u00edas en +33 (0) 290 38 01 00. Estamos en condiciones de cumplir con grandes contratos, pero no s\u00f3lo, de hecho estamos encantados de aceptar \u00f3rdenes de 25 kg m\u00ednimo!<\/p>\n","protected":false},"author":2,"featured_media":0,"parent":0,"menu_order":0,"comment_status":"closed","ping_status":"closed","template":"","meta":{"footnotes":""},"class_list":["post-9","page","type-page","status-publish","hentry"],"yoast_head":"<!-- This site is optimized with the Yoast SEO plugin v27.3 - https:\/\/yoast.com\/product\/yoast-seo-wordpress\/ -->\n<title>Quitosano vegetal productor<\/title>\n<meta name=\"description\" content=\"quitosano para perder peso. Quitosano es un polisac\u00e1rido natural con propiedades para atraer grasa del est\u00f3mago.\" \/>\n<meta name=\"robots\" content=\"index, follow, max-snippet:-1, max-image-preview:large, max-video-preview:-1\" \/>\n<link rel=\"canonical\" href=\"https:\/\/chitosanlab.com\/quitosano-fungico\/\" \/>\n<meta property=\"og:locale\" content=\"en_US\" \/>\n<meta property=\"og:type\" content=\"article\" \/>\n<meta property=\"og:title\" content=\"Quitosano vegetal productor\" \/>\n<meta property=\"og:description\" content=\"quitosano para perder peso. Quitosano es un polisac\u00e1rido natural con propiedades para atraer grasa del est\u00f3mago.\" \/>\n<meta property=\"og:url\" content=\"https:\/\/chitosanlab.com\/quitosano-fungico\/\" \/>\n<meta property=\"article:modified_time\" content=\"2017-11-18T13:54:29+00:00\" \/>\n<meta name=\"twitter:card\" content=\"summary_large_image\" \/>\n<meta name=\"twitter:label1\" content=\"Est. reading time\" \/>\n\t<meta name=\"twitter:data1\" content=\"1 minute\" \/>\n<script type=\"application\/ld+json\" class=\"yoast-schema-graph\">{\"@context\":\"https:\\\/\\\/schema.org\",\"@graph\":[{\"@type\":\"WebPage\",\"@id\":\"https:\\\/\\\/chitosanlab.com\\\/quitosano-fungico\\\/\",\"url\":\"https:\\\/\\\/chitosanlab.com\\\/quitosano-fungico\\\/\",\"name\":\"Quitosano vegetal productor\",\"isPartOf\":{\"@id\":\"https:\\\/\\\/chitosanlab.com\\\/quitosano-fungico\\\/#website\"},\"datePublished\":\"2017-02-04T14:15:07+00:00\",\"dateModified\":\"2017-11-18T13:54:29+00:00\",\"description\":\"quitosano para perder peso. Quitosano es un polisac\u00e1rido natural con propiedades para atraer grasa del est\u00f3mago.\",\"breadcrumb\":{\"@id\":\"https:\\\/\\\/chitosanlab.com\\\/quitosano-fungico\\\/#breadcrumb\"},\"inLanguage\":\"en-US\",\"potentialAction\":[{\"@type\":\"ReadAction\",\"target\":[\"https:\\\/\\\/chitosanlab.com\\\/quitosano-fungico\\\/\"]}]},{\"@type\":\"BreadcrumbList\",\"@id\":\"https:\\\/\\\/chitosanlab.com\\\/quitosano-fungico\\\/#breadcrumb\",\"itemListElement\":[{\"@type\":\"ListItem\",\"position\":1,\"name\":\"Home\",\"item\":\"https:\\\/\\\/chitosanlab.com\\\/quitosano-fungico\\\/\"},{\"@type\":\"ListItem\",\"position\":2,\"name\":\"Inicio\"}]},{\"@type\":\"WebSite\",\"@id\":\"https:\\\/\\\/chitosanlab.com\\\/quitosano-fungico\\\/#website\",\"url\":\"https:\\\/\\\/chitosanlab.com\\\/quitosano-fungico\\\/\",\"name\":\"\",\"description\":\"quitosano de origen f\u00fangico\",\"potentialAction\":[{\"@type\":\"SearchAction\",\"target\":{\"@type\":\"EntryPoint\",\"urlTemplate\":\"https:\\\/\\\/chitosanlab.com\\\/quitosano-fungico\\\/?s={search_term_string}\"},\"query-input\":{\"@type\":\"PropertyValueSpecification\",\"valueRequired\":true,\"valueName\":\"search_term_string\"}}],\"inLanguage\":\"en-US\"}]}<\/script>\n<!-- \/ Yoast SEO plugin. -->","yoast_head_json":{"title":"Quitosano vegetal productor","description":"quitosano para perder peso. Quitosano es un polisac\u00e1rido natural con propiedades para atraer grasa del est\u00f3mago.","robots":{"index":"index","follow":"follow","max-snippet":"max-snippet:-1","max-image-preview":"max-image-preview:large","max-video-preview":"max-video-preview:-1"},"canonical":"https:\/\/chitosanlab.com\/quitosano-fungico\/","og_locale":"en_US","og_type":"article","og_title":"Quitosano vegetal productor","og_description":"quitosano para perder peso. Quitosano es un polisac\u00e1rido natural con propiedades para atraer grasa del est\u00f3mago.","og_url":"https:\/\/chitosanlab.com\/quitosano-fungico\/","article_modified_time":"2017-11-18T13:54:29+00:00","twitter_card":"summary_large_image","twitter_misc":{"Est. reading time":"1 minute"},"schema":{"@context":"https:\/\/schema.org","@graph":[{"@type":"WebPage","@id":"https:\/\/chitosanlab.com\/quitosano-fungico\/","url":"https:\/\/chitosanlab.com\/quitosano-fungico\/","name":"Quitosano vegetal productor","isPartOf":{"@id":"https:\/\/chitosanlab.com\/quitosano-fungico\/#website"},"datePublished":"2017-02-04T14:15:07+00:00","dateModified":"2017-11-18T13:54:29+00:00","description":"quitosano para perder peso. Quitosano es un polisac\u00e1rido natural con propiedades para atraer grasa del est\u00f3mago.","breadcrumb":{"@id":"https:\/\/chitosanlab.com\/quitosano-fungico\/#breadcrumb"},"inLanguage":"en-US","potentialAction":[{"@type":"ReadAction","target":["https:\/\/chitosanlab.com\/quitosano-fungico\/"]}]},{"@type":"BreadcrumbList","@id":"https:\/\/chitosanlab.com\/quitosano-fungico\/#breadcrumb","itemListElement":[{"@type":"ListItem","position":1,"name":"Home","item":"https:\/\/chitosanlab.com\/quitosano-fungico\/"},{"@type":"ListItem","position":2,"name":"Inicio"}]},{"@type":"WebSite","@id":"https:\/\/chitosanlab.com\/quitosano-fungico\/#website","url":"https:\/\/chitosanlab.com\/quitosano-fungico\/","name":"","description":"quitosano de origen f\u00fangico","potentialAction":[{"@type":"SearchAction","target":{"@type":"EntryPoint","urlTemplate":"https:\/\/chitosanlab.com\/quitosano-fungico\/?s={search_term_string}"},"query-input":{"@type":"PropertyValueSpecification","valueRequired":true,"valueName":"search_term_string"}}],"inLanguage":"en-US"}]}},"_links":{"self":[{"href":"https:\/\/chitosanlab.com\/quitosano-fungico\/wp-json\/wp\/v2\/pages\/9","targetHints":{"allow":["GET"]}}],"collection":[{"href":"https:\/\/chitosanlab.com\/quitosano-fungico\/wp-json\/wp\/v2\/pages"}],"about":[{"href":"https:\/\/chitosanlab.com\/quitosano-fungico\/wp-json\/wp\/v2\/types\/page"}],"author":[{"embeddable":true,"href":"https:\/\/chitosanlab.com\/quitosano-fungico\/wp-json\/wp\/v2\/users\/2"}],"replies":[{"embeddable":true,"href":"https:\/\/chitosanlab.com\/quitosano-fungico\/wp-json\/wp\/v2\/comments?post=9"}],"version-history":[{"count":5,"href":"https:\/\/chitosanlab.com\/quitosano-fungico\/wp-json\/wp\/v2\/pages\/9\/revisions"}],"predecessor-version":[{"id":148,"href":"https:\/\/chitosanlab.com\/quitosano-fungico\/wp-json\/wp\/v2\/pages\/9\/revisions\/148"}],"wp:attachment":[{"href":"https:\/\/chitosanlab.com\/quitosano-fungico\/wp-json\/wp\/v2\/media?parent=9"}],"curies":[{"name":"wp","href":"https:\/\/api.w.org\/{rel}","templated":true}]}}